{"id":80408,"date":"2020-09-15T09:47:17","date_gmt":"2020-09-15T07:47:17","guid":{"rendered":"https:\/\/www.exoclick.com\/?page_id=80408"},"modified":"2020-09-15T12:28:11","modified_gmt":"2020-09-15T10:28:11","slug":"bem-vindo-ao-exoclick","status":"publish","type":"page","link":"https:\/\/www.exoclick.com\/pt-pt\/increver-se\/bem-vindo-ao-exoclick\/","title":{"rendered":"Bem-vindo ao ExoClick!"},"content":{"rendered":"\n<p><strong>Obrigado por se inscrever na ExoClick!<\/strong><\/p>\n\n\n\n<p>Verifique o seu endere\u00e7o de e-mail clicando no link que foi enviado para o e-mail que usou para registar a sua conta.<\/p>\n\n\n\n<p>Para come\u00e7ar verifique a nossa <a href=\"https:\/\/docs.exoclick.com\/\" target=\"_blank\" rel=\"noreferrer noopener\" aria-label=\"documenta\u00e7\u00e3o e perguntas frequentes (opens in a new tab)\">documenta\u00e7\u00e3o e perguntas frequentes<\/a>, e o nosso <a href=\"https:\/\/www.exoclick.com\/about-us\/blog\/\" target=\"_blank\" rel=\"noreferrer noopener\" aria-label=\"blog (opens in a new tab)\">blog<\/a> para dicas e tutoriais.<\/p>\n\n\n\n<p><\/p>\n\n\n\n<p><\/p>\n","protected":false},"excerpt":{"rendered":"<p>Obrigado por se inscrever na ExoClick! Verifique o seu endere\u00e7o de e-mail clicando no link que foi enviado para o e-mail que usou para registar a sua conta. Para come\u00e7ar verifique a nossa documenta\u00e7\u00e3o e perguntas frequentes, e o nosso blog para dicas e tutoriais.<\/p>\n","protected":false},"author":5,"featured_media":0,"parent":3378,"menu_order":0,"comment_status":"open","ping_status":"open","template":"","meta":[],"yoast_head":"<!-- This site is optimized with the Yoast SEO Premium plugin v19.4 (Yoast SEO v18.0) - https:\/\/yoast.com\/wordpress\/plugins\/seo\/ -->\n<meta name=\"robots\" content=\"index, follow, max-snippet:-1, max-image-preview:large, max-video-preview:-1\" \/>\n<link rel=\"canonical\" href=\"https:\/\/www.exoclick.com\/pt-pt\/increver-se\/bem-vindo-ao-exoclick\/\" \/>\n<meta property=\"og:locale\" content=\"pt_PT\" \/>\n<meta property=\"og:type\" content=\"article\" \/>\n<meta property=\"og:title\" content=\"Bem-vindo ao ExoClick! - ExoClick\" \/>\n<meta property=\"og:description\" content=\"Obrigado por se inscrever na ExoClick! Verifique o seu endere\u00e7o de e-mail clicando no link que foi enviado para o e-mail que usou para registar a sua conta. Para come\u00e7ar verifique a nossa documenta\u00e7\u00e3o e perguntas frequentes, e o nosso blog para dicas e tutoriais.\" \/>\n<meta property=\"og:url\" content=\"https:\/\/www.exoclick.com\/pt-pt\/increver-se\/bem-vindo-ao-exoclick\/\" \/>\n<meta property=\"og:site_name\" content=\"ExoClick\" \/>\n<meta property=\"article:modified_time\" content=\"2020-09-15T10:28:11+00:00\" \/>\n<meta property=\"og:image\" content=\"https:\/\/www.exoclick.com\/wp-content\/uploads\/2018\/09\/ExoClick-1200x600.png\" \/>\n<script type=\"application\/ld+json\" class=\"yoast-schema-graph\">{\"@context\":\"https:\/\/schema.org\",\"@graph\":[{\"@type\":\"Organization\",\"@id\":\"https:\/\/www.exoclick.com\/#organization\",\"name\":\"ExoClick\",\"url\":\"https:\/\/www.exoclick.com\/\",\"sameAs\":[],\"logo\":{\"@type\":\"ImageObject\",\"@id\":\"https:\/\/www.exoclick.com\/#logo\",\"inLanguage\":\"pt-PT\",\"url\":\"https:\/\/www.exoclick.com\/wp-content\/uploads\/2015\/04\/exoclick_new_baseline.png\",\"contentUrl\":\"https:\/\/www.exoclick.com\/wp-content\/uploads\/2015\/04\/exoclick_new_baseline.png\",\"width\":1500,\"height\":613,\"caption\":\"ExoClick\"},\"image\":{\"@id\":\"https:\/\/www.exoclick.com\/#logo\"}},{\"@type\":\"WebSite\",\"@id\":\"https:\/\/www.exoclick.com\/#website\",\"url\":\"https:\/\/www.exoclick.com\/\",\"name\":\"ExoClick\",\"description\":\"The innovative ad network\",\"publisher\":{\"@id\":\"https:\/\/www.exoclick.com\/#organization\"},\"potentialAction\":[{\"@type\":\"SearchAction\",\"target\":{\"@type\":\"EntryPoint\",\"urlTemplate\":\"https:\/\/www.exoclick.com\/?s={search_term_string}\"},\"query-input\":\"required name=search_term_string\"}],\"inLanguage\":\"pt-PT\"},{\"@type\":\"WebPage\",\"@id\":\"https:\/\/www.exoclick.com\/pt-pt\/increver-se\/bem-vindo-ao-exoclick\/#webpage\",\"url\":\"https:\/\/www.exoclick.com\/pt-pt\/increver-se\/bem-vindo-ao-exoclick\/\",\"name\":\"Bem-vindo ao ExoClick! - ExoClick\",\"isPartOf\":{\"@id\":\"https:\/\/www.exoclick.com\/#website\"},\"datePublished\":\"2020-09-15T07:47:17+00:00\",\"dateModified\":\"2020-09-15T10:28:11+00:00\",\"breadcrumb\":{\"@id\":\"https:\/\/www.exoclick.com\/pt-pt\/increver-se\/bem-vindo-ao-exoclick\/#breadcrumb\"},\"inLanguage\":\"pt-PT\",\"potentialAction\":[{\"@type\":\"ReadAction\",\"target\":[\"https:\/\/www.exoclick.com\/pt-pt\/increver-se\/bem-vindo-ao-exoclick\/\"]}]},{\"@type\":\"BreadcrumbList\",\"@id\":\"https:\/\/www.exoclick.com\/pt-pt\/increver-se\/bem-vindo-ao-exoclick\/#breadcrumb\",\"itemListElement\":[{\"@type\":\"ListItem\",\"position\":1,\"name\":\"Home\",\"item\":\"https:\/\/www.exoclick.com\/pt-pt\/\"},{\"@type\":\"ListItem\",\"position\":2,\"name\":\"Increver-se\",\"item\":\"https:\/\/www.exoclick.com\/pt-pt\/increver-se\/\"},{\"@type\":\"ListItem\",\"position\":3,\"name\":\"Bem-vindo ao ExoClick!\"}]}]}<\/script>\n<!-- \/ Yoast SEO Premium plugin. -->","yoast_head_json":{"robots":{"index":"index","follow":"follow","max-snippet":"max-snippet:-1","max-image-preview":"max-image-preview:large","max-video-preview":"max-video-preview:-1"},"canonical":"https:\/\/www.exoclick.com\/pt-pt\/increver-se\/bem-vindo-ao-exoclick\/","og_locale":"pt_PT","og_type":"article","og_title":"Bem-vindo ao ExoClick! - ExoClick","og_description":"Obrigado por se inscrever na ExoClick! Verifique o seu endere\u00e7o de e-mail clicando no link que foi enviado para o e-mail que usou para registar a sua conta. Para come\u00e7ar verifique a nossa documenta\u00e7\u00e3o e perguntas frequentes, e o nosso blog para dicas e tutoriais.","og_url":"https:\/\/www.exoclick.com\/pt-pt\/increver-se\/bem-vindo-ao-exoclick\/","og_site_name":"ExoClick","article_modified_time":"2020-09-15T10:28:11+00:00","og_image":[{"url":"https:\/\/www.exoclick.com\/wp-content\/uploads\/2018\/09\/ExoClick-1200x600.png"}],"schema":{"@context":"https:\/\/schema.org","@graph":[{"@type":"Organization","@id":"https:\/\/www.exoclick.com\/#organization","name":"ExoClick","url":"https:\/\/www.exoclick.com\/","sameAs":[],"logo":{"@type":"ImageObject","@id":"https:\/\/www.exoclick.com\/#logo","inLanguage":"pt-PT","url":"https:\/\/www.exoclick.com\/wp-content\/uploads\/2015\/04\/exoclick_new_baseline.png","contentUrl":"https:\/\/www.exoclick.com\/wp-content\/uploads\/2015\/04\/exoclick_new_baseline.png","width":1500,"height":613,"caption":"ExoClick"},"image":{"@id":"https:\/\/www.exoclick.com\/#logo"}},{"@type":"WebSite","@id":"https:\/\/www.exoclick.com\/#website","url":"https:\/\/www.exoclick.com\/","name":"ExoClick","description":"The innovative ad network","publisher":{"@id":"https:\/\/www.exoclick.com\/#organization"},"potentialAction":[{"@type":"SearchAction","target":{"@type":"EntryPoint","urlTemplate":"https:\/\/www.exoclick.com\/?s={search_term_string}"},"query-input":"required name=search_term_string"}],"inLanguage":"pt-PT"},{"@type":"WebPage","@id":"https:\/\/www.exoclick.com\/pt-pt\/increver-se\/bem-vindo-ao-exoclick\/#webpage","url":"https:\/\/www.exoclick.com\/pt-pt\/increver-se\/bem-vindo-ao-exoclick\/","name":"Bem-vindo ao ExoClick! - ExoClick","isPartOf":{"@id":"https:\/\/www.exoclick.com\/#website"},"datePublished":"2020-09-15T07:47:17+00:00","dateModified":"2020-09-15T10:28:11+00:00","breadcrumb":{"@id":"https:\/\/www.exoclick.com\/pt-pt\/increver-se\/bem-vindo-ao-exoclick\/#breadcrumb"},"inLanguage":"pt-PT","potentialAction":[{"@type":"ReadAction","target":["https:\/\/www.exoclick.com\/pt-pt\/increver-se\/bem-vindo-ao-exoclick\/"]}]},{"@type":"BreadcrumbList","@id":"https:\/\/www.exoclick.com\/pt-pt\/increver-se\/bem-vindo-ao-exoclick\/#breadcrumb","itemListElement":[{"@type":"ListItem","position":1,"name":"Home","item":"https:\/\/www.exoclick.com\/pt-pt\/"},{"@type":"ListItem","position":2,"name":"Increver-se","item":"https:\/\/www.exoclick.com\/pt-pt\/increver-se\/"},{"@type":"ListItem","position":3,"name":"Bem-vindo ao ExoClick!"}]}]}},"_links":{"self":[{"href":"https:\/\/www.exoclick.com\/pt-pt\/wp-json\/wp\/v2\/pages\/80408"}],"collection":[{"href":"https:\/\/www.exoclick.com\/pt-pt\/wp-json\/wp\/v2\/pages"}],"about":[{"href":"https:\/\/www.exoclick.com\/pt-pt\/wp-json\/wp\/v2\/types\/page"}],"author":[{"embeddable":true,"href":"https:\/\/www.exoclick.com\/pt-pt\/wp-json\/wp\/v2\/users\/5"}],"replies":[{"embeddable":true,"href":"https:\/\/www.exoclick.com\/pt-pt\/wp-json\/wp\/v2\/comments?post=80408"}],"version-history":[{"count":2,"href":"https:\/\/www.exoclick.com\/pt-pt\/wp-json\/wp\/v2\/pages\/80408\/revisions"}],"predecessor-version":[{"id":80412,"href":"https:\/\/www.exoclick.com\/pt-pt\/wp-json\/wp\/v2\/pages\/80408\/revisions\/80412"}],"up":[{"embeddable":true,"href":"https:\/\/www.exoclick.com\/pt-pt\/wp-json\/wp\/v2\/pages\/3378"}],"wp:attachment":[{"href":"https:\/\/www.exoclick.com\/pt-pt\/wp-json\/wp\/v2\/media?parent=80408"}],"curies":[{"name":"wp","href":"https:\/\/api.w.org\/{rel}","templated":true}]}}