{"id":78000,"date":"2020-05-11T12:40:41","date_gmt":"2020-05-11T10:40:41","guid":{"rendered":"https:\/\/www.exoclick.com\/?page_id=78000"},"modified":"2026-02-11T12:25:44","modified_gmt":"2026-02-11T11:25:44","slug":"sobre-nos","status":"publish","type":"page","link":"https:\/\/www.exoclick.com\/pt-pt\/sobre-nos\/","title":{"rendered":"Sobre n\u00f3s"},"content":{"rendered":"<p>ExoClick, a inovadora empresa de an\u00bauncios, proporciona dois canais para anunciantes e editores: Ad Exchange e Ad network.<\/p>\n<p>A nossa Ad Exchange possibilita que os editores monetizem o seu tr\u00e1fego n\u00e3o s\u00f3 na ExoClick, mas tamb\u00e9m em oturas redes e DSPs. Atualmente a Ad Exchange da ExoClick possui conetados mais de 30 clientes e continua a adicionar mais a cada dia.<\/p>\n<p>A nossa Ad Network servindo mais de 600 bili\u00f5es de anuncios geo-localizados por m\u00eas, a uma rede global de 65,000 publishers mobile\/web.<\/p>\n<p>N\u00f3s oferecemos mais de 20 formatos distintos, targeting otimizado e retargeting comportamental, acesso a estatisticas big data e ferramentas de analise estrat\u00e9gica para melhorar o ROI, data-refresh a cada 60 segs, day parting e apoio ao cliente 24\/7. A nossa API permite aos developers criar os seus proprios add-ons para processos programaticos.<\/p>\n","protected":false},"excerpt":{"rendered":"<p>ExoClick, a inovadora empresa de an\u00bauncios, proporciona dois canais para anunciantes e editores: Ad Exchange e Ad network. A nossa Ad Exchange possibilita que os editores monetizem o seu tr\u00e1fego n\u00e3o s\u00f3 na ExoClick, mas tamb\u00e9m em oturas redes e DSPs. Atualmente a Ad Exchange da ExoClick possui conetados mais de 30 clientes e continua [&hellip;]<\/p>\n","protected":false},"author":1234,"featured_media":96952,"parent":0,"menu_order":0,"comment_status":"open","ping_status":"closed","template":"page-about-roadmap.php","meta":[],"yoast_head":"<!-- This site is optimized with the Yoast SEO Premium plugin v19.4 (Yoast SEO v19.9) - https:\/\/yoast.com\/wordpress\/plugins\/seo\/ -->\n<title>Sobre n\u00f3s - ExoClick<\/title>\n<meta name=\"description\" content=\"A rede de publicidade n\u00famero 1 no setor de entretenimento, servindo mais de 13 bilh\u00f5es de an\u00fancios geo-direcionados diariamente para anunciantes e editores web e m\u00f3veis em todo o mundo.\" \/>\n<meta name=\"robots\" content=\"index, follow, max-snippet:-1, max-image-preview:large, max-video-preview:-1\" \/>\n<link rel=\"canonical\" href=\"https:\/\/www.exoclick.com\/pt-pt\/sobre-nos\/\" \/>\n<meta property=\"og:locale\" content=\"pt_PT\" \/>\n<meta property=\"og:type\" content=\"article\" \/>\n<meta property=\"og:title\" content=\"Sobre n\u00f3s\" \/>\n<meta property=\"og:description\" content=\"A rede de publicidade n\u00famero 1 no setor de entretenimento, servindo mais de 13 bilh\u00f5es de an\u00fancios geo-direcionados diariamente para anunciantes e editores web e m\u00f3veis em todo o mundo.\" \/>\n<meta property=\"og:url\" content=\"https:\/\/www.exoclick.com\/pt-pt\/sobre-nos\/\" \/>\n<meta property=\"og:site_name\" content=\"ExoClick\" \/>\n<meta property=\"article:modified_time\" content=\"2026-02-11T11:25:44+00:00\" \/>\n<meta property=\"og:image\" content=\"https:\/\/www.exoclick.com\/wp-content\/uploads\/2023\/10\/teambuilding-website.png\" \/>\n\t<meta property=\"og:image:width\" content=\"1000\" \/>\n\t<meta property=\"og:image:height\" content=\"1000\" \/>\n\t<meta property=\"og:image:type\" content=\"image\/png\" \/>\n<meta name=\"twitter:label1\" content=\"Est. reading time\" \/>\n\t<meta name=\"twitter:data1\" content=\"1 minute\" \/>\n<script type=\"application\/ld+json\" class=\"yoast-schema-graph\">{\"@context\":\"https:\/\/schema.org\",\"@graph\":[{\"@type\":\"WebPage\",\"@id\":\"https:\/\/www.exoclick.com\/pt-pt\/sobre-nos\/\",\"url\":\"https:\/\/www.exoclick.com\/pt-pt\/sobre-nos\/\",\"name\":\"Sobre n\u00f3s - ExoClick\",\"isPartOf\":{\"@id\":\"https:\/\/www.exoclick.com\/#website\"},\"datePublished\":\"2020-05-11T10:40:41+00:00\",\"dateModified\":\"2026-02-11T11:25:44+00:00\",\"description\":\"A rede de publicidade n\u00famero 1 no setor de entretenimento, servindo mais de 13 bilh\u00f5es de an\u00fancios geo-direcionados diariamente para anunciantes e editores web e m\u00f3veis em todo o mundo.\",\"breadcrumb\":{\"@id\":\"https:\/\/www.exoclick.com\/pt-pt\/sobre-nos\/#breadcrumb\"},\"inLanguage\":\"pt-PT\",\"potentialAction\":[{\"@type\":\"ReadAction\",\"target\":[\"https:\/\/www.exoclick.com\/pt-pt\/sobre-nos\/\"]}]},{\"@type\":\"BreadcrumbList\",\"@id\":\"https:\/\/www.exoclick.com\/pt-pt\/sobre-nos\/#breadcrumb\",\"itemListElement\":[{\"@type\":\"ListItem\",\"position\":1,\"name\":\"Home\",\"item\":\"https:\/\/www.exoclick.com\/pt-pt\/\"},{\"@type\":\"ListItem\",\"position\":2,\"name\":\"Sobre n\u00f3s\"}]},{\"@type\":\"WebSite\",\"@id\":\"https:\/\/www.exoclick.com\/#website\",\"url\":\"https:\/\/www.exoclick.com\/\",\"name\":\"ExoClick\",\"description\":\"The innovative ad network\",\"publisher\":{\"@id\":\"https:\/\/www.exoclick.com\/#organization\"},\"potentialAction\":[{\"@type\":\"SearchAction\",\"target\":{\"@type\":\"EntryPoint\",\"urlTemplate\":\"https:\/\/www.exoclick.com\/?s={search_term_string}\"},\"query-input\":\"required name=search_term_string\"}],\"inLanguage\":\"pt-PT\"},{\"@type\":\"Organization\",\"@id\":\"https:\/\/www.exoclick.com\/#organization\",\"name\":\"ExoClick\",\"url\":\"https:\/\/www.exoclick.com\/\",\"logo\":{\"@type\":\"ImageObject\",\"inLanguage\":\"pt-PT\",\"@id\":\"https:\/\/www.exoclick.com\/#\/schema\/logo\/image\/\",\"url\":\"https:\/\/www.exoclick.com\/wp-content\/uploads\/2015\/04\/exoclick_new_baseline.png\",\"contentUrl\":\"https:\/\/www.exoclick.com\/wp-content\/uploads\/2015\/04\/exoclick_new_baseline.png\",\"width\":1500,\"height\":613,\"caption\":\"ExoClick\"},\"image\":{\"@id\":\"https:\/\/www.exoclick.com\/#\/schema\/logo\/image\/\"}}]}<\/script>\n<!-- \/ Yoast SEO Premium plugin. -->","yoast_head_json":{"title":"Sobre n\u00f3s - ExoClick","description":"A rede de publicidade n\u00famero 1 no setor de entretenimento, servindo mais de 13 bilh\u00f5es de an\u00fancios geo-direcionados diariamente para anunciantes e editores web e m\u00f3veis em todo o mundo.","robots":{"index":"index","follow":"follow","max-snippet":"max-snippet:-1","max-image-preview":"max-image-preview:large","max-video-preview":"max-video-preview:-1"},"canonical":"https:\/\/www.exoclick.com\/pt-pt\/sobre-nos\/","og_locale":"pt_PT","og_type":"article","og_title":"Sobre n\u00f3s","og_description":"A rede de publicidade n\u00famero 1 no setor de entretenimento, servindo mais de 13 bilh\u00f5es de an\u00fancios geo-direcionados diariamente para anunciantes e editores web e m\u00f3veis em todo o mundo.","og_url":"https:\/\/www.exoclick.com\/pt-pt\/sobre-nos\/","og_site_name":"ExoClick","article_modified_time":"2026-02-11T11:25:44+00:00","og_image":[{"width":1000,"height":1000,"url":"https:\/\/www.exoclick.com\/wp-content\/uploads\/2023\/10\/teambuilding-website.png","type":"image\/png"}],"twitter_misc":{"Est. reading time":"1 minute"},"schema":{"@context":"https:\/\/schema.org","@graph":[{"@type":"WebPage","@id":"https:\/\/www.exoclick.com\/pt-pt\/sobre-nos\/","url":"https:\/\/www.exoclick.com\/pt-pt\/sobre-nos\/","name":"Sobre n\u00f3s - ExoClick","isPartOf":{"@id":"https:\/\/www.exoclick.com\/#website"},"datePublished":"2020-05-11T10:40:41+00:00","dateModified":"2026-02-11T11:25:44+00:00","description":"A rede de publicidade n\u00famero 1 no setor de entretenimento, servindo mais de 13 bilh\u00f5es de an\u00fancios geo-direcionados diariamente para anunciantes e editores web e m\u00f3veis em todo o mundo.","breadcrumb":{"@id":"https:\/\/www.exoclick.com\/pt-pt\/sobre-nos\/#breadcrumb"},"inLanguage":"pt-PT","potentialAction":[{"@type":"ReadAction","target":["https:\/\/www.exoclick.com\/pt-pt\/sobre-nos\/"]}]},{"@type":"BreadcrumbList","@id":"https:\/\/www.exoclick.com\/pt-pt\/sobre-nos\/#breadcrumb","itemListElement":[{"@type":"ListItem","position":1,"name":"Home","item":"https:\/\/www.exoclick.com\/pt-pt\/"},{"@type":"ListItem","position":2,"name":"Sobre n\u00f3s"}]},{"@type":"WebSite","@id":"https:\/\/www.exoclick.com\/#website","url":"https:\/\/www.exoclick.com\/","name":"ExoClick","description":"The innovative ad network","publisher":{"@id":"https:\/\/www.exoclick.com\/#organization"},"potentialAction":[{"@type":"SearchAction","target":{"@type":"EntryPoint","urlTemplate":"https:\/\/www.exoclick.com\/?s={search_term_string}"},"query-input":"required name=search_term_string"}],"inLanguage":"pt-PT"},{"@type":"Organization","@id":"https:\/\/www.exoclick.com\/#organization","name":"ExoClick","url":"https:\/\/www.exoclick.com\/","logo":{"@type":"ImageObject","inLanguage":"pt-PT","@id":"https:\/\/www.exoclick.com\/#\/schema\/logo\/image\/","url":"https:\/\/www.exoclick.com\/wp-content\/uploads\/2015\/04\/exoclick_new_baseline.png","contentUrl":"https:\/\/www.exoclick.com\/wp-content\/uploads\/2015\/04\/exoclick_new_baseline.png","width":1500,"height":613,"caption":"ExoClick"},"image":{"@id":"https:\/\/www.exoclick.com\/#\/schema\/logo\/image\/"}}]}},"_links":{"self":[{"href":"https:\/\/www.exoclick.com\/pt-pt\/wp-json\/wp\/v2\/pages\/78000"}],"collection":[{"href":"https:\/\/www.exoclick.com\/pt-pt\/wp-json\/wp\/v2\/pages"}],"about":[{"href":"https:\/\/www.exoclick.com\/pt-pt\/wp-json\/wp\/v2\/types\/page"}],"author":[{"embeddable":true,"href":"https:\/\/www.exoclick.com\/pt-pt\/wp-json\/wp\/v2\/users\/1234"}],"replies":[{"embeddable":true,"href":"https:\/\/www.exoclick.com\/pt-pt\/wp-json\/wp\/v2\/comments?post=78000"}],"version-history":[{"count":24,"href":"https:\/\/www.exoclick.com\/pt-pt\/wp-json\/wp\/v2\/pages\/78000\/revisions"}],"predecessor-version":[{"id":108817,"href":"https:\/\/www.exoclick.com\/pt-pt\/wp-json\/wp\/v2\/pages\/78000\/revisions\/108817"}],"wp:featuredmedia":[{"embeddable":true,"href":"https:\/\/www.exoclick.com\/pt-pt\/wp-json\/wp\/v2\/media\/96952"}],"wp:attachment":[{"href":"https:\/\/www.exoclick.com\/pt-pt\/wp-json\/wp\/v2\/media?parent=78000"}],"curies":[{"name":"wp","href":"https:\/\/api.w.org\/{rel}","templated":true}]}}