{"id":4009,"date":"2014-02-21T13:40:49","date_gmt":"2014-02-21T12:40:49","guid":{"rendered":"https:\/\/www.exoclick.com\/?page_id=4009"},"modified":"2019-10-21T15:31:31","modified_gmt":"2019-10-21T13:31:31","slug":"retargeting-old","status":"publish","type":"page","link":"https:\/\/www.exoclick.com\/pt-pt\/anunciantes\/retargeting-old\/","title":{"rendered":"Retargeting"},"content":{"rendered":"<p>Retargeting \u00e9 a ideia de voltar a targetear usuarios especificos que ja demonstraram algum interesse no seu produto ou marca. \u00c9 habitual que apenas 2% dos potenciais compradores completem a compra durante a primeira visita. Retargeting devolve os restantes 98%.<\/p>\n","protected":false},"excerpt":{"rendered":"<p>Retargeting \u00e9 a ideia de voltar a targetear usuarios especificos que ja demonstraram algum interesse no seu produto ou marca. \u00c9 habitual que apenas 2% dos potenciais compradores completem a compra durante a primeira visita. Retargeting devolve os restantes 98%.<\/p>\n","protected":false},"author":5,"featured_media":0,"parent":3016,"menu_order":0,"comment_status":"open","ping_status":"closed","template":"page-retargeting.php","meta":[],"yoast_head":"<!-- This site is optimized with the Yoast SEO Premium plugin v19.4 (Yoast SEO v18.0) - https:\/\/yoast.com\/wordpress\/plugins\/seo\/ -->\n<meta name=\"description\" content=\"Nossa redirecionamento gera maiores vendas, mantendo a sua marca vis\u00edvel e trazer os usu\u00e1rios de alto valor para seu site quando eles est\u00e3o prontos para comprar.\" \/>\n<meta name=\"robots\" content=\"index, follow, max-snippet:-1, max-image-preview:large, max-video-preview:-1\" \/>\n<link rel=\"canonical\" href=\"https:\/\/www.exoclick.com\/pt-pt\/anunciantes\/retargeting-old\/\" \/>\n<meta property=\"og:locale\" content=\"pt_PT\" \/>\n<meta property=\"og:type\" content=\"article\" \/>\n<meta property=\"og:title\" content=\"Retargeting - ExoClick\" \/>\n<meta property=\"og:description\" content=\"Nossa redirecionamento gera maiores vendas, mantendo a sua marca vis\u00edvel e trazer os usu\u00e1rios de alto valor para seu site quando eles est\u00e3o prontos para comprar.\" \/>\n<meta property=\"og:url\" content=\"https:\/\/www.exoclick.com\/pt-pt\/anunciantes\/retargeting-old\/\" \/>\n<meta property=\"og:site_name\" content=\"ExoClick\" \/>\n<meta property=\"article:modified_time\" content=\"2019-10-21T13:31:31+00:00\" \/>\n<meta property=\"og:image\" content=\"https:\/\/www.exoclick.com\/wp-content\/uploads\/2018\/09\/ExoClick-1200x600.png\" \/>\n<script type=\"application\/ld+json\" class=\"yoast-schema-graph\">{\"@context\":\"https:\/\/schema.org\",\"@graph\":[{\"@type\":\"Organization\",\"@id\":\"https:\/\/www.exoclick.com\/#organization\",\"name\":\"ExoClick\",\"url\":\"https:\/\/www.exoclick.com\/\",\"sameAs\":[],\"logo\":{\"@type\":\"ImageObject\",\"@id\":\"https:\/\/www.exoclick.com\/#logo\",\"inLanguage\":\"pt-PT\",\"url\":\"https:\/\/www.exoclick.com\/wp-content\/uploads\/2015\/04\/exoclick_new_baseline.png\",\"contentUrl\":\"https:\/\/www.exoclick.com\/wp-content\/uploads\/2015\/04\/exoclick_new_baseline.png\",\"width\":1500,\"height\":613,\"caption\":\"ExoClick\"},\"image\":{\"@id\":\"https:\/\/www.exoclick.com\/#logo\"}},{\"@type\":\"WebSite\",\"@id\":\"https:\/\/www.exoclick.com\/#website\",\"url\":\"https:\/\/www.exoclick.com\/\",\"name\":\"ExoClick\",\"description\":\"The innovative ad network\",\"publisher\":{\"@id\":\"https:\/\/www.exoclick.com\/#organization\"},\"potentialAction\":[{\"@type\":\"SearchAction\",\"target\":{\"@type\":\"EntryPoint\",\"urlTemplate\":\"https:\/\/www.exoclick.com\/?s={search_term_string}\"},\"query-input\":\"required name=search_term_string\"}],\"inLanguage\":\"pt-PT\"},{\"@type\":\"WebPage\",\"@id\":\"https:\/\/www.exoclick.com\/pt-pt\/anunciantes\/retargeting-old\/#webpage\",\"url\":\"https:\/\/www.exoclick.com\/pt-pt\/anunciantes\/retargeting-old\/\",\"name\":\"Retargeting - ExoClick\",\"isPartOf\":{\"@id\":\"https:\/\/www.exoclick.com\/#website\"},\"datePublished\":\"2014-02-21T12:40:49+00:00\",\"dateModified\":\"2019-10-21T13:31:31+00:00\",\"description\":\"Nossa redirecionamento gera maiores vendas, mantendo a sua marca vis\u00edvel e trazer os usu\u00e1rios de alto valor para seu site quando eles est\u00e3o prontos para comprar.\",\"breadcrumb\":{\"@id\":\"https:\/\/www.exoclick.com\/pt-pt\/anunciantes\/retargeting-old\/#breadcrumb\"},\"inLanguage\":\"pt-PT\",\"potentialAction\":[{\"@type\":\"ReadAction\",\"target\":[\"https:\/\/www.exoclick.com\/pt-pt\/anunciantes\/retargeting-old\/\"]}]},{\"@type\":\"BreadcrumbList\",\"@id\":\"https:\/\/www.exoclick.com\/pt-pt\/anunciantes\/retargeting-old\/#breadcrumb\",\"itemListElement\":[{\"@type\":\"ListItem\",\"position\":1,\"name\":\"Home\",\"item\":\"https:\/\/www.exoclick.com\/pt-pt\/\"},{\"@type\":\"ListItem\",\"position\":2,\"name\":\"Anunciantes\",\"item\":\"https:\/\/www.exoclick.com\/pt-pt\/anunciantes\/\"},{\"@type\":\"ListItem\",\"position\":3,\"name\":\"Retargeting\"}]}]}<\/script>\n<!-- \/ Yoast SEO Premium plugin. -->","yoast_head_json":{"description":"Nossa redirecionamento gera maiores vendas, mantendo a sua marca vis\u00edvel e trazer os usu\u00e1rios de alto valor para seu site quando eles est\u00e3o prontos para comprar.","robots":{"index":"index","follow":"follow","max-snippet":"max-snippet:-1","max-image-preview":"max-image-preview:large","max-video-preview":"max-video-preview:-1"},"canonical":"https:\/\/www.exoclick.com\/pt-pt\/anunciantes\/retargeting-old\/","og_locale":"pt_PT","og_type":"article","og_title":"Retargeting - ExoClick","og_description":"Nossa redirecionamento gera maiores vendas, mantendo a sua marca vis\u00edvel e trazer os usu\u00e1rios de alto valor para seu site quando eles est\u00e3o prontos para comprar.","og_url":"https:\/\/www.exoclick.com\/pt-pt\/anunciantes\/retargeting-old\/","og_site_name":"ExoClick","article_modified_time":"2019-10-21T13:31:31+00:00","og_image":[{"url":"https:\/\/www.exoclick.com\/wp-content\/uploads\/2018\/09\/ExoClick-1200x600.png"}],"schema":{"@context":"https:\/\/schema.org","@graph":[{"@type":"Organization","@id":"https:\/\/www.exoclick.com\/#organization","name":"ExoClick","url":"https:\/\/www.exoclick.com\/","sameAs":[],"logo":{"@type":"ImageObject","@id":"https:\/\/www.exoclick.com\/#logo","inLanguage":"pt-PT","url":"https:\/\/www.exoclick.com\/wp-content\/uploads\/2015\/04\/exoclick_new_baseline.png","contentUrl":"https:\/\/www.exoclick.com\/wp-content\/uploads\/2015\/04\/exoclick_new_baseline.png","width":1500,"height":613,"caption":"ExoClick"},"image":{"@id":"https:\/\/www.exoclick.com\/#logo"}},{"@type":"WebSite","@id":"https:\/\/www.exoclick.com\/#website","url":"https:\/\/www.exoclick.com\/","name":"ExoClick","description":"The innovative ad network","publisher":{"@id":"https:\/\/www.exoclick.com\/#organization"},"potentialAction":[{"@type":"SearchAction","target":{"@type":"EntryPoint","urlTemplate":"https:\/\/www.exoclick.com\/?s={search_term_string}"},"query-input":"required name=search_term_string"}],"inLanguage":"pt-PT"},{"@type":"WebPage","@id":"https:\/\/www.exoclick.com\/pt-pt\/anunciantes\/retargeting-old\/#webpage","url":"https:\/\/www.exoclick.com\/pt-pt\/anunciantes\/retargeting-old\/","name":"Retargeting - ExoClick","isPartOf":{"@id":"https:\/\/www.exoclick.com\/#website"},"datePublished":"2014-02-21T12:40:49+00:00","dateModified":"2019-10-21T13:31:31+00:00","description":"Nossa redirecionamento gera maiores vendas, mantendo a sua marca vis\u00edvel e trazer os usu\u00e1rios de alto valor para seu site quando eles est\u00e3o prontos para comprar.","breadcrumb":{"@id":"https:\/\/www.exoclick.com\/pt-pt\/anunciantes\/retargeting-old\/#breadcrumb"},"inLanguage":"pt-PT","potentialAction":[{"@type":"ReadAction","target":["https:\/\/www.exoclick.com\/pt-pt\/anunciantes\/retargeting-old\/"]}]},{"@type":"BreadcrumbList","@id":"https:\/\/www.exoclick.com\/pt-pt\/anunciantes\/retargeting-old\/#breadcrumb","itemListElement":[{"@type":"ListItem","position":1,"name":"Home","item":"https:\/\/www.exoclick.com\/pt-pt\/"},{"@type":"ListItem","position":2,"name":"Anunciantes","item":"https:\/\/www.exoclick.com\/pt-pt\/anunciantes\/"},{"@type":"ListItem","position":3,"name":"Retargeting"}]}]}},"_links":{"self":[{"href":"https:\/\/www.exoclick.com\/pt-pt\/wp-json\/wp\/v2\/pages\/4009"}],"collection":[{"href":"https:\/\/www.exoclick.com\/pt-pt\/wp-json\/wp\/v2\/pages"}],"about":[{"href":"https:\/\/www.exoclick.com\/pt-pt\/wp-json\/wp\/v2\/types\/page"}],"author":[{"embeddable":true,"href":"https:\/\/www.exoclick.com\/pt-pt\/wp-json\/wp\/v2\/users\/5"}],"replies":[{"embeddable":true,"href":"https:\/\/www.exoclick.com\/pt-pt\/wp-json\/wp\/v2\/comments?post=4009"}],"version-history":[{"count":9,"href":"https:\/\/www.exoclick.com\/pt-pt\/wp-json\/wp\/v2\/pages\/4009\/revisions"}],"predecessor-version":[{"id":19527,"href":"https:\/\/www.exoclick.com\/pt-pt\/wp-json\/wp\/v2\/pages\/4009\/revisions\/19527"}],"up":[{"embeddable":true,"href":"https:\/\/www.exoclick.com\/pt-pt\/wp-json\/wp\/v2\/pages\/3016"}],"wp:attachment":[{"href":"https:\/\/www.exoclick.com\/pt-pt\/wp-json\/wp\/v2\/media?parent=4009"}],"curies":[{"name":"wp","href":"https:\/\/api.w.org\/{rel}","templated":true}]}}