{"id":11066,"date":"2014-02-21T11:00:33","date_gmt":"2014-02-21T10:00:33","guid":{"rendered":"https:\/\/www.exoclick.com\/pt-pt\/anunciantes\/ad-formats-2\/"},"modified":"2018-03-07T13:12:55","modified_gmt":"2018-03-07T12:12:55","slug":"ad-formats-old","status":"publish","type":"page","link":"https:\/\/www.exoclick.com\/pt-pt\/anunciantes\/ad-formats-old\/","title":{"rendered":"Ad Formats &#8211; old version"},"content":{"rendered":"<p>A Exoclick promove os melhores formatos para publicitar online e gerar mais retorno das suas campanhas.<\/p>\n<p>Oferecemos diversas ad-units de alto impacto, alternativas perfeitas ao AdSense, que melhor funcionam para os seus anuncions online.<\/p>\n<p>Para a vers\u00e3o de impress\u00e3o dos nossos ad formats fa\u00e7a o download do\u00a0<a href=\"https:\/\/www.exoclick.com\/wp-content\/uploads\/2018\/01\/ExoClick-Digital-Media-Kit-2018-Q1.pdf\" target=\"_blank\" rel=\"noopener\">ExoClick Media Kit<\/a><\/p>\n","protected":false},"excerpt":{"rendered":"<p>A Exoclick promove os melhores formatos para publicitar online e gerar mais retorno das suas campanhas. Oferecemos diversas ad-units de alto impacto, alternativas perfeitas ao AdSense, que melhor funcionam para os seus anuncions online. Para a vers\u00e3o de impress\u00e3o dos nossos ad formats fa\u00e7a o download do\u00a0ExoClick Media Kit<\/p>\n","protected":false},"author":5,"featured_media":0,"parent":3016,"menu_order":0,"comment_status":"open","ping_status":"closed","template":"page-ad-formats.php","meta":[],"yoast_head":"<!-- This site is optimized with the Yoast SEO Premium plugin v19.4 (Yoast SEO v19.9) - https:\/\/yoast.com\/wordpress\/plugins\/seo\/ -->\n<title>Ad Formats - old version - ExoClick<\/title>\n<meta name=\"description\" content=\"ExoClick oferece mais de 20 formatos de an\u00fancios de alto desempenho para desktop e m\u00f3vel.\" \/>\n<meta name=\"robots\" content=\"index, follow, max-snippet:-1, max-image-preview:large, max-video-preview:-1\" \/>\n<link rel=\"canonical\" href=\"https:\/\/www.exoclick.com\/pt-pt\/anunciantes\/ad-formats-old\/\" \/>\n<meta property=\"og:locale\" content=\"pt_PT\" \/>\n<meta property=\"og:type\" content=\"article\" \/>\n<meta property=\"og:title\" content=\"Ad Formats - old version\" \/>\n<meta property=\"og:description\" content=\"ExoClick oferece mais de 20 formatos de an\u00fancios de alto desempenho para desktop e m\u00f3vel.\" \/>\n<meta property=\"og:url\" content=\"https:\/\/www.exoclick.com\/pt-pt\/anunciantes\/ad-formats-old\/\" \/>\n<meta property=\"og:site_name\" content=\"ExoClick\" \/>\n<meta property=\"article:modified_time\" content=\"2018-03-07T12:12:55+00:00\" \/>\n<meta property=\"og:image\" content=\"https:\/\/www.exoclick.com\/wp-content\/uploads\/2018\/09\/ExoClick-1200x600.png\" \/>\n<script type=\"application\/ld+json\" class=\"yoast-schema-graph\">{\"@context\":\"https:\/\/schema.org\",\"@graph\":[{\"@type\":\"WebPage\",\"@id\":\"https:\/\/www.exoclick.com\/pt-pt\/anunciantes\/ad-formats-old\/\",\"url\":\"https:\/\/www.exoclick.com\/pt-pt\/anunciantes\/ad-formats-old\/\",\"name\":\"Ad Formats - old version - ExoClick\",\"isPartOf\":{\"@id\":\"https:\/\/www.exoclick.com\/#website\"},\"datePublished\":\"2014-02-21T10:00:33+00:00\",\"dateModified\":\"2018-03-07T12:12:55+00:00\",\"description\":\"ExoClick oferece mais de 20 formatos de an\u00fancios de alto desempenho para desktop e m\u00f3vel.\",\"breadcrumb\":{\"@id\":\"https:\/\/www.exoclick.com\/pt-pt\/anunciantes\/ad-formats-old\/#breadcrumb\"},\"inLanguage\":\"pt-PT\",\"potentialAction\":[{\"@type\":\"ReadAction\",\"target\":[\"https:\/\/www.exoclick.com\/pt-pt\/anunciantes\/ad-formats-old\/\"]}]},{\"@type\":\"BreadcrumbList\",\"@id\":\"https:\/\/www.exoclick.com\/pt-pt\/anunciantes\/ad-formats-old\/#breadcrumb\",\"itemListElement\":[{\"@type\":\"ListItem\",\"position\":1,\"name\":\"Home\",\"item\":\"https:\/\/www.exoclick.com\/pt-pt\/\"},{\"@type\":\"ListItem\",\"position\":2,\"name\":\"Anunciantes\",\"item\":\"https:\/\/www.exoclick.com\/pt-pt\/anunciantes\/\"},{\"@type\":\"ListItem\",\"position\":3,\"name\":\"Ad Formats &#8211; old version\"}]},{\"@type\":\"WebSite\",\"@id\":\"https:\/\/www.exoclick.com\/#website\",\"url\":\"https:\/\/www.exoclick.com\/\",\"name\":\"ExoClick\",\"description\":\"The innovative ad network\",\"publisher\":{\"@id\":\"https:\/\/www.exoclick.com\/#organization\"},\"potentialAction\":[{\"@type\":\"SearchAction\",\"target\":{\"@type\":\"EntryPoint\",\"urlTemplate\":\"https:\/\/www.exoclick.com\/?s={search_term_string}\"},\"query-input\":\"required name=search_term_string\"}],\"inLanguage\":\"pt-PT\"},{\"@type\":\"Organization\",\"@id\":\"https:\/\/www.exoclick.com\/#organization\",\"name\":\"ExoClick\",\"url\":\"https:\/\/www.exoclick.com\/\",\"logo\":{\"@type\":\"ImageObject\",\"inLanguage\":\"pt-PT\",\"@id\":\"https:\/\/www.exoclick.com\/#\/schema\/logo\/image\/\",\"url\":\"https:\/\/www.exoclick.com\/wp-content\/uploads\/2015\/04\/exoclick_new_baseline.png\",\"contentUrl\":\"https:\/\/www.exoclick.com\/wp-content\/uploads\/2015\/04\/exoclick_new_baseline.png\",\"width\":1500,\"height\":613,\"caption\":\"ExoClick\"},\"image\":{\"@id\":\"https:\/\/www.exoclick.com\/#\/schema\/logo\/image\/\"}}]}<\/script>\n<!-- \/ Yoast SEO Premium plugin. -->","yoast_head_json":{"title":"Ad Formats - old version - ExoClick","description":"ExoClick oferece mais de 20 formatos de an\u00fancios de alto desempenho para desktop e m\u00f3vel.","robots":{"index":"index","follow":"follow","max-snippet":"max-snippet:-1","max-image-preview":"max-image-preview:large","max-video-preview":"max-video-preview:-1"},"canonical":"https:\/\/www.exoclick.com\/pt-pt\/anunciantes\/ad-formats-old\/","og_locale":"pt_PT","og_type":"article","og_title":"Ad Formats - old version","og_description":"ExoClick oferece mais de 20 formatos de an\u00fancios de alto desempenho para desktop e m\u00f3vel.","og_url":"https:\/\/www.exoclick.com\/pt-pt\/anunciantes\/ad-formats-old\/","og_site_name":"ExoClick","article_modified_time":"2018-03-07T12:12:55+00:00","og_image":[{"url":"https:\/\/www.exoclick.com\/wp-content\/uploads\/2018\/09\/ExoClick-1200x600.png"}],"schema":{"@context":"https:\/\/schema.org","@graph":[{"@type":"WebPage","@id":"https:\/\/www.exoclick.com\/pt-pt\/anunciantes\/ad-formats-old\/","url":"https:\/\/www.exoclick.com\/pt-pt\/anunciantes\/ad-formats-old\/","name":"Ad Formats - old version - ExoClick","isPartOf":{"@id":"https:\/\/www.exoclick.com\/#website"},"datePublished":"2014-02-21T10:00:33+00:00","dateModified":"2018-03-07T12:12:55+00:00","description":"ExoClick oferece mais de 20 formatos de an\u00fancios de alto desempenho para desktop e m\u00f3vel.","breadcrumb":{"@id":"https:\/\/www.exoclick.com\/pt-pt\/anunciantes\/ad-formats-old\/#breadcrumb"},"inLanguage":"pt-PT","potentialAction":[{"@type":"ReadAction","target":["https:\/\/www.exoclick.com\/pt-pt\/anunciantes\/ad-formats-old\/"]}]},{"@type":"BreadcrumbList","@id":"https:\/\/www.exoclick.com\/pt-pt\/anunciantes\/ad-formats-old\/#breadcrumb","itemListElement":[{"@type":"ListItem","position":1,"name":"Home","item":"https:\/\/www.exoclick.com\/pt-pt\/"},{"@type":"ListItem","position":2,"name":"Anunciantes","item":"https:\/\/www.exoclick.com\/pt-pt\/anunciantes\/"},{"@type":"ListItem","position":3,"name":"Ad Formats &#8211; old version"}]},{"@type":"WebSite","@id":"https:\/\/www.exoclick.com\/#website","url":"https:\/\/www.exoclick.com\/","name":"ExoClick","description":"The innovative ad network","publisher":{"@id":"https:\/\/www.exoclick.com\/#organization"},"potentialAction":[{"@type":"SearchAction","target":{"@type":"EntryPoint","urlTemplate":"https:\/\/www.exoclick.com\/?s={search_term_string}"},"query-input":"required name=search_term_string"}],"inLanguage":"pt-PT"},{"@type":"Organization","@id":"https:\/\/www.exoclick.com\/#organization","name":"ExoClick","url":"https:\/\/www.exoclick.com\/","logo":{"@type":"ImageObject","inLanguage":"pt-PT","@id":"https:\/\/www.exoclick.com\/#\/schema\/logo\/image\/","url":"https:\/\/www.exoclick.com\/wp-content\/uploads\/2015\/04\/exoclick_new_baseline.png","contentUrl":"https:\/\/www.exoclick.com\/wp-content\/uploads\/2015\/04\/exoclick_new_baseline.png","width":1500,"height":613,"caption":"ExoClick"},"image":{"@id":"https:\/\/www.exoclick.com\/#\/schema\/logo\/image\/"}}]}},"_links":{"self":[{"href":"https:\/\/www.exoclick.com\/pt-pt\/wp-json\/wp\/v2\/pages\/11066"}],"collection":[{"href":"https:\/\/www.exoclick.com\/pt-pt\/wp-json\/wp\/v2\/pages"}],"about":[{"href":"https:\/\/www.exoclick.com\/pt-pt\/wp-json\/wp\/v2\/types\/page"}],"author":[{"embeddable":true,"href":"https:\/\/www.exoclick.com\/pt-pt\/wp-json\/wp\/v2\/users\/5"}],"replies":[{"embeddable":true,"href":"https:\/\/www.exoclick.com\/pt-pt\/wp-json\/wp\/v2\/comments?post=11066"}],"version-history":[{"count":36,"href":"https:\/\/www.exoclick.com\/pt-pt\/wp-json\/wp\/v2\/pages\/11066\/revisions"}],"predecessor-version":[{"id":22598,"href":"https:\/\/www.exoclick.com\/pt-pt\/wp-json\/wp\/v2\/pages\/11066\/revisions\/22598"}],"up":[{"embeddable":true,"href":"https:\/\/www.exoclick.com\/pt-pt\/wp-json\/wp\/v2\/pages\/3016"}],"wp:attachment":[{"href":"https:\/\/www.exoclick.com\/pt-pt\/wp-json\/wp\/v2\/media?parent=11066"}],"curies":[{"name":"wp","href":"https:\/\/api.w.org\/{rel}","templated":true}]}}