{"id":3644,"date":"2015-03-30T15:57:35","date_gmt":"2015-03-30T13:57:35","guid":{"rendered":"https:\/\/www.exoclick.com\/?page_id=3644"},"modified":"2015-05-13T11:53:57","modified_gmt":"2015-05-13T09:53:57","slug":"dicono-di-noi-2","status":"publish","type":"page","link":"https:\/\/www.exoclick.com\/it\/dicono-di-noi-2\/","title":{"rendered":"Dicono di noi"},"content":{"rendered":"<p>ExoClick, una societ\u00e0 con sede a Barcellona, fondata nel 2006, \u00e8 cresciuta fino a diventare una delle pi\u00f9 grandi reti pubblicitarie in tutto il mondo. ExoClick gestice pi\u00f9 di <strong>125 miliardi di annunci online al mese<\/strong> a scala mondiale utilizzando la teconologia ad-serving <a href=\"https:\/\/www.exads.com\/\" target=\"_blank\">EXADS \u2122<\/a>. ExoClick collabora sia con gli inserzionisti\/advertisers che con gli editori\/publishers di tutto il mondo, tanto per il canale web come quello mobile.<\/p>\n<hr \/>\n<h2>Storia<\/h2>\n<h2><img loading=\"lazy\" class=\"alignnone wp-image-3361 size-full\" src=\"https:\/\/www.exoclick.com\/wp-content\/uploads\/2014\/02\/Milestones_24-Feb-2015_fix.jpg\" alt=\"Milestones_24 Feb 2015_fix\" width=\"960\" height=\"238\" srcset=\"https:\/\/www.exoclick.com\/wp-content\/uploads\/2014\/02\/Milestones_24-Feb-2015_fix.jpg 960w, https:\/\/www.exoclick.com\/wp-content\/uploads\/2014\/02\/Milestones_24-Feb-2015_fix-300x74.jpg 300w, https:\/\/www.exoclick.com\/wp-content\/uploads\/2014\/02\/Milestones_24-Feb-2015_fix-720x179.jpg 720w, https:\/\/www.exoclick.com\/wp-content\/uploads\/2014\/02\/Milestones_24-Feb-2015_fix-530x131.jpg 530w, https:\/\/www.exoclick.com\/wp-content\/uploads\/2014\/02\/Milestones_24-Feb-2015_fix-320x79.jpg 320w, https:\/\/www.exoclick.com\/wp-content\/uploads\/2014\/02\/Milestones_24-Feb-2015_fix-820x203.jpg 820w\" sizes=\"(max-width: 960px) 100vw, 960px\" \/><\/h2>\n<hr \/>\n<h2>Sede centrale<\/h2>\n<p>ExoClick SL, Marina 16-18,\u00a008005 Barcelona,\u00a0Spain<\/p>\n<p>VAT ES B-64355506<\/p>\n<p><iframe loading=\"lazy\" src=\"https:\/\/maps.google.com\/maps?q=ExoClick+S.L.,+Barcelona,+Spain&amp;hl=en&amp;sll=41.39479,2.148768&amp;sspn=0.232053,0.528374&amp;oq=exoclick&amp;t=h&amp;hq=exoclick+sl&amp;hnear=Barcelona,+Catalonia,+Spain&amp;ie=UTF8&amp;ll=41.395033,2.202587&amp;spn=0.025755,0.055704&amp;z=14&amp;iwloc=A&amp;output=embed\" width=\"960\" height=\"400\" frameborder=\"0\" marginwidth=\"0\" marginheight=\"0\" scrolling=\"no\"><\/iframe> <small><a style=\"color: #0000ff; text-align: left;\" href=\"https:\/\/maps.google.com\/maps?q=ExoClick+S.L.,+Barcelona,+Spain&amp;hl=en&amp;sll=41.39479,2.148768&amp;sspn=0.232053,0.528374&amp;oq=exoclick&amp;t=h&amp;hq=exoclick+sl&amp;hnear=Barcelona,+Catalonia,+Spain&amp;ie=UTF8&amp;ll=41.395033,2.202587&amp;spn=0.025755,0.055704&amp;z=14&amp;iwloc=A&amp;source=embed\">View Larger Map<\/a><\/small> \u00a0 <a href=\"https:\/\/www.exoclick.com\/wp-content\/uploads\/2014\/02\/exoclick-mediakit_updated-1-July-2014.pdf\">\u00a0<\/a><\/p>\n","protected":false},"excerpt":{"rendered":"<p>ExoClick, una societ\u00e0 con sede a Barcellona, fondata nel 2006, \u00e8 cresciuta fino a diventare una delle pi\u00f9 grandi reti pubblicitarie in tutto il mondo. ExoClick gestice pi\u00f9 di 125 miliardi di annunci online al mese a scala mondiale utilizzando la teconologia ad-serving EXADS \u2122. ExoClick collabora sia con gli inserzionisti\/advertisers che con gli editori\/publishers [&hellip;]<\/p>\n","protected":false},"author":5,"featured_media":3361,"parent":0,"menu_order":0,"comment_status":"open","ping_status":"open","template":"page-advertisers.php","meta":[],"yoast_head":"<!-- This site is optimized with the Yoast SEO Premium plugin v19.4 (Yoast SEO v18.0) - https:\/\/yoast.com\/wordpress\/plugins\/seo\/ -->\n<meta name=\"robots\" content=\"index, follow, max-snippet:-1, max-image-preview:large, max-video-preview:-1\" \/>\n<link rel=\"canonical\" href=\"https:\/\/www.exoclick.com\/it\/dicono-di-noi-2\/\" \/>\n<meta property=\"og:locale\" content=\"it_IT\" \/>\n<meta property=\"og:type\" content=\"article\" \/>\n<meta property=\"og:title\" content=\"Dicono di noi - ExoClick\" \/>\n<meta property=\"og:description\" content=\"ExoClick, una societ\u00e0 con sede a Barcellona, fondata nel 2006, \u00e8 cresciuta fino a diventare una delle pi\u00f9 grandi reti pubblicitarie in tutto il mondo. ExoClick gestice pi\u00f9 di 125 miliardi di annunci online al mese a scala mondiale utilizzando la teconologia ad-serving EXADS \u2122. ExoClick collabora sia con gli inserzionisti\/advertisers che con gli editori\/publishers [&hellip;]\" \/>\n<meta property=\"og:url\" content=\"https:\/\/www.exoclick.com\/it\/dicono-di-noi-2\/\" \/>\n<meta property=\"og:site_name\" content=\"ExoClick\" \/>\n<meta property=\"article:modified_time\" content=\"2015-05-13T09:53:57+00:00\" \/>\n<meta property=\"og:image\" content=\"https:\/\/www.exoclick.com\/wp-content\/uploads\/2014\/02\/Milestones_24-Feb-2015_fix.jpg\" \/>\n\t<meta property=\"og:image:width\" content=\"960\" \/>\n\t<meta property=\"og:image:height\" content=\"238\" \/>\n\t<meta property=\"og:image:type\" content=\"image\/jpeg\" \/>\n<script type=\"application\/ld+json\" class=\"yoast-schema-graph\">{\"@context\":\"https:\/\/schema.org\",\"@graph\":[{\"@type\":\"Organization\",\"@id\":\"https:\/\/www.exoclick.com\/#organization\",\"name\":\"ExoClick\",\"url\":\"https:\/\/www.exoclick.com\/\",\"sameAs\":[],\"logo\":{\"@type\":\"ImageObject\",\"@id\":\"https:\/\/www.exoclick.com\/#logo\",\"inLanguage\":\"it-IT\",\"url\":\"https:\/\/www.exoclick.com\/wp-content\/uploads\/2015\/04\/exoclick_new_baseline.png\",\"contentUrl\":\"https:\/\/www.exoclick.com\/wp-content\/uploads\/2015\/04\/exoclick_new_baseline.png\",\"width\":1500,\"height\":613,\"caption\":\"ExoClick\"},\"image\":{\"@id\":\"https:\/\/www.exoclick.com\/#logo\"}},{\"@type\":\"WebSite\",\"@id\":\"https:\/\/www.exoclick.com\/#website\",\"url\":\"https:\/\/www.exoclick.com\/\",\"name\":\"ExoClick\",\"description\":\"The innovative ad network\",\"publisher\":{\"@id\":\"https:\/\/www.exoclick.com\/#organization\"},\"potentialAction\":[{\"@type\":\"SearchAction\",\"target\":{\"@type\":\"EntryPoint\",\"urlTemplate\":\"https:\/\/www.exoclick.com\/?s={search_term_string}\"},\"query-input\":\"required name=search_term_string\"}],\"inLanguage\":\"it-IT\"},{\"@type\":\"ImageObject\",\"@id\":\"https:\/\/www.exoclick.com\/it\/dicono-di-noi-2\/#primaryimage\",\"inLanguage\":\"it-IT\",\"url\":\"https:\/\/www.exoclick.com\/wp-content\/uploads\/2014\/02\/Milestones_24-Feb-2015_fix.jpg\",\"contentUrl\":\"https:\/\/www.exoclick.com\/wp-content\/uploads\/2014\/02\/Milestones_24-Feb-2015_fix.jpg\",\"width\":960,\"height\":238},{\"@type\":\"WebPage\",\"@id\":\"https:\/\/www.exoclick.com\/it\/dicono-di-noi-2\/#webpage\",\"url\":\"https:\/\/www.exoclick.com\/it\/dicono-di-noi-2\/\",\"name\":\"Dicono di noi - ExoClick\",\"isPartOf\":{\"@id\":\"https:\/\/www.exoclick.com\/#website\"},\"primaryImageOfPage\":{\"@id\":\"https:\/\/www.exoclick.com\/it\/dicono-di-noi-2\/#primaryimage\"},\"datePublished\":\"2015-03-30T13:57:35+00:00\",\"dateModified\":\"2015-05-13T09:53:57+00:00\",\"breadcrumb\":{\"@id\":\"https:\/\/www.exoclick.com\/it\/dicono-di-noi-2\/#breadcrumb\"},\"inLanguage\":\"it-IT\",\"potentialAction\":[{\"@type\":\"ReadAction\",\"target\":[\"https:\/\/www.exoclick.com\/it\/dicono-di-noi-2\/\"]}]},{\"@type\":\"BreadcrumbList\",\"@id\":\"https:\/\/www.exoclick.com\/it\/dicono-di-noi-2\/#breadcrumb\",\"itemListElement\":[{\"@type\":\"ListItem\",\"position\":1,\"name\":\"Home\",\"item\":\"https:\/\/www.exoclick.com\/it\/\"},{\"@type\":\"ListItem\",\"position\":2,\"name\":\"Dicono di noi\"}]}]}<\/script>\n<!-- \/ Yoast SEO Premium plugin. -->","yoast_head_json":{"robots":{"index":"index","follow":"follow","max-snippet":"max-snippet:-1","max-image-preview":"max-image-preview:large","max-video-preview":"max-video-preview:-1"},"canonical":"https:\/\/www.exoclick.com\/it\/dicono-di-noi-2\/","og_locale":"it_IT","og_type":"article","og_title":"Dicono di noi - ExoClick","og_description":"ExoClick, una societ\u00e0 con sede a Barcellona, fondata nel 2006, \u00e8 cresciuta fino a diventare una delle pi\u00f9 grandi reti pubblicitarie in tutto il mondo. ExoClick gestice pi\u00f9 di 125 miliardi di annunci online al mese a scala mondiale utilizzando la teconologia ad-serving EXADS \u2122. ExoClick collabora sia con gli inserzionisti\/advertisers che con gli editori\/publishers [&hellip;]","og_url":"https:\/\/www.exoclick.com\/it\/dicono-di-noi-2\/","og_site_name":"ExoClick","article_modified_time":"2015-05-13T09:53:57+00:00","og_image":[{"width":960,"height":238,"url":"https:\/\/www.exoclick.com\/wp-content\/uploads\/2014\/02\/Milestones_24-Feb-2015_fix.jpg","type":"image\/jpeg"}],"schema":{"@context":"https:\/\/schema.org","@graph":[{"@type":"Organization","@id":"https:\/\/www.exoclick.com\/#organization","name":"ExoClick","url":"https:\/\/www.exoclick.com\/","sameAs":[],"logo":{"@type":"ImageObject","@id":"https:\/\/www.exoclick.com\/#logo","inLanguage":"it-IT","url":"https:\/\/www.exoclick.com\/wp-content\/uploads\/2015\/04\/exoclick_new_baseline.png","contentUrl":"https:\/\/www.exoclick.com\/wp-content\/uploads\/2015\/04\/exoclick_new_baseline.png","width":1500,"height":613,"caption":"ExoClick"},"image":{"@id":"https:\/\/www.exoclick.com\/#logo"}},{"@type":"WebSite","@id":"https:\/\/www.exoclick.com\/#website","url":"https:\/\/www.exoclick.com\/","name":"ExoClick","description":"The innovative ad network","publisher":{"@id":"https:\/\/www.exoclick.com\/#organization"},"potentialAction":[{"@type":"SearchAction","target":{"@type":"EntryPoint","urlTemplate":"https:\/\/www.exoclick.com\/?s={search_term_string}"},"query-input":"required name=search_term_string"}],"inLanguage":"it-IT"},{"@type":"ImageObject","@id":"https:\/\/www.exoclick.com\/it\/dicono-di-noi-2\/#primaryimage","inLanguage":"it-IT","url":"https:\/\/www.exoclick.com\/wp-content\/uploads\/2014\/02\/Milestones_24-Feb-2015_fix.jpg","contentUrl":"https:\/\/www.exoclick.com\/wp-content\/uploads\/2014\/02\/Milestones_24-Feb-2015_fix.jpg","width":960,"height":238},{"@type":"WebPage","@id":"https:\/\/www.exoclick.com\/it\/dicono-di-noi-2\/#webpage","url":"https:\/\/www.exoclick.com\/it\/dicono-di-noi-2\/","name":"Dicono di noi - ExoClick","isPartOf":{"@id":"https:\/\/www.exoclick.com\/#website"},"primaryImageOfPage":{"@id":"https:\/\/www.exoclick.com\/it\/dicono-di-noi-2\/#primaryimage"},"datePublished":"2015-03-30T13:57:35+00:00","dateModified":"2015-05-13T09:53:57+00:00","breadcrumb":{"@id":"https:\/\/www.exoclick.com\/it\/dicono-di-noi-2\/#breadcrumb"},"inLanguage":"it-IT","potentialAction":[{"@type":"ReadAction","target":["https:\/\/www.exoclick.com\/it\/dicono-di-noi-2\/"]}]},{"@type":"BreadcrumbList","@id":"https:\/\/www.exoclick.com\/it\/dicono-di-noi-2\/#breadcrumb","itemListElement":[{"@type":"ListItem","position":1,"name":"Home","item":"https:\/\/www.exoclick.com\/it\/"},{"@type":"ListItem","position":2,"name":"Dicono di noi"}]}]}},"_links":{"self":[{"href":"https:\/\/www.exoclick.com\/it\/wp-json\/wp\/v2\/pages\/3644"}],"collection":[{"href":"https:\/\/www.exoclick.com\/it\/wp-json\/wp\/v2\/pages"}],"about":[{"href":"https:\/\/www.exoclick.com\/it\/wp-json\/wp\/v2\/types\/page"}],"author":[{"embeddable":true,"href":"https:\/\/www.exoclick.com\/it\/wp-json\/wp\/v2\/users\/5"}],"replies":[{"embeddable":true,"href":"https:\/\/www.exoclick.com\/it\/wp-json\/wp\/v2\/comments?post=3644"}],"version-history":[{"count":6,"href":"https:\/\/www.exoclick.com\/it\/wp-json\/wp\/v2\/pages\/3644\/revisions"}],"predecessor-version":[{"id":5089,"href":"https:\/\/www.exoclick.com\/it\/wp-json\/wp\/v2\/pages\/3644\/revisions\/5089"}],"wp:featuredmedia":[{"embeddable":true,"href":"https:\/\/www.exoclick.com\/it\/wp-json\/wp\/v2\/media\/3361"}],"wp:attachment":[{"href":"https:\/\/www.exoclick.com\/it\/wp-json\/wp\/v2\/media?parent=3644"}],"curies":[{"name":"wp","href":"https:\/\/api.w.org\/{rel}","templated":true}]}}