{"id":77997,"date":"2020-05-11T12:40:18","date_gmt":"2020-05-11T10:40:18","guid":{"rendered":"https:\/\/www.exoclick.com\/?page_id=77997"},"modified":"2026-02-11T12:17:47","modified_gmt":"2026-02-11T11:17:47","slug":"qui-sommes-nous","status":"publish","type":"page","link":"https:\/\/www.exoclick.com\/fr\/qui-sommes-nous\/","title":{"rendered":"Qui sommes-nous?"},"content":{"rendered":"<p>ExoClick, la soci\u00e9t\u00e9 de publicit\u00e9 innovante, offre deux canaux pour les annonceurs et les \u00e9diteurs: un Ad Exchange et un Ad Network<\/p>\n<p>Notre Ad Exchange permet aux \u00e9diteurs de mon\u00e9tiser leur trafic non seulement avec l&#8217;ad network d&#8217;ExoClick, mais aussi avec d&#8217;autres ad networks et DSPs. Actuellement, l&#8217;ad exchange d&#8217;ExoClick compte d\u00e9j\u00e0 plus de 30 partenaires et nous continuons d&#8217;ajouter de nouvelles plateformes de demande chaque jour.<\/p>\n<p>Nous offrons plus de 20 formats de publicit\u00e9, avec ciblage optimis\u00e9 et re-ciblage publicitaire, acc\u00e8de aux statistiques big-data et aux outils d&#8217;analyse strat\u00e9gique pour am\u00e9liorer le retour sur investissement, rafra\u00eechit les donn\u00e9es toutes les 60 secondes, et a un ciblage horaire et service client 24\/7. Notre plateforme API permet aux d\u00e9veloppeurs de cr\u00e9er leur propre software fait sur mesure pour programmer des t\u00e2ches sur notre plateforme.<\/p>\n","protected":false},"excerpt":{"rendered":"<p>ExoClick, la soci\u00e9t\u00e9 de publicit\u00e9 innovante, offre deux canaux pour les annonceurs et les \u00e9diteurs: un Ad Exchange et un Ad Network Notre Ad Exchange permet aux \u00e9diteurs de mon\u00e9tiser leur trafic non seulement avec l&#8217;ad network d&#8217;ExoClick, mais aussi avec d&#8217;autres ad networks et DSPs. Actuellement, l&#8217;ad exchange d&#8217;ExoClick compte d\u00e9j\u00e0 plus de 30 [&hellip;]<\/p>\n","protected":false},"author":1234,"featured_media":96949,"parent":0,"menu_order":0,"comment_status":"open","ping_status":"closed","template":"page-about-roadmap.php","meta":[],"yoast_head":"<!-- This site is optimized with the Yoast SEO Premium plugin v19.4 (Yoast SEO v18.0) - https:\/\/yoast.com\/wordpress\/plugins\/seo\/ -->\n<meta name=\"description\" content=\"La premi\u00e8re r\u00e9seau publicitaire dans le secteur du divertissement, diffusant plus de 13 milliards d&#039;annonces g\u00e9o-cibl\u00e9es quotidiennement aux annonceurs et \u00e9diteurs web et mobiles du monde entier.\" \/>\n<meta name=\"robots\" content=\"index, follow, max-snippet:-1, max-image-preview:large, max-video-preview:-1\" \/>\n<link rel=\"canonical\" href=\"https:\/\/www.exoclick.com\/fr\/qui-sommes-nous\/\" \/>\n<meta property=\"og:locale\" content=\"fr_FR\" \/>\n<meta property=\"og:type\" content=\"article\" \/>\n<meta property=\"og:title\" content=\"Qui sommes-nous? - ExoClick\" \/>\n<meta property=\"og:description\" content=\"La premi\u00e8re r\u00e9seau publicitaire dans le secteur du divertissement, diffusant plus de 13 milliards d&#039;annonces g\u00e9o-cibl\u00e9es quotidiennement aux annonceurs et \u00e9diteurs web et mobiles du monde entier.\" \/>\n<meta property=\"og:url\" content=\"https:\/\/www.exoclick.com\/fr\/qui-sommes-nous\/\" \/>\n<meta property=\"og:site_name\" content=\"ExoClick\" \/>\n<meta property=\"article:modified_time\" content=\"2026-02-11T11:17:47+00:00\" \/>\n<meta property=\"og:image\" content=\"https:\/\/www.exoclick.com\/wp-content\/uploads\/2023\/10\/teambuilding-website.png\" \/>\n\t<meta property=\"og:image:width\" content=\"1000\" \/>\n\t<meta property=\"og:image:height\" content=\"1000\" \/>\n\t<meta property=\"og:image:type\" content=\"image\/png\" \/>\n<meta name=\"twitter:label1\" content=\"Est. reading time\" \/>\n\t<meta name=\"twitter:data1\" content=\"1 minute\" \/>\n<script type=\"application\/ld+json\" class=\"yoast-schema-graph\">{\"@context\":\"https:\/\/schema.org\",\"@graph\":[{\"@type\":\"Organization\",\"@id\":\"https:\/\/www.exoclick.com\/#organization\",\"name\":\"ExoClick\",\"url\":\"https:\/\/www.exoclick.com\/\",\"sameAs\":[],\"logo\":{\"@type\":\"ImageObject\",\"@id\":\"https:\/\/www.exoclick.com\/#logo\",\"inLanguage\":\"fr-FR\",\"url\":\"https:\/\/www.exoclick.com\/wp-content\/uploads\/2015\/04\/exoclick_new_baseline.png\",\"contentUrl\":\"https:\/\/www.exoclick.com\/wp-content\/uploads\/2015\/04\/exoclick_new_baseline.png\",\"width\":1500,\"height\":613,\"caption\":\"ExoClick\"},\"image\":{\"@id\":\"https:\/\/www.exoclick.com\/#logo\"}},{\"@type\":\"WebSite\",\"@id\":\"https:\/\/www.exoclick.com\/#website\",\"url\":\"https:\/\/www.exoclick.com\/\",\"name\":\"ExoClick\",\"description\":\"The innovative ad network\",\"publisher\":{\"@id\":\"https:\/\/www.exoclick.com\/#organization\"},\"potentialAction\":[{\"@type\":\"SearchAction\",\"target\":{\"@type\":\"EntryPoint\",\"urlTemplate\":\"https:\/\/www.exoclick.com\/?s={search_term_string}\"},\"query-input\":\"required name=search_term_string\"}],\"inLanguage\":\"fr-FR\"},{\"@type\":\"ImageObject\",\"@id\":\"https:\/\/www.exoclick.com\/fr\/qui-sommes-nous\/#primaryimage\",\"inLanguage\":\"fr-FR\",\"url\":\"https:\/\/www.exoclick.com\/wp-content\/uploads\/2023\/10\/teambuilding-website.png\",\"contentUrl\":\"https:\/\/www.exoclick.com\/wp-content\/uploads\/2023\/10\/teambuilding-website.png\",\"width\":1000,\"height\":1000},{\"@type\":\"WebPage\",\"@id\":\"https:\/\/www.exoclick.com\/fr\/qui-sommes-nous\/#webpage\",\"url\":\"https:\/\/www.exoclick.com\/fr\/qui-sommes-nous\/\",\"name\":\"Qui sommes-nous? - ExoClick\",\"isPartOf\":{\"@id\":\"https:\/\/www.exoclick.com\/#website\"},\"primaryImageOfPage\":{\"@id\":\"https:\/\/www.exoclick.com\/fr\/qui-sommes-nous\/#primaryimage\"},\"datePublished\":\"2020-05-11T10:40:18+00:00\",\"dateModified\":\"2026-02-11T11:17:47+00:00\",\"description\":\"La premi\u00e8re r\u00e9seau publicitaire dans le secteur du divertissement, diffusant plus de 13 milliards d'annonces g\u00e9o-cibl\u00e9es quotidiennement aux annonceurs et \u00e9diteurs web et mobiles du monde entier.\",\"breadcrumb\":{\"@id\":\"https:\/\/www.exoclick.com\/fr\/qui-sommes-nous\/#breadcrumb\"},\"inLanguage\":\"fr-FR\",\"potentialAction\":[{\"@type\":\"ReadAction\",\"target\":[\"https:\/\/www.exoclick.com\/fr\/qui-sommes-nous\/\"]}]},{\"@type\":\"BreadcrumbList\",\"@id\":\"https:\/\/www.exoclick.com\/fr\/qui-sommes-nous\/#breadcrumb\",\"itemListElement\":[{\"@type\":\"ListItem\",\"position\":1,\"name\":\"Home\",\"item\":\"https:\/\/www.exoclick.com\/fr\/\"},{\"@type\":\"ListItem\",\"position\":2,\"name\":\"Qui sommes-nous?\"}]}]}<\/script>\n<!-- \/ Yoast SEO Premium plugin. -->","yoast_head_json":{"description":"La premi\u00e8re r\u00e9seau publicitaire dans le secteur du divertissement, diffusant plus de 13 milliards d'annonces g\u00e9o-cibl\u00e9es quotidiennement aux annonceurs et \u00e9diteurs web et mobiles du monde entier.","robots":{"index":"index","follow":"follow","max-snippet":"max-snippet:-1","max-image-preview":"max-image-preview:large","max-video-preview":"max-video-preview:-1"},"canonical":"https:\/\/www.exoclick.com\/fr\/qui-sommes-nous\/","og_locale":"fr_FR","og_type":"article","og_title":"Qui sommes-nous? - ExoClick","og_description":"La premi\u00e8re r\u00e9seau publicitaire dans le secteur du divertissement, diffusant plus de 13 milliards d'annonces g\u00e9o-cibl\u00e9es quotidiennement aux annonceurs et \u00e9diteurs web et mobiles du monde entier.","og_url":"https:\/\/www.exoclick.com\/fr\/qui-sommes-nous\/","og_site_name":"ExoClick","article_modified_time":"2026-02-11T11:17:47+00:00","og_image":[{"width":1000,"height":1000,"url":"https:\/\/www.exoclick.com\/wp-content\/uploads\/2023\/10\/teambuilding-website.png","type":"image\/png"}],"twitter_misc":{"Est. reading time":"1 minute"},"schema":{"@context":"https:\/\/schema.org","@graph":[{"@type":"Organization","@id":"https:\/\/www.exoclick.com\/#organization","name":"ExoClick","url":"https:\/\/www.exoclick.com\/","sameAs":[],"logo":{"@type":"ImageObject","@id":"https:\/\/www.exoclick.com\/#logo","inLanguage":"fr-FR","url":"https:\/\/www.exoclick.com\/wp-content\/uploads\/2015\/04\/exoclick_new_baseline.png","contentUrl":"https:\/\/www.exoclick.com\/wp-content\/uploads\/2015\/04\/exoclick_new_baseline.png","width":1500,"height":613,"caption":"ExoClick"},"image":{"@id":"https:\/\/www.exoclick.com\/#logo"}},{"@type":"WebSite","@id":"https:\/\/www.exoclick.com\/#website","url":"https:\/\/www.exoclick.com\/","name":"ExoClick","description":"The innovative ad network","publisher":{"@id":"https:\/\/www.exoclick.com\/#organization"},"potentialAction":[{"@type":"SearchAction","target":{"@type":"EntryPoint","urlTemplate":"https:\/\/www.exoclick.com\/?s={search_term_string}"},"query-input":"required name=search_term_string"}],"inLanguage":"fr-FR"},{"@type":"ImageObject","@id":"https:\/\/www.exoclick.com\/fr\/qui-sommes-nous\/#primaryimage","inLanguage":"fr-FR","url":"https:\/\/www.exoclick.com\/wp-content\/uploads\/2023\/10\/teambuilding-website.png","contentUrl":"https:\/\/www.exoclick.com\/wp-content\/uploads\/2023\/10\/teambuilding-website.png","width":1000,"height":1000},{"@type":"WebPage","@id":"https:\/\/www.exoclick.com\/fr\/qui-sommes-nous\/#webpage","url":"https:\/\/www.exoclick.com\/fr\/qui-sommes-nous\/","name":"Qui sommes-nous? - ExoClick","isPartOf":{"@id":"https:\/\/www.exoclick.com\/#website"},"primaryImageOfPage":{"@id":"https:\/\/www.exoclick.com\/fr\/qui-sommes-nous\/#primaryimage"},"datePublished":"2020-05-11T10:40:18+00:00","dateModified":"2026-02-11T11:17:47+00:00","description":"La premi\u00e8re r\u00e9seau publicitaire dans le secteur du divertissement, diffusant plus de 13 milliards d'annonces g\u00e9o-cibl\u00e9es quotidiennement aux annonceurs et \u00e9diteurs web et mobiles du monde entier.","breadcrumb":{"@id":"https:\/\/www.exoclick.com\/fr\/qui-sommes-nous\/#breadcrumb"},"inLanguage":"fr-FR","potentialAction":[{"@type":"ReadAction","target":["https:\/\/www.exoclick.com\/fr\/qui-sommes-nous\/"]}]},{"@type":"BreadcrumbList","@id":"https:\/\/www.exoclick.com\/fr\/qui-sommes-nous\/#breadcrumb","itemListElement":[{"@type":"ListItem","position":1,"name":"Home","item":"https:\/\/www.exoclick.com\/fr\/"},{"@type":"ListItem","position":2,"name":"Qui sommes-nous?"}]}]}},"_links":{"self":[{"href":"https:\/\/www.exoclick.com\/fr\/wp-json\/wp\/v2\/pages\/77997"}],"collection":[{"href":"https:\/\/www.exoclick.com\/fr\/wp-json\/wp\/v2\/pages"}],"about":[{"href":"https:\/\/www.exoclick.com\/fr\/wp-json\/wp\/v2\/types\/page"}],"author":[{"embeddable":true,"href":"https:\/\/www.exoclick.com\/fr\/wp-json\/wp\/v2\/users\/1234"}],"replies":[{"embeddable":true,"href":"https:\/\/www.exoclick.com\/fr\/wp-json\/wp\/v2\/comments?post=77997"}],"version-history":[{"count":25,"href":"https:\/\/www.exoclick.com\/fr\/wp-json\/wp\/v2\/pages\/77997\/revisions"}],"predecessor-version":[{"id":108815,"href":"https:\/\/www.exoclick.com\/fr\/wp-json\/wp\/v2\/pages\/77997\/revisions\/108815"}],"wp:featuredmedia":[{"embeddable":true,"href":"https:\/\/www.exoclick.com\/fr\/wp-json\/wp\/v2\/media\/96949"}],"wp:attachment":[{"href":"https:\/\/www.exoclick.com\/fr\/wp-json\/wp\/v2\/media?parent=77997"}],"curies":[{"name":"wp","href":"https:\/\/api.w.org\/{rel}","templated":true}]}}