{"id":35482,"date":"2019-09-02T17:14:13","date_gmt":"2019-09-02T15:14:13","guid":{"rendered":"https:\/\/www.exoclick.com\/?page_id=35482"},"modified":"2024-02-05T16:02:20","modified_gmt":"2024-02-05T15:02:20","slug":"outils-dannonceur","status":"publish","type":"page","link":"https:\/\/www.exoclick.com\/fr\/annonceurs\/outils-dannonceur\/","title":{"rendered":"Outils d&#8217;annonceur"},"content":{"rendered":"","protected":false},"excerpt":{"rendered":"","protected":false},"author":1234,"featured_media":0,"parent":11548,"menu_order":0,"comment_status":"open","ping_status":"open","template":"page-tools.php","meta":[],"yoast_head":"<!-- This site is optimized with the Yoast SEO Premium plugin v19.4 (Yoast SEO v18.0) - https:\/\/yoast.com\/wordpress\/plugins\/seo\/ -->\n<meta name=\"description\" content=\"ExoClick dispose d&#039;une large gamme d&#039;outils d&#039;automatisation pour des ench\u00e8res automatiques et d&#039;algorithmes pour g\u00e9rer le trafic vers vos cr\u00e9ations publicitaires et pages d&#039;atterrissage.\" \/>\n<meta name=\"robots\" content=\"index, follow, max-snippet:-1, max-image-preview:large, max-video-preview:-1\" \/>\n<link rel=\"canonical\" href=\"https:\/\/www.exoclick.com\/fr\/annonceurs\/outils-dannonceur\/\" \/>\n<meta property=\"og:locale\" content=\"fr_FR\" \/>\n<meta property=\"og:type\" content=\"article\" \/>\n<meta property=\"og:title\" content=\"Outils d&#039;annonceur - ExoClick\" \/>\n<meta property=\"og:description\" content=\"ExoClick dispose d&#039;une large gamme d&#039;outils d&#039;automatisation pour des ench\u00e8res automatiques et d&#039;algorithmes pour g\u00e9rer le trafic vers vos cr\u00e9ations publicitaires et pages d&#039;atterrissage.\" \/>\n<meta property=\"og:url\" content=\"https:\/\/www.exoclick.com\/fr\/annonceurs\/outils-dannonceur\/\" \/>\n<meta property=\"og:site_name\" content=\"ExoClick\" \/>\n<meta property=\"article:modified_time\" content=\"2024-02-05T15:02:20+00:00\" \/>\n<meta property=\"og:image\" content=\"https:\/\/www.exoclick.com\/wp-content\/uploads\/2018\/09\/ExoClick-1200x600.png\" \/>\n<script type=\"application\/ld+json\" class=\"yoast-schema-graph\">{\"@context\":\"https:\/\/schema.org\",\"@graph\":[{\"@type\":\"Organization\",\"@id\":\"https:\/\/www.exoclick.com\/#organization\",\"name\":\"ExoClick\",\"url\":\"https:\/\/www.exoclick.com\/\",\"sameAs\":[],\"logo\":{\"@type\":\"ImageObject\",\"@id\":\"https:\/\/www.exoclick.com\/#logo\",\"inLanguage\":\"fr-FR\",\"url\":\"https:\/\/www.exoclick.com\/wp-content\/uploads\/2015\/04\/exoclick_new_baseline.png\",\"contentUrl\":\"https:\/\/www.exoclick.com\/wp-content\/uploads\/2015\/04\/exoclick_new_baseline.png\",\"width\":1500,\"height\":613,\"caption\":\"ExoClick\"},\"image\":{\"@id\":\"https:\/\/www.exoclick.com\/#logo\"}},{\"@type\":\"WebSite\",\"@id\":\"https:\/\/www.exoclick.com\/#website\",\"url\":\"https:\/\/www.exoclick.com\/\",\"name\":\"ExoClick\",\"description\":\"The innovative ad network\",\"publisher\":{\"@id\":\"https:\/\/www.exoclick.com\/#organization\"},\"potentialAction\":[{\"@type\":\"SearchAction\",\"target\":{\"@type\":\"EntryPoint\",\"urlTemplate\":\"https:\/\/www.exoclick.com\/?s={search_term_string}\"},\"query-input\":\"required name=search_term_string\"}],\"inLanguage\":\"fr-FR\"},{\"@type\":\"WebPage\",\"@id\":\"https:\/\/www.exoclick.com\/fr\/annonceurs\/outils-dannonceur\/#webpage\",\"url\":\"https:\/\/www.exoclick.com\/fr\/annonceurs\/outils-dannonceur\/\",\"name\":\"Outils d'annonceur - ExoClick\",\"isPartOf\":{\"@id\":\"https:\/\/www.exoclick.com\/#website\"},\"datePublished\":\"2019-09-02T15:14:13+00:00\",\"dateModified\":\"2024-02-05T15:02:20+00:00\",\"description\":\"ExoClick dispose d'une large gamme d'outils d'automatisation pour des ench\u00e8res automatiques et d'algorithmes pour g\u00e9rer le trafic vers vos cr\u00e9ations publicitaires et pages d'atterrissage.\",\"breadcrumb\":{\"@id\":\"https:\/\/www.exoclick.com\/fr\/annonceurs\/outils-dannonceur\/#breadcrumb\"},\"inLanguage\":\"fr-FR\",\"potentialAction\":[{\"@type\":\"ReadAction\",\"target\":[\"https:\/\/www.exoclick.com\/fr\/annonceurs\/outils-dannonceur\/\"]}]},{\"@type\":\"BreadcrumbList\",\"@id\":\"https:\/\/www.exoclick.com\/fr\/annonceurs\/outils-dannonceur\/#breadcrumb\",\"itemListElement\":[{\"@type\":\"ListItem\",\"position\":1,\"name\":\"Home\",\"item\":\"https:\/\/www.exoclick.com\/fr\/\"},{\"@type\":\"ListItem\",\"position\":2,\"name\":\"Annonceurs\",\"item\":\"https:\/\/www.exoclick.com\/fr\/annonceurs\/\"},{\"@type\":\"ListItem\",\"position\":3,\"name\":\"Outils d&#8217;annonceur\"}]}]}<\/script>\n<!-- \/ Yoast SEO Premium plugin. -->","yoast_head_json":{"description":"ExoClick dispose d'une large gamme d'outils d'automatisation pour des ench\u00e8res automatiques et d'algorithmes pour g\u00e9rer le trafic vers vos cr\u00e9ations publicitaires et pages d'atterrissage.","robots":{"index":"index","follow":"follow","max-snippet":"max-snippet:-1","max-image-preview":"max-image-preview:large","max-video-preview":"max-video-preview:-1"},"canonical":"https:\/\/www.exoclick.com\/fr\/annonceurs\/outils-dannonceur\/","og_locale":"fr_FR","og_type":"article","og_title":"Outils d'annonceur - ExoClick","og_description":"ExoClick dispose d'une large gamme d'outils d'automatisation pour des ench\u00e8res automatiques et d'algorithmes pour g\u00e9rer le trafic vers vos cr\u00e9ations publicitaires et pages d'atterrissage.","og_url":"https:\/\/www.exoclick.com\/fr\/annonceurs\/outils-dannonceur\/","og_site_name":"ExoClick","article_modified_time":"2024-02-05T15:02:20+00:00","og_image":[{"url":"https:\/\/www.exoclick.com\/wp-content\/uploads\/2018\/09\/ExoClick-1200x600.png"}],"schema":{"@context":"https:\/\/schema.org","@graph":[{"@type":"Organization","@id":"https:\/\/www.exoclick.com\/#organization","name":"ExoClick","url":"https:\/\/www.exoclick.com\/","sameAs":[],"logo":{"@type":"ImageObject","@id":"https:\/\/www.exoclick.com\/#logo","inLanguage":"fr-FR","url":"https:\/\/www.exoclick.com\/wp-content\/uploads\/2015\/04\/exoclick_new_baseline.png","contentUrl":"https:\/\/www.exoclick.com\/wp-content\/uploads\/2015\/04\/exoclick_new_baseline.png","width":1500,"height":613,"caption":"ExoClick"},"image":{"@id":"https:\/\/www.exoclick.com\/#logo"}},{"@type":"WebSite","@id":"https:\/\/www.exoclick.com\/#website","url":"https:\/\/www.exoclick.com\/","name":"ExoClick","description":"The innovative ad network","publisher":{"@id":"https:\/\/www.exoclick.com\/#organization"},"potentialAction":[{"@type":"SearchAction","target":{"@type":"EntryPoint","urlTemplate":"https:\/\/www.exoclick.com\/?s={search_term_string}"},"query-input":"required name=search_term_string"}],"inLanguage":"fr-FR"},{"@type":"WebPage","@id":"https:\/\/www.exoclick.com\/fr\/annonceurs\/outils-dannonceur\/#webpage","url":"https:\/\/www.exoclick.com\/fr\/annonceurs\/outils-dannonceur\/","name":"Outils d'annonceur - ExoClick","isPartOf":{"@id":"https:\/\/www.exoclick.com\/#website"},"datePublished":"2019-09-02T15:14:13+00:00","dateModified":"2024-02-05T15:02:20+00:00","description":"ExoClick dispose d'une large gamme d'outils d'automatisation pour des ench\u00e8res automatiques et d'algorithmes pour g\u00e9rer le trafic vers vos cr\u00e9ations publicitaires et pages d'atterrissage.","breadcrumb":{"@id":"https:\/\/www.exoclick.com\/fr\/annonceurs\/outils-dannonceur\/#breadcrumb"},"inLanguage":"fr-FR","potentialAction":[{"@type":"ReadAction","target":["https:\/\/www.exoclick.com\/fr\/annonceurs\/outils-dannonceur\/"]}]},{"@type":"BreadcrumbList","@id":"https:\/\/www.exoclick.com\/fr\/annonceurs\/outils-dannonceur\/#breadcrumb","itemListElement":[{"@type":"ListItem","position":1,"name":"Home","item":"https:\/\/www.exoclick.com\/fr\/"},{"@type":"ListItem","position":2,"name":"Annonceurs","item":"https:\/\/www.exoclick.com\/fr\/annonceurs\/"},{"@type":"ListItem","position":3,"name":"Outils d&#8217;annonceur"}]}]}},"_links":{"self":[{"href":"https:\/\/www.exoclick.com\/fr\/wp-json\/wp\/v2\/pages\/35482"}],"collection":[{"href":"https:\/\/www.exoclick.com\/fr\/wp-json\/wp\/v2\/pages"}],"about":[{"href":"https:\/\/www.exoclick.com\/fr\/wp-json\/wp\/v2\/types\/page"}],"author":[{"embeddable":true,"href":"https:\/\/www.exoclick.com\/fr\/wp-json\/wp\/v2\/users\/1234"}],"replies":[{"embeddable":true,"href":"https:\/\/www.exoclick.com\/fr\/wp-json\/wp\/v2\/comments?post=35482"}],"version-history":[{"count":13,"href":"https:\/\/www.exoclick.com\/fr\/wp-json\/wp\/v2\/pages\/35482\/revisions"}],"predecessor-version":[{"id":85488,"href":"https:\/\/www.exoclick.com\/fr\/wp-json\/wp\/v2\/pages\/35482\/revisions\/85488"}],"up":[{"embeddable":true,"href":"https:\/\/www.exoclick.com\/fr\/wp-json\/wp\/v2\/pages\/11548"}],"wp:attachment":[{"href":"https:\/\/www.exoclick.com\/fr\/wp-json\/wp\/v2\/media?parent=35482"}],"curies":[{"name":"wp","href":"https:\/\/api.w.org\/{rel}","templated":true}]}}