{"id":3179,"date":"2014-01-30T08:59:41","date_gmt":"2014-01-30T07:59:41","guid":{"rendered":"https:\/\/www.exoclick.com\/?page_id=3179"},"modified":"2024-11-25T11:40:42","modified_gmt":"2024-11-25T10:40:42","slug":"home","status":"publish","type":"page","link":"https:\/\/www.exoclick.com\/fr\/","title":{"rendered":"Home"},"content":{"rendered":"","protected":false},"excerpt":{"rendered":"","protected":false},"author":5,"featured_media":0,"parent":0,"menu_order":0,"comment_status":"open","ping_status":"open","template":"page-home-v2.php","meta":[],"yoast_head":"<!-- This site is optimized with the Yoast SEO Premium plugin v19.4 (Yoast SEO v18.0) - https:\/\/yoast.com\/wordpress\/plugins\/seo\/ -->\n<meta name=\"description\" content=\"ExoClick sert 12 milliards de publicit\u00e9s cibl\u00e9es g\u00e9ographiquement quotidiennement pour les annonceurs et les \u00e9diteurs du monde entier qu&#039;ils soient web ou mobile.\" \/>\n<meta name=\"robots\" content=\"index, follow, max-snippet:-1, max-image-preview:large, max-video-preview:-1\" \/>\n<link rel=\"canonical\" href=\"https:\/\/www.exoclick.com\/fr\/\" \/>\n<meta property=\"og:locale\" content=\"fr_FR\" \/>\n<meta property=\"og:type\" content=\"article\" \/>\n<meta property=\"og:title\" content=\"Home - ExoClick\" \/>\n<meta property=\"og:description\" content=\"ExoClick sert 12 milliards de publicit\u00e9s cibl\u00e9es g\u00e9ographiquement quotidiennement pour les annonceurs et les \u00e9diteurs du monde entier qu&#039;ils soient web ou mobile.\" \/>\n<meta property=\"og:url\" content=\"https:\/\/www.exoclick.com\/fr\/\" \/>\n<meta property=\"og:site_name\" content=\"ExoClick\" \/>\n<meta property=\"article:modified_time\" content=\"2024-11-25T10:40:42+00:00\" \/>\n<meta property=\"og:image\" content=\"https:\/\/www.exoclick.com\/wp-content\/uploads\/2018\/09\/ExoClick-1200x600.png\" \/>\n<script type=\"application\/ld+json\" class=\"yoast-schema-graph\">{\"@context\":\"https:\/\/schema.org\",\"@graph\":[{\"@type\":\"Organization\",\"@id\":\"https:\/\/www.exoclick.com\/#organization\",\"name\":\"ExoClick\",\"url\":\"https:\/\/www.exoclick.com\/\",\"sameAs\":[],\"logo\":{\"@type\":\"ImageObject\",\"@id\":\"https:\/\/www.exoclick.com\/#logo\",\"inLanguage\":\"fr-FR\",\"url\":\"https:\/\/www.exoclick.com\/wp-content\/uploads\/2015\/04\/exoclick_new_baseline.png\",\"contentUrl\":\"https:\/\/www.exoclick.com\/wp-content\/uploads\/2015\/04\/exoclick_new_baseline.png\",\"width\":1500,\"height\":613,\"caption\":\"ExoClick\"},\"image\":{\"@id\":\"https:\/\/www.exoclick.com\/#logo\"}},{\"@type\":\"WebSite\",\"@id\":\"https:\/\/www.exoclick.com\/#website\",\"url\":\"https:\/\/www.exoclick.com\/\",\"name\":\"ExoClick\",\"description\":\"The innovative ad network\",\"publisher\":{\"@id\":\"https:\/\/www.exoclick.com\/#organization\"},\"potentialAction\":[{\"@type\":\"SearchAction\",\"target\":{\"@type\":\"EntryPoint\",\"urlTemplate\":\"https:\/\/www.exoclick.com\/?s={search_term_string}\"},\"query-input\":\"required name=search_term_string\"}],\"inLanguage\":\"fr-FR\"},{\"@type\":\"WebPage\",\"@id\":\"https:\/\/www.exoclick.com\/fr\/#webpage\",\"url\":\"https:\/\/www.exoclick.com\/fr\/\",\"name\":\"Home - ExoClick\",\"isPartOf\":{\"@id\":\"https:\/\/www.exoclick.com\/#website\"},\"datePublished\":\"2014-01-30T07:59:41+00:00\",\"dateModified\":\"2024-11-25T10:40:42+00:00\",\"description\":\"ExoClick sert 12 milliards de publicit\u00e9s cibl\u00e9es g\u00e9ographiquement quotidiennement pour les annonceurs et les \u00e9diteurs du monde entier qu'ils soient web ou mobile.\",\"breadcrumb\":{\"@id\":\"https:\/\/www.exoclick.com\/fr\/#breadcrumb\"},\"inLanguage\":\"fr-FR\",\"potentialAction\":[{\"@type\":\"ReadAction\",\"target\":[\"https:\/\/www.exoclick.com\/fr\/\"]}]},{\"@type\":\"BreadcrumbList\",\"@id\":\"https:\/\/www.exoclick.com\/fr\/#breadcrumb\",\"itemListElement\":[{\"@type\":\"ListItem\",\"position\":1,\"name\":\"Home\",\"item\":\"https:\/\/www.exoclick.com\/fr\/\"},{\"@type\":\"ListItem\",\"position\":2,\"name\":\"Home\"}]}]}<\/script>\n<!-- \/ Yoast SEO Premium plugin. -->","yoast_head_json":{"description":"ExoClick sert 12 milliards de publicit\u00e9s cibl\u00e9es g\u00e9ographiquement quotidiennement pour les annonceurs et les \u00e9diteurs du monde entier qu'ils soient web ou mobile.","robots":{"index":"index","follow":"follow","max-snippet":"max-snippet:-1","max-image-preview":"max-image-preview:large","max-video-preview":"max-video-preview:-1"},"canonical":"https:\/\/www.exoclick.com\/fr\/","og_locale":"fr_FR","og_type":"article","og_title":"Home - ExoClick","og_description":"ExoClick sert 12 milliards de publicit\u00e9s cibl\u00e9es g\u00e9ographiquement quotidiennement pour les annonceurs et les \u00e9diteurs du monde entier qu'ils soient web ou mobile.","og_url":"https:\/\/www.exoclick.com\/fr\/","og_site_name":"ExoClick","article_modified_time":"2024-11-25T10:40:42+00:00","og_image":[{"url":"https:\/\/www.exoclick.com\/wp-content\/uploads\/2018\/09\/ExoClick-1200x600.png"}],"schema":{"@context":"https:\/\/schema.org","@graph":[{"@type":"Organization","@id":"https:\/\/www.exoclick.com\/#organization","name":"ExoClick","url":"https:\/\/www.exoclick.com\/","sameAs":[],"logo":{"@type":"ImageObject","@id":"https:\/\/www.exoclick.com\/#logo","inLanguage":"fr-FR","url":"https:\/\/www.exoclick.com\/wp-content\/uploads\/2015\/04\/exoclick_new_baseline.png","contentUrl":"https:\/\/www.exoclick.com\/wp-content\/uploads\/2015\/04\/exoclick_new_baseline.png","width":1500,"height":613,"caption":"ExoClick"},"image":{"@id":"https:\/\/www.exoclick.com\/#logo"}},{"@type":"WebSite","@id":"https:\/\/www.exoclick.com\/#website","url":"https:\/\/www.exoclick.com\/","name":"ExoClick","description":"The innovative ad network","publisher":{"@id":"https:\/\/www.exoclick.com\/#organization"},"potentialAction":[{"@type":"SearchAction","target":{"@type":"EntryPoint","urlTemplate":"https:\/\/www.exoclick.com\/?s={search_term_string}"},"query-input":"required name=search_term_string"}],"inLanguage":"fr-FR"},{"@type":"WebPage","@id":"https:\/\/www.exoclick.com\/fr\/#webpage","url":"https:\/\/www.exoclick.com\/fr\/","name":"Home - ExoClick","isPartOf":{"@id":"https:\/\/www.exoclick.com\/#website"},"datePublished":"2014-01-30T07:59:41+00:00","dateModified":"2024-11-25T10:40:42+00:00","description":"ExoClick sert 12 milliards de publicit\u00e9s cibl\u00e9es g\u00e9ographiquement quotidiennement pour les annonceurs et les \u00e9diteurs du monde entier qu'ils soient web ou mobile.","breadcrumb":{"@id":"https:\/\/www.exoclick.com\/fr\/#breadcrumb"},"inLanguage":"fr-FR","potentialAction":[{"@type":"ReadAction","target":["https:\/\/www.exoclick.com\/fr\/"]}]},{"@type":"BreadcrumbList","@id":"https:\/\/www.exoclick.com\/fr\/#breadcrumb","itemListElement":[{"@type":"ListItem","position":1,"name":"Home","item":"https:\/\/www.exoclick.com\/fr\/"},{"@type":"ListItem","position":2,"name":"Home"}]}]}},"_links":{"self":[{"href":"https:\/\/www.exoclick.com\/fr\/wp-json\/wp\/v2\/pages\/3179"}],"collection":[{"href":"https:\/\/www.exoclick.com\/fr\/wp-json\/wp\/v2\/pages"}],"about":[{"href":"https:\/\/www.exoclick.com\/fr\/wp-json\/wp\/v2\/types\/page"}],"author":[{"embeddable":true,"href":"https:\/\/www.exoclick.com\/fr\/wp-json\/wp\/v2\/users\/5"}],"replies":[{"embeddable":true,"href":"https:\/\/www.exoclick.com\/fr\/wp-json\/wp\/v2\/comments?post=3179"}],"version-history":[{"count":99,"href":"https:\/\/www.exoclick.com\/fr\/wp-json\/wp\/v2\/pages\/3179\/revisions"}],"predecessor-version":[{"id":104291,"href":"https:\/\/www.exoclick.com\/fr\/wp-json\/wp\/v2\/pages\/3179\/revisions\/104291"}],"wp:attachment":[{"href":"https:\/\/www.exoclick.com\/fr\/wp-json\/wp\/v2\/media?parent=3179"}],"curies":[{"name":"wp","href":"https:\/\/api.w.org\/{rel}","templated":true}]}}