{"id":3111,"date":"2014-04-15T16:04:13","date_gmt":"2014-04-15T14:04:13","guid":{"rendered":"https:\/\/www.exoclick.com\/?page_id=3111"},"modified":"2026-03-18T12:30:56","modified_gmt":"2026-03-18T11:30:56","slug":"nous-contacter","status":"publish","type":"page","link":"https:\/\/www.exoclick.com\/fr\/nous-contacter\/","title":{"rendered":"Nous contacter"},"content":{"rendered":"<h3>We are undergoing improvements to some of our communication tools this weekend but the contact form will return on Monday 19th June!<\/h3>\n<h4>In the meantime please Email <a>help@exoclick.com<\/a> for any assistance you need, and we will do our best to get back you in the shortest time possible.<\/h4>\n<p><!-- [kayako_helpdesk] --><\/p>\n","protected":false},"excerpt":{"rendered":"<p>We are undergoing improvements to some of our communication tools this weekend but the contact form will return on Monday 19th June! In the meantime please Email help@exoclick.com for any assistance you need, and we will do our best to get back you in the shortest time possible.<\/p>\n","protected":false},"author":5,"featured_media":0,"parent":0,"menu_order":0,"comment_status":"open","ping_status":"closed","template":"page-contact.php","meta":[],"yoast_head":"<!-- This site is optimized with the Yoast SEO Premium plugin v19.4 (Yoast SEO v19.9) - https:\/\/yoast.com\/wordpress\/plugins\/seo\/ -->\n<title>Nous contacter - ExoClick<\/title>\n<meta name=\"description\" content=\"Contactez nous. S&#039;il vous pla\u00eet remplir la cat\u00e9gorie correspondante. Nos agents nous r\u00e9pondrons \u00e0 votre demande dans les plus brefs d\u00e9lais.\" \/>\n<meta name=\"robots\" content=\"index, follow, max-snippet:-1, max-image-preview:large, max-video-preview:-1\" \/>\n<link rel=\"canonical\" href=\"https:\/\/www.exoclick.com\/fr\/nous-contacter\/\" \/>\n<meta property=\"og:locale\" content=\"fr_FR\" \/>\n<meta property=\"og:type\" content=\"article\" \/>\n<meta property=\"og:title\" content=\"Nous contacter\" \/>\n<meta property=\"og:description\" content=\"Contactez nous. S&#039;il vous pla\u00eet remplir la cat\u00e9gorie correspondante. Nos agents nous r\u00e9pondrons \u00e0 votre demande dans les plus brefs d\u00e9lais.\" \/>\n<meta property=\"og:url\" content=\"https:\/\/www.exoclick.com\/fr\/nous-contacter\/\" \/>\n<meta property=\"og:site_name\" content=\"ExoClick\" \/>\n<meta property=\"article:modified_time\" content=\"2026-03-18T11:30:56+00:00\" \/>\n<meta property=\"og:image\" content=\"https:\/\/www.exoclick.com\/wp-content\/uploads\/2018\/09\/ExoClick-1200x600.png\" \/>\n<script type=\"application\/ld+json\" class=\"yoast-schema-graph\">{\"@context\":\"https:\/\/schema.org\",\"@graph\":[{\"@type\":\"WebPage\",\"@id\":\"https:\/\/www.exoclick.com\/fr\/nous-contacter\/\",\"url\":\"https:\/\/www.exoclick.com\/fr\/nous-contacter\/\",\"name\":\"Nous contacter - ExoClick\",\"isPartOf\":{\"@id\":\"https:\/\/www.exoclick.com\/#website\"},\"datePublished\":\"2014-04-15T14:04:13+00:00\",\"dateModified\":\"2026-03-18T11:30:56+00:00\",\"description\":\"Contactez nous. S'il vous pla\u00eet remplir la cat\u00e9gorie correspondante. Nos agents nous r\u00e9pondrons \u00e0 votre demande dans les plus brefs d\u00e9lais.\",\"breadcrumb\":{\"@id\":\"https:\/\/www.exoclick.com\/fr\/nous-contacter\/#breadcrumb\"},\"inLanguage\":\"fr-FR\",\"potentialAction\":[{\"@type\":\"ReadAction\",\"target\":[\"https:\/\/www.exoclick.com\/fr\/nous-contacter\/\"]}]},{\"@type\":\"BreadcrumbList\",\"@id\":\"https:\/\/www.exoclick.com\/fr\/nous-contacter\/#breadcrumb\",\"itemListElement\":[{\"@type\":\"ListItem\",\"position\":1,\"name\":\"Home\",\"item\":\"https:\/\/www.exoclick.com\/fr\/\"},{\"@type\":\"ListItem\",\"position\":2,\"name\":\"Nous contacter\"}]},{\"@type\":\"WebSite\",\"@id\":\"https:\/\/www.exoclick.com\/#website\",\"url\":\"https:\/\/www.exoclick.com\/\",\"name\":\"ExoClick\",\"description\":\"The innovative ad network\",\"publisher\":{\"@id\":\"https:\/\/www.exoclick.com\/#organization\"},\"potentialAction\":[{\"@type\":\"SearchAction\",\"target\":{\"@type\":\"EntryPoint\",\"urlTemplate\":\"https:\/\/www.exoclick.com\/?s={search_term_string}\"},\"query-input\":\"required name=search_term_string\"}],\"inLanguage\":\"fr-FR\"},{\"@type\":\"Organization\",\"@id\":\"https:\/\/www.exoclick.com\/#organization\",\"name\":\"ExoClick\",\"url\":\"https:\/\/www.exoclick.com\/\",\"logo\":{\"@type\":\"ImageObject\",\"inLanguage\":\"fr-FR\",\"@id\":\"https:\/\/www.exoclick.com\/#\/schema\/logo\/image\/\",\"url\":\"https:\/\/www.exoclick.com\/wp-content\/uploads\/2015\/04\/exoclick_new_baseline.png\",\"contentUrl\":\"https:\/\/www.exoclick.com\/wp-content\/uploads\/2015\/04\/exoclick_new_baseline.png\",\"width\":1500,\"height\":613,\"caption\":\"ExoClick\"},\"image\":{\"@id\":\"https:\/\/www.exoclick.com\/#\/schema\/logo\/image\/\"}}]}<\/script>\n<!-- \/ Yoast SEO Premium plugin. -->","yoast_head_json":{"title":"Nous contacter - ExoClick","description":"Contactez nous. S'il vous pla\u00eet remplir la cat\u00e9gorie correspondante. Nos agents nous r\u00e9pondrons \u00e0 votre demande dans les plus brefs d\u00e9lais.","robots":{"index":"index","follow":"follow","max-snippet":"max-snippet:-1","max-image-preview":"max-image-preview:large","max-video-preview":"max-video-preview:-1"},"canonical":"https:\/\/www.exoclick.com\/fr\/nous-contacter\/","og_locale":"fr_FR","og_type":"article","og_title":"Nous contacter","og_description":"Contactez nous. S'il vous pla\u00eet remplir la cat\u00e9gorie correspondante. Nos agents nous r\u00e9pondrons \u00e0 votre demande dans les plus brefs d\u00e9lais.","og_url":"https:\/\/www.exoclick.com\/fr\/nous-contacter\/","og_site_name":"ExoClick","article_modified_time":"2026-03-18T11:30:56+00:00","og_image":[{"url":"https:\/\/www.exoclick.com\/wp-content\/uploads\/2018\/09\/ExoClick-1200x600.png"}],"schema":{"@context":"https:\/\/schema.org","@graph":[{"@type":"WebPage","@id":"https:\/\/www.exoclick.com\/fr\/nous-contacter\/","url":"https:\/\/www.exoclick.com\/fr\/nous-contacter\/","name":"Nous contacter - ExoClick","isPartOf":{"@id":"https:\/\/www.exoclick.com\/#website"},"datePublished":"2014-04-15T14:04:13+00:00","dateModified":"2026-03-18T11:30:56+00:00","description":"Contactez nous. S'il vous pla\u00eet remplir la cat\u00e9gorie correspondante. Nos agents nous r\u00e9pondrons \u00e0 votre demande dans les plus brefs d\u00e9lais.","breadcrumb":{"@id":"https:\/\/www.exoclick.com\/fr\/nous-contacter\/#breadcrumb"},"inLanguage":"fr-FR","potentialAction":[{"@type":"ReadAction","target":["https:\/\/www.exoclick.com\/fr\/nous-contacter\/"]}]},{"@type":"BreadcrumbList","@id":"https:\/\/www.exoclick.com\/fr\/nous-contacter\/#breadcrumb","itemListElement":[{"@type":"ListItem","position":1,"name":"Home","item":"https:\/\/www.exoclick.com\/fr\/"},{"@type":"ListItem","position":2,"name":"Nous contacter"}]},{"@type":"WebSite","@id":"https:\/\/www.exoclick.com\/#website","url":"https:\/\/www.exoclick.com\/","name":"ExoClick","description":"The innovative ad network","publisher":{"@id":"https:\/\/www.exoclick.com\/#organization"},"potentialAction":[{"@type":"SearchAction","target":{"@type":"EntryPoint","urlTemplate":"https:\/\/www.exoclick.com\/?s={search_term_string}"},"query-input":"required name=search_term_string"}],"inLanguage":"fr-FR"},{"@type":"Organization","@id":"https:\/\/www.exoclick.com\/#organization","name":"ExoClick","url":"https:\/\/www.exoclick.com\/","logo":{"@type":"ImageObject","inLanguage":"fr-FR","@id":"https:\/\/www.exoclick.com\/#\/schema\/logo\/image\/","url":"https:\/\/www.exoclick.com\/wp-content\/uploads\/2015\/04\/exoclick_new_baseline.png","contentUrl":"https:\/\/www.exoclick.com\/wp-content\/uploads\/2015\/04\/exoclick_new_baseline.png","width":1500,"height":613,"caption":"ExoClick"},"image":{"@id":"https:\/\/www.exoclick.com\/#\/schema\/logo\/image\/"}}]}},"_links":{"self":[{"href":"https:\/\/www.exoclick.com\/fr\/wp-json\/wp\/v2\/pages\/3111"}],"collection":[{"href":"https:\/\/www.exoclick.com\/fr\/wp-json\/wp\/v2\/pages"}],"about":[{"href":"https:\/\/www.exoclick.com\/fr\/wp-json\/wp\/v2\/types\/page"}],"author":[{"embeddable":true,"href":"https:\/\/www.exoclick.com\/fr\/wp-json\/wp\/v2\/users\/5"}],"replies":[{"embeddable":true,"href":"https:\/\/www.exoclick.com\/fr\/wp-json\/wp\/v2\/comments?post=3111"}],"version-history":[{"count":14,"href":"https:\/\/www.exoclick.com\/fr\/wp-json\/wp\/v2\/pages\/3111\/revisions"}],"predecessor-version":[{"id":109095,"href":"https:\/\/www.exoclick.com\/fr\/wp-json\/wp\/v2\/pages\/3111\/revisions\/109095"}],"wp:attachment":[{"href":"https:\/\/www.exoclick.com\/fr\/wp-json\/wp\/v2\/media?parent=3111"}],"curies":[{"name":"wp","href":"https:\/\/api.w.org\/{rel}","templated":true}]}}