{"id":16431,"date":"2017-01-30T14:03:17","date_gmt":"2017-01-30T13:03:17","guid":{"rendered":"https:\/\/www.exoclick.com\/fr\/?page_id=16431"},"modified":"2020-09-15T09:41:00","modified_gmt":"2020-09-15T07:41:00","slug":"inscription-merci","status":"publish","type":"page","link":"https:\/\/www.exoclick.com\/fr\/inscription\/inscription-merci\/","title":{"rendered":"Bienvenue sur ExoClick!"},"content":{"rendered":"<p>Merci de vous \u00eatre inscrit \u00e0 ExoClick!<\/p>\n<p>Veuillez v\u00e9rifier votre adresse e-mail en cliquant sur le lien qui a \u00e9t\u00e9 envoy\u00e9 \u00e0 l\u2019adresse e-mail que vous avez utilis\u00e9e pour enregistrer votre compte.<\/p>\n<p>Veuillez consulter notre <a href=\"https:\/\/docs.exoclick.com\/\" target=\"_blank\" rel=\"noopener noreferrer\">documentation et nos FAQ<\/a> pour commencer et notre <a href=\"https:\/\/www.exoclick.com\/about-us\/blog\/\" target=\"_blank\" rel=\"noopener noreferrer\">blog<\/a> pour des conseils et des tutoriels.<\/p>\n","protected":false},"excerpt":{"rendered":"<p>Merci de vous \u00eatre inscrit \u00e0 ExoClick! Veuillez v\u00e9rifier votre adresse e-mail en cliquant sur le lien qui a \u00e9t\u00e9 envoy\u00e9 \u00e0 l\u2019adresse e-mail que vous avez utilis\u00e9e pour enregistrer votre compte. Veuillez consulter notre documentation et nos FAQ pour commencer et notre blog pour des conseils et des tutoriels.<\/p>\n","protected":false},"author":5,"featured_media":0,"parent":3372,"menu_order":0,"comment_status":"open","ping_status":"open","template":"","meta":[],"yoast_head":"<!-- This site is optimized with the Yoast SEO Premium plugin v19.4 (Yoast SEO v18.0) - https:\/\/yoast.com\/wordpress\/plugins\/seo\/ -->\n<meta name=\"description\" content=\"Merci pour votre inscription \u00e0 ExoClick!\" \/>\n<meta name=\"robots\" content=\"index, follow, max-snippet:-1, max-image-preview:large, max-video-preview:-1\" \/>\n<link rel=\"canonical\" href=\"https:\/\/www.exoclick.com\/fr\/inscription\/inscription-merci\/\" \/>\n<meta property=\"og:locale\" content=\"fr_FR\" \/>\n<meta property=\"og:type\" content=\"article\" \/>\n<meta property=\"og:title\" content=\"Bienvenue sur ExoClick! - ExoClick\" \/>\n<meta property=\"og:description\" content=\"Merci pour votre inscription \u00e0 ExoClick!\" \/>\n<meta property=\"og:url\" content=\"https:\/\/www.exoclick.com\/fr\/inscription\/inscription-merci\/\" \/>\n<meta property=\"og:site_name\" content=\"ExoClick\" \/>\n<meta property=\"article:modified_time\" content=\"2020-09-15T07:41:00+00:00\" \/>\n<meta property=\"og:image\" content=\"https:\/\/www.exoclick.com\/wp-content\/uploads\/2018\/09\/ExoClick-1200x600.png\" \/>\n<script type=\"application\/ld+json\" class=\"yoast-schema-graph\">{\"@context\":\"https:\/\/schema.org\",\"@graph\":[{\"@type\":\"Organization\",\"@id\":\"https:\/\/www.exoclick.com\/#organization\",\"name\":\"ExoClick\",\"url\":\"https:\/\/www.exoclick.com\/\",\"sameAs\":[],\"logo\":{\"@type\":\"ImageObject\",\"@id\":\"https:\/\/www.exoclick.com\/#logo\",\"inLanguage\":\"fr-FR\",\"url\":\"https:\/\/www.exoclick.com\/wp-content\/uploads\/2015\/04\/exoclick_new_baseline.png\",\"contentUrl\":\"https:\/\/www.exoclick.com\/wp-content\/uploads\/2015\/04\/exoclick_new_baseline.png\",\"width\":1500,\"height\":613,\"caption\":\"ExoClick\"},\"image\":{\"@id\":\"https:\/\/www.exoclick.com\/#logo\"}},{\"@type\":\"WebSite\",\"@id\":\"https:\/\/www.exoclick.com\/#website\",\"url\":\"https:\/\/www.exoclick.com\/\",\"name\":\"ExoClick\",\"description\":\"The innovative ad network\",\"publisher\":{\"@id\":\"https:\/\/www.exoclick.com\/#organization\"},\"potentialAction\":[{\"@type\":\"SearchAction\",\"target\":{\"@type\":\"EntryPoint\",\"urlTemplate\":\"https:\/\/www.exoclick.com\/?s={search_term_string}\"},\"query-input\":\"required name=search_term_string\"}],\"inLanguage\":\"fr-FR\"},{\"@type\":\"WebPage\",\"@id\":\"https:\/\/www.exoclick.com\/fr\/inscription\/inscription-merci\/#webpage\",\"url\":\"https:\/\/www.exoclick.com\/fr\/inscription\/inscription-merci\/\",\"name\":\"Bienvenue sur ExoClick! - ExoClick\",\"isPartOf\":{\"@id\":\"https:\/\/www.exoclick.com\/#website\"},\"datePublished\":\"2017-01-30T13:03:17+00:00\",\"dateModified\":\"2020-09-15T07:41:00+00:00\",\"description\":\"Merci pour votre inscription \u00e0 ExoClick!\",\"breadcrumb\":{\"@id\":\"https:\/\/www.exoclick.com\/fr\/inscription\/inscription-merci\/#breadcrumb\"},\"inLanguage\":\"fr-FR\",\"potentialAction\":[{\"@type\":\"ReadAction\",\"target\":[\"https:\/\/www.exoclick.com\/fr\/inscription\/inscription-merci\/\"]}]},{\"@type\":\"BreadcrumbList\",\"@id\":\"https:\/\/www.exoclick.com\/fr\/inscription\/inscription-merci\/#breadcrumb\",\"itemListElement\":[{\"@type\":\"ListItem\",\"position\":1,\"name\":\"Home\",\"item\":\"https:\/\/www.exoclick.com\/fr\/\"},{\"@type\":\"ListItem\",\"position\":2,\"name\":\"Inscription\",\"item\":\"https:\/\/www.exoclick.com\/fr\/inscription\/\"},{\"@type\":\"ListItem\",\"position\":3,\"name\":\"Bienvenue sur ExoClick!\"}]}]}<\/script>\n<!-- \/ Yoast SEO Premium plugin. -->","yoast_head_json":{"description":"Merci pour votre inscription \u00e0 ExoClick!","robots":{"index":"index","follow":"follow","max-snippet":"max-snippet:-1","max-image-preview":"max-image-preview:large","max-video-preview":"max-video-preview:-1"},"canonical":"https:\/\/www.exoclick.com\/fr\/inscription\/inscription-merci\/","og_locale":"fr_FR","og_type":"article","og_title":"Bienvenue sur ExoClick! - ExoClick","og_description":"Merci pour votre inscription \u00e0 ExoClick!","og_url":"https:\/\/www.exoclick.com\/fr\/inscription\/inscription-merci\/","og_site_name":"ExoClick","article_modified_time":"2020-09-15T07:41:00+00:00","og_image":[{"url":"https:\/\/www.exoclick.com\/wp-content\/uploads\/2018\/09\/ExoClick-1200x600.png"}],"schema":{"@context":"https:\/\/schema.org","@graph":[{"@type":"Organization","@id":"https:\/\/www.exoclick.com\/#organization","name":"ExoClick","url":"https:\/\/www.exoclick.com\/","sameAs":[],"logo":{"@type":"ImageObject","@id":"https:\/\/www.exoclick.com\/#logo","inLanguage":"fr-FR","url":"https:\/\/www.exoclick.com\/wp-content\/uploads\/2015\/04\/exoclick_new_baseline.png","contentUrl":"https:\/\/www.exoclick.com\/wp-content\/uploads\/2015\/04\/exoclick_new_baseline.png","width":1500,"height":613,"caption":"ExoClick"},"image":{"@id":"https:\/\/www.exoclick.com\/#logo"}},{"@type":"WebSite","@id":"https:\/\/www.exoclick.com\/#website","url":"https:\/\/www.exoclick.com\/","name":"ExoClick","description":"The innovative ad network","publisher":{"@id":"https:\/\/www.exoclick.com\/#organization"},"potentialAction":[{"@type":"SearchAction","target":{"@type":"EntryPoint","urlTemplate":"https:\/\/www.exoclick.com\/?s={search_term_string}"},"query-input":"required name=search_term_string"}],"inLanguage":"fr-FR"},{"@type":"WebPage","@id":"https:\/\/www.exoclick.com\/fr\/inscription\/inscription-merci\/#webpage","url":"https:\/\/www.exoclick.com\/fr\/inscription\/inscription-merci\/","name":"Bienvenue sur ExoClick! - ExoClick","isPartOf":{"@id":"https:\/\/www.exoclick.com\/#website"},"datePublished":"2017-01-30T13:03:17+00:00","dateModified":"2020-09-15T07:41:00+00:00","description":"Merci pour votre inscription \u00e0 ExoClick!","breadcrumb":{"@id":"https:\/\/www.exoclick.com\/fr\/inscription\/inscription-merci\/#breadcrumb"},"inLanguage":"fr-FR","potentialAction":[{"@type":"ReadAction","target":["https:\/\/www.exoclick.com\/fr\/inscription\/inscription-merci\/"]}]},{"@type":"BreadcrumbList","@id":"https:\/\/www.exoclick.com\/fr\/inscription\/inscription-merci\/#breadcrumb","itemListElement":[{"@type":"ListItem","position":1,"name":"Home","item":"https:\/\/www.exoclick.com\/fr\/"},{"@type":"ListItem","position":2,"name":"Inscription","item":"https:\/\/www.exoclick.com\/fr\/inscription\/"},{"@type":"ListItem","position":3,"name":"Bienvenue sur ExoClick!"}]}]}},"_links":{"self":[{"href":"https:\/\/www.exoclick.com\/fr\/wp-json\/wp\/v2\/pages\/16431"}],"collection":[{"href":"https:\/\/www.exoclick.com\/fr\/wp-json\/wp\/v2\/pages"}],"about":[{"href":"https:\/\/www.exoclick.com\/fr\/wp-json\/wp\/v2\/types\/page"}],"author":[{"embeddable":true,"href":"https:\/\/www.exoclick.com\/fr\/wp-json\/wp\/v2\/users\/5"}],"replies":[{"embeddable":true,"href":"https:\/\/www.exoclick.com\/fr\/wp-json\/wp\/v2\/comments?post=16431"}],"version-history":[{"count":3,"href":"https:\/\/www.exoclick.com\/fr\/wp-json\/wp\/v2\/pages\/16431\/revisions"}],"predecessor-version":[{"id":80403,"href":"https:\/\/www.exoclick.com\/fr\/wp-json\/wp\/v2\/pages\/16431\/revisions\/80403"}],"up":[{"embeddable":true,"href":"https:\/\/www.exoclick.com\/fr\/wp-json\/wp\/v2\/pages\/3372"}],"wp:attachment":[{"href":"https:\/\/www.exoclick.com\/fr\/wp-json\/wp\/v2\/media?parent=16431"}],"curies":[{"name":"wp","href":"https:\/\/api.w.org\/{rel}","templated":true}]}}