{"id":12940,"date":"2016-07-11T11:57:21","date_gmt":"2016-07-11T09:57:21","guid":{"rendered":"https:\/\/www.exoclick.com\/fr\/developpeurs\/conversion-tracking\/"},"modified":"2022-04-26T16:56:15","modified_gmt":"2022-04-26T14:56:15","slug":"conversion-tracking","status":"publish","type":"page","link":"https:\/\/www.exoclick.com\/fr\/conversion-tracking\/","title":{"rendered":"Conversion Tracking"},"content":{"rendered":"","protected":false},"excerpt":{"rendered":"","protected":false},"author":5,"featured_media":0,"parent":0,"menu_order":0,"comment_status":"closed","ping_status":"closed","template":"page-developers-conversion.php","meta":[],"yoast_head":"<!-- This site is optimized with the Yoast SEO Premium plugin v19.4 (Yoast SEO v19.9) - https:\/\/yoast.com\/wordpress\/plugins\/seo\/ -->\n<title>Conversion Tracking - ExoClick<\/title>\n<meta name=\"description\" content=\"T\u00e9l\u00e9chargez nos manuels de suivi de conversions pour int\u00e9grer l&#039;API d&#039;ExoClick avec les API tiers.\" \/>\n<meta name=\"robots\" content=\"index, follow, max-snippet:-1, max-image-preview:large, max-video-preview:-1\" \/>\n<link rel=\"canonical\" href=\"https:\/\/www.exoclick.com\/fr\/conversion-tracking\/\" \/>\n<meta property=\"og:locale\" content=\"fr_FR\" \/>\n<meta property=\"og:type\" content=\"article\" \/>\n<meta property=\"og:title\" content=\"Conversion Tracking\" \/>\n<meta property=\"og:description\" content=\"T\u00e9l\u00e9chargez nos manuels de suivi de conversions pour int\u00e9grer l&#039;API d&#039;ExoClick avec les API tiers.\" \/>\n<meta property=\"og:url\" content=\"https:\/\/www.exoclick.com\/fr\/conversion-tracking\/\" \/>\n<meta property=\"og:site_name\" content=\"ExoClick\" \/>\n<meta property=\"article:modified_time\" content=\"2022-04-26T14:56:15+00:00\" \/>\n<meta property=\"og:image\" content=\"https:\/\/www.exoclick.com\/wp-content\/uploads\/2018\/09\/ExoClick-1200x600.png\" \/>\n<script type=\"application\/ld+json\" class=\"yoast-schema-graph\">{\"@context\":\"https:\/\/schema.org\",\"@graph\":[{\"@type\":\"WebPage\",\"@id\":\"https:\/\/www.exoclick.com\/fr\/conversion-tracking\/\",\"url\":\"https:\/\/www.exoclick.com\/fr\/conversion-tracking\/\",\"name\":\"Conversion Tracking - ExoClick\",\"isPartOf\":{\"@id\":\"https:\/\/www.exoclick.com\/#website\"},\"datePublished\":\"2016-07-11T09:57:21+00:00\",\"dateModified\":\"2022-04-26T14:56:15+00:00\",\"description\":\"T\u00e9l\u00e9chargez nos manuels de suivi de conversions pour int\u00e9grer l'API d'ExoClick avec les API tiers.\",\"breadcrumb\":{\"@id\":\"https:\/\/www.exoclick.com\/fr\/conversion-tracking\/#breadcrumb\"},\"inLanguage\":\"fr-FR\",\"potentialAction\":[{\"@type\":\"ReadAction\",\"target\":[\"https:\/\/www.exoclick.com\/fr\/conversion-tracking\/\"]}]},{\"@type\":\"BreadcrumbList\",\"@id\":\"https:\/\/www.exoclick.com\/fr\/conversion-tracking\/#breadcrumb\",\"itemListElement\":[{\"@type\":\"ListItem\",\"position\":1,\"name\":\"Home\",\"item\":\"https:\/\/www.exoclick.com\/fr\/\"},{\"@type\":\"ListItem\",\"position\":2,\"name\":\"Conversion Tracking\"}]},{\"@type\":\"WebSite\",\"@id\":\"https:\/\/www.exoclick.com\/#website\",\"url\":\"https:\/\/www.exoclick.com\/\",\"name\":\"ExoClick\",\"description\":\"The innovative ad network\",\"publisher\":{\"@id\":\"https:\/\/www.exoclick.com\/#organization\"},\"potentialAction\":[{\"@type\":\"SearchAction\",\"target\":{\"@type\":\"EntryPoint\",\"urlTemplate\":\"https:\/\/www.exoclick.com\/?s={search_term_string}\"},\"query-input\":\"required name=search_term_string\"}],\"inLanguage\":\"fr-FR\"},{\"@type\":\"Organization\",\"@id\":\"https:\/\/www.exoclick.com\/#organization\",\"name\":\"ExoClick\",\"url\":\"https:\/\/www.exoclick.com\/\",\"logo\":{\"@type\":\"ImageObject\",\"inLanguage\":\"fr-FR\",\"@id\":\"https:\/\/www.exoclick.com\/#\/schema\/logo\/image\/\",\"url\":\"https:\/\/www.exoclick.com\/wp-content\/uploads\/2015\/04\/exoclick_new_baseline.png\",\"contentUrl\":\"https:\/\/www.exoclick.com\/wp-content\/uploads\/2015\/04\/exoclick_new_baseline.png\",\"width\":1500,\"height\":613,\"caption\":\"ExoClick\"},\"image\":{\"@id\":\"https:\/\/www.exoclick.com\/#\/schema\/logo\/image\/\"}}]}<\/script>\n<!-- \/ Yoast SEO Premium plugin. -->","yoast_head_json":{"title":"Conversion Tracking - ExoClick","description":"T\u00e9l\u00e9chargez nos manuels de suivi de conversions pour int\u00e9grer l'API d'ExoClick avec les API tiers.","robots":{"index":"index","follow":"follow","max-snippet":"max-snippet:-1","max-image-preview":"max-image-preview:large","max-video-preview":"max-video-preview:-1"},"canonical":"https:\/\/www.exoclick.com\/fr\/conversion-tracking\/","og_locale":"fr_FR","og_type":"article","og_title":"Conversion Tracking","og_description":"T\u00e9l\u00e9chargez nos manuels de suivi de conversions pour int\u00e9grer l'API d'ExoClick avec les API tiers.","og_url":"https:\/\/www.exoclick.com\/fr\/conversion-tracking\/","og_site_name":"ExoClick","article_modified_time":"2022-04-26T14:56:15+00:00","og_image":[{"url":"https:\/\/www.exoclick.com\/wp-content\/uploads\/2018\/09\/ExoClick-1200x600.png"}],"schema":{"@context":"https:\/\/schema.org","@graph":[{"@type":"WebPage","@id":"https:\/\/www.exoclick.com\/fr\/conversion-tracking\/","url":"https:\/\/www.exoclick.com\/fr\/conversion-tracking\/","name":"Conversion Tracking - ExoClick","isPartOf":{"@id":"https:\/\/www.exoclick.com\/#website"},"datePublished":"2016-07-11T09:57:21+00:00","dateModified":"2022-04-26T14:56:15+00:00","description":"T\u00e9l\u00e9chargez nos manuels de suivi de conversions pour int\u00e9grer l'API d'ExoClick avec les API tiers.","breadcrumb":{"@id":"https:\/\/www.exoclick.com\/fr\/conversion-tracking\/#breadcrumb"},"inLanguage":"fr-FR","potentialAction":[{"@type":"ReadAction","target":["https:\/\/www.exoclick.com\/fr\/conversion-tracking\/"]}]},{"@type":"BreadcrumbList","@id":"https:\/\/www.exoclick.com\/fr\/conversion-tracking\/#breadcrumb","itemListElement":[{"@type":"ListItem","position":1,"name":"Home","item":"https:\/\/www.exoclick.com\/fr\/"},{"@type":"ListItem","position":2,"name":"Conversion Tracking"}]},{"@type":"WebSite","@id":"https:\/\/www.exoclick.com\/#website","url":"https:\/\/www.exoclick.com\/","name":"ExoClick","description":"The innovative ad network","publisher":{"@id":"https:\/\/www.exoclick.com\/#organization"},"potentialAction":[{"@type":"SearchAction","target":{"@type":"EntryPoint","urlTemplate":"https:\/\/www.exoclick.com\/?s={search_term_string}"},"query-input":"required name=search_term_string"}],"inLanguage":"fr-FR"},{"@type":"Organization","@id":"https:\/\/www.exoclick.com\/#organization","name":"ExoClick","url":"https:\/\/www.exoclick.com\/","logo":{"@type":"ImageObject","inLanguage":"fr-FR","@id":"https:\/\/www.exoclick.com\/#\/schema\/logo\/image\/","url":"https:\/\/www.exoclick.com\/wp-content\/uploads\/2015\/04\/exoclick_new_baseline.png","contentUrl":"https:\/\/www.exoclick.com\/wp-content\/uploads\/2015\/04\/exoclick_new_baseline.png","width":1500,"height":613,"caption":"ExoClick"},"image":{"@id":"https:\/\/www.exoclick.com\/#\/schema\/logo\/image\/"}}]}},"_links":{"self":[{"href":"https:\/\/www.exoclick.com\/fr\/wp-json\/wp\/v2\/pages\/12940"}],"collection":[{"href":"https:\/\/www.exoclick.com\/fr\/wp-json\/wp\/v2\/pages"}],"about":[{"href":"https:\/\/www.exoclick.com\/fr\/wp-json\/wp\/v2\/types\/page"}],"author":[{"embeddable":true,"href":"https:\/\/www.exoclick.com\/fr\/wp-json\/wp\/v2\/users\/5"}],"replies":[{"embeddable":true,"href":"https:\/\/www.exoclick.com\/fr\/wp-json\/wp\/v2\/comments?post=12940"}],"version-history":[{"count":37,"href":"https:\/\/www.exoclick.com\/fr\/wp-json\/wp\/v2\/pages\/12940\/revisions"}],"predecessor-version":[{"id":87658,"href":"https:\/\/www.exoclick.com\/fr\/wp-json\/wp\/v2\/pages\/12940\/revisions\/87658"}],"wp:attachment":[{"href":"https:\/\/www.exoclick.com\/fr\/wp-json\/wp\/v2\/media?parent=12940"}],"curies":[{"name":"wp","href":"https:\/\/api.w.org\/{rel}","templated":true}]}}