{"id":11548,"date":"2014-01-30T09:09:18","date_gmt":"2014-01-30T08:09:18","guid":{"rendered":"https:\/\/www.exoclick.com\/fr\/advertisers\/"},"modified":"2026-02-11T10:33:04","modified_gmt":"2026-02-11T09:33:04","slug":"annonceurs","status":"publish","type":"page","link":"https:\/\/www.exoclick.com\/fr\/annonceurs\/","title":{"rendered":"Annonceurs"},"content":{"rendered":"","protected":false},"excerpt":{"rendered":"","protected":false},"author":5,"featured_media":0,"parent":0,"menu_order":0,"comment_status":"open","ping_status":"open","template":"page-advertisers.php","meta":[],"yoast_head":"<!-- This site is optimized with the Yoast SEO Premium plugin v19.4 (Yoast SEO v19.9) - https:\/\/yoast.com\/wordpress\/plugins\/seo\/ -->\n<title>Annonceurs - ExoClick<\/title>\n<meta name=\"description\" content=\"Les annonceurs obtiennent de meilleures conversions avec ExoClick car nous disposons d&#039;un trafic de haute qualit\u00e9 associ\u00e9 \u00e0 des outils de ciblage approfondi et d&#039;automatisation.\" \/>\n<meta name=\"robots\" content=\"index, follow, max-snippet:-1, max-image-preview:large, max-video-preview:-1\" \/>\n<link rel=\"canonical\" href=\"https:\/\/www.exoclick.com\/fr\/annonceurs\/\" \/>\n<meta property=\"og:locale\" content=\"fr_FR\" \/>\n<meta property=\"og:type\" content=\"article\" \/>\n<meta property=\"og:title\" content=\"Annonceurs\" \/>\n<meta property=\"og:description\" content=\"Les annonceurs obtiennent de meilleures conversions avec ExoClick car nous disposons d&#039;un trafic de haute qualit\u00e9 associ\u00e9 \u00e0 des outils de ciblage approfondi et d&#039;automatisation.\" \/>\n<meta property=\"og:url\" content=\"https:\/\/www.exoclick.com\/fr\/annonceurs\/\" \/>\n<meta property=\"og:site_name\" content=\"ExoClick\" \/>\n<meta property=\"article:modified_time\" content=\"2026-02-11T09:33:04+00:00\" \/>\n<meta property=\"og:image\" content=\"https:\/\/www.exoclick.com\/wp-content\/uploads\/2018\/09\/ExoClick-1200x600.png\" \/>\n<script type=\"application\/ld+json\" class=\"yoast-schema-graph\">{\"@context\":\"https:\/\/schema.org\",\"@graph\":[{\"@type\":\"WebPage\",\"@id\":\"https:\/\/www.exoclick.com\/fr\/annonceurs\/\",\"url\":\"https:\/\/www.exoclick.com\/fr\/annonceurs\/\",\"name\":\"Annonceurs - ExoClick\",\"isPartOf\":{\"@id\":\"https:\/\/www.exoclick.com\/#website\"},\"datePublished\":\"2014-01-30T08:09:18+00:00\",\"dateModified\":\"2026-02-11T09:33:04+00:00\",\"description\":\"Les annonceurs obtiennent de meilleures conversions avec ExoClick car nous disposons d'un trafic de haute qualit\u00e9 associ\u00e9 \u00e0 des outils de ciblage approfondi et d'automatisation.\",\"breadcrumb\":{\"@id\":\"https:\/\/www.exoclick.com\/fr\/annonceurs\/#breadcrumb\"},\"inLanguage\":\"fr-FR\",\"potentialAction\":[{\"@type\":\"ReadAction\",\"target\":[\"https:\/\/www.exoclick.com\/fr\/annonceurs\/\"]}]},{\"@type\":\"BreadcrumbList\",\"@id\":\"https:\/\/www.exoclick.com\/fr\/annonceurs\/#breadcrumb\",\"itemListElement\":[{\"@type\":\"ListItem\",\"position\":1,\"name\":\"Home\",\"item\":\"https:\/\/www.exoclick.com\/fr\/\"},{\"@type\":\"ListItem\",\"position\":2,\"name\":\"Annonceurs\"}]},{\"@type\":\"WebSite\",\"@id\":\"https:\/\/www.exoclick.com\/#website\",\"url\":\"https:\/\/www.exoclick.com\/\",\"name\":\"ExoClick\",\"description\":\"The innovative ad network\",\"publisher\":{\"@id\":\"https:\/\/www.exoclick.com\/#organization\"},\"potentialAction\":[{\"@type\":\"SearchAction\",\"target\":{\"@type\":\"EntryPoint\",\"urlTemplate\":\"https:\/\/www.exoclick.com\/?s={search_term_string}\"},\"query-input\":\"required name=search_term_string\"}],\"inLanguage\":\"fr-FR\"},{\"@type\":\"Organization\",\"@id\":\"https:\/\/www.exoclick.com\/#organization\",\"name\":\"ExoClick\",\"url\":\"https:\/\/www.exoclick.com\/\",\"logo\":{\"@type\":\"ImageObject\",\"inLanguage\":\"fr-FR\",\"@id\":\"https:\/\/www.exoclick.com\/#\/schema\/logo\/image\/\",\"url\":\"https:\/\/www.exoclick.com\/wp-content\/uploads\/2015\/04\/exoclick_new_baseline.png\",\"contentUrl\":\"https:\/\/www.exoclick.com\/wp-content\/uploads\/2015\/04\/exoclick_new_baseline.png\",\"width\":1500,\"height\":613,\"caption\":\"ExoClick\"},\"image\":{\"@id\":\"https:\/\/www.exoclick.com\/#\/schema\/logo\/image\/\"}}]}<\/script>\n<!-- \/ Yoast SEO Premium plugin. -->","yoast_head_json":{"title":"Annonceurs - ExoClick","description":"Les annonceurs obtiennent de meilleures conversions avec ExoClick car nous disposons d'un trafic de haute qualit\u00e9 associ\u00e9 \u00e0 des outils de ciblage approfondi et d'automatisation.","robots":{"index":"index","follow":"follow","max-snippet":"max-snippet:-1","max-image-preview":"max-image-preview:large","max-video-preview":"max-video-preview:-1"},"canonical":"https:\/\/www.exoclick.com\/fr\/annonceurs\/","og_locale":"fr_FR","og_type":"article","og_title":"Annonceurs","og_description":"Les annonceurs obtiennent de meilleures conversions avec ExoClick car nous disposons d'un trafic de haute qualit\u00e9 associ\u00e9 \u00e0 des outils de ciblage approfondi et d'automatisation.","og_url":"https:\/\/www.exoclick.com\/fr\/annonceurs\/","og_site_name":"ExoClick","article_modified_time":"2026-02-11T09:33:04+00:00","og_image":[{"url":"https:\/\/www.exoclick.com\/wp-content\/uploads\/2018\/09\/ExoClick-1200x600.png"}],"schema":{"@context":"https:\/\/schema.org","@graph":[{"@type":"WebPage","@id":"https:\/\/www.exoclick.com\/fr\/annonceurs\/","url":"https:\/\/www.exoclick.com\/fr\/annonceurs\/","name":"Annonceurs - ExoClick","isPartOf":{"@id":"https:\/\/www.exoclick.com\/#website"},"datePublished":"2014-01-30T08:09:18+00:00","dateModified":"2026-02-11T09:33:04+00:00","description":"Les annonceurs obtiennent de meilleures conversions avec ExoClick car nous disposons d'un trafic de haute qualit\u00e9 associ\u00e9 \u00e0 des outils de ciblage approfondi et d'automatisation.","breadcrumb":{"@id":"https:\/\/www.exoclick.com\/fr\/annonceurs\/#breadcrumb"},"inLanguage":"fr-FR","potentialAction":[{"@type":"ReadAction","target":["https:\/\/www.exoclick.com\/fr\/annonceurs\/"]}]},{"@type":"BreadcrumbList","@id":"https:\/\/www.exoclick.com\/fr\/annonceurs\/#breadcrumb","itemListElement":[{"@type":"ListItem","position":1,"name":"Home","item":"https:\/\/www.exoclick.com\/fr\/"},{"@type":"ListItem","position":2,"name":"Annonceurs"}]},{"@type":"WebSite","@id":"https:\/\/www.exoclick.com\/#website","url":"https:\/\/www.exoclick.com\/","name":"ExoClick","description":"The innovative ad network","publisher":{"@id":"https:\/\/www.exoclick.com\/#organization"},"potentialAction":[{"@type":"SearchAction","target":{"@type":"EntryPoint","urlTemplate":"https:\/\/www.exoclick.com\/?s={search_term_string}"},"query-input":"required name=search_term_string"}],"inLanguage":"fr-FR"},{"@type":"Organization","@id":"https:\/\/www.exoclick.com\/#organization","name":"ExoClick","url":"https:\/\/www.exoclick.com\/","logo":{"@type":"ImageObject","inLanguage":"fr-FR","@id":"https:\/\/www.exoclick.com\/#\/schema\/logo\/image\/","url":"https:\/\/www.exoclick.com\/wp-content\/uploads\/2015\/04\/exoclick_new_baseline.png","contentUrl":"https:\/\/www.exoclick.com\/wp-content\/uploads\/2015\/04\/exoclick_new_baseline.png","width":1500,"height":613,"caption":"ExoClick"},"image":{"@id":"https:\/\/www.exoclick.com\/#\/schema\/logo\/image\/"}}]}},"_links":{"self":[{"href":"https:\/\/www.exoclick.com\/fr\/wp-json\/wp\/v2\/pages\/11548"}],"collection":[{"href":"https:\/\/www.exoclick.com\/fr\/wp-json\/wp\/v2\/pages"}],"about":[{"href":"https:\/\/www.exoclick.com\/fr\/wp-json\/wp\/v2\/types\/page"}],"author":[{"embeddable":true,"href":"https:\/\/www.exoclick.com\/fr\/wp-json\/wp\/v2\/users\/5"}],"replies":[{"embeddable":true,"href":"https:\/\/www.exoclick.com\/fr\/wp-json\/wp\/v2\/comments?post=11548"}],"version-history":[{"count":48,"href":"https:\/\/www.exoclick.com\/fr\/wp-json\/wp\/v2\/pages\/11548\/revisions"}],"predecessor-version":[{"id":108797,"href":"https:\/\/www.exoclick.com\/fr\/wp-json\/wp\/v2\/pages\/11548\/revisions\/108797"}],"wp:attachment":[{"href":"https:\/\/www.exoclick.com\/fr\/wp-json\/wp\/v2\/media?parent=11548"}],"curies":[{"name":"wp","href":"https:\/\/api.w.org\/{rel}","templated":true}]}}