{"id":87823,"date":"2022-06-02T08:46:31","date_gmt":"2022-06-02T06:46:31","guid":{"rendered":"https:\/\/www.exoclick.com\/?page_id=87823"},"modified":"2024-04-23T12:16:30","modified_gmt":"2024-04-23T10:16:30","slug":"legal-notice-2","status":"publish","type":"page","link":"https:\/\/www.exoclick.com\/es\/legal-notice-2\/","title":{"rendered":"Aviso Legal"},"content":{"rendered":"<p><span style=\"font-weight: 400;\">Queremos que su navegaci\u00f3n por nuestro sitio web sea lo m\u00e1s segura, transparente y c\u00f3moda posible. A continuaci\u00f3n, le facilitamos toda la informaci\u00f3n legal relativa al uso de nuestro sitio web.<\/span><\/p>\n<p><span style=\"font-weight: 400;\">El acceso, navegaci\u00f3n y uso del sitio web puesto a disposici\u00f3n por el titular (en adelante, la &#8220;<\/span><b>Plataforma&#8221;) <\/b><span style=\"font-weight: 400;\">implica el conocimiento y aceptaci\u00f3n de lo dispuesto en el presente Aviso Legal, cuyos t\u00e9rminos tienen la misma validez y eficacia que cualquier contrato escrito y firmado.<\/span><\/p>\n<p><span style=\"font-weight: 400;\">La observancia y el cumplimiento de las disposiciones del Aviso Legal ser\u00e1n exigibles a cualquier persona que acceda, navegue o utilice la Plataforma. Si no est\u00e1 de acuerdo con los t\u00e9rminos expuestos anteriormente, no acceda, navegue ni utilice ninguna p\u00e1gina de la Plataforma.<\/span><\/p>\n<p><span style=\"font-weight: 400;\">Al utilizar la Plataforma, usted se compromete, por tanto, a utilizar los servicios y contenidos de conformidad con la legislaci\u00f3n vigente y con el presente Aviso Legal y reconoce y acepta que el uso de los contenidos y\/o servicios ofrecidos por su titular ser\u00e1 bajo su exclusivo riesgo y\/o responsabilidad.<\/span><\/p>\n<h2>1. INFORMACI\u00d3N SOBRE LA EMPRESA<\/h2>\n<ul>\n<li style=\"font-weight: 400;\" aria-level=\"1\"><b>Titular de la Plataforma<\/b><span style=\"font-weight: 400;\">: EXOCLICK, S.L. (en adelante, &#8220;EXOCLICK&#8221;).<\/span><\/li>\n<li style=\"font-weight: 400;\" aria-level=\"1\"><b>Domicilio social<\/b><span style=\"font-weight: 400;\">: C\/ Marina, 16-18, 08005, Barcelona, Espa\u00f1a.<\/span><\/li>\n<li style=\"font-weight: 400;\" aria-level=\"1\"><b>NIF\/IVA<\/b><span style=\"font-weight: 400;\">: B-64355506.<\/span><\/li>\n<li style=\"font-weight: 400;\" aria-level=\"1\"><b>Correo electr\u00f3nico<\/b><span style=\"font-weight: 400;\">: privacy@exoclick.com<\/span><\/li>\n<li style=\"font-weight: 400;\" aria-level=\"1\"><b>Datos del Registro Mercantil<\/b>: Barcelona, Tomo 39063, Folio 160, Hoja B-336819, Inscripci\u00f3n 1\u00aa.<\/li>\n<\/ul>\n<h2>2. PROP\u00d3SITO Y \u00c1MBITO DE APLICACI\u00d3N<\/h2>\n<p><span style=\"font-weight: 400;\">El presente Aviso Legal regula \u00fanicamente el acceso, navegaci\u00f3n y uso de la Plataforma (el sitio web). La utilizaci\u00f3n de otros servicios ofrecidos en la Plataforma se regir\u00e1, adem\u00e1s, en su caso, por las condiciones particulares previstas en cada caso. Por ejemplo, la relaci\u00f3n contractual entre EXOCLICK y los Editores\/Anunciantes respecto a la prestaci\u00f3n del servicio se regir\u00e1 por los <\/span><a href=\"https:\/\/www.exoclick.com\/terms-conditions\/\"><b>T\u00e9rminos y Condiciones<\/b><\/a><span style=\"font-weight: 400;\">.<\/span><\/p>\n<p><span style=\"font-weight: 400;\">EXOCLICK se reserva la facultad de realizar, en cualquier momento y sin necesidad de preaviso alguno, cualquier modificaci\u00f3n o actualizaci\u00f3n de los contenidos de este Aviso Legal y, en general, de cuantos elementos integren el mismo, incluidos su dise\u00f1o y forma de exposici\u00f3n.<\/span><\/p>\n<h2>3. SERVICIOS Y CONTENIDOS DE LA PLATAFORMA<\/h2>\n<p>A pesar de que la Plataforma incluye Informaci\u00f3n destinada al p\u00fablico general, debe mencionarse que la Plataforma est\u00e1 dirigida principalmente a profesionales y empresas que est\u00e9n interesados en acceder a los servicios de EXOCLICK.<\/p>\n<p>EXOCLICK se reserva el derecho a decidir en cualquier momento los contenidos que se muestran al Usuario, y podr\u00e1 eliminar o a\u00f1adir contenido nuevo en cualquier momento. Cualquier cambio a este respecto se publicar\u00e1 de forma visible en la Plataforma, indicando la fecha de la \u00faltima actualizaci\u00f3n en la parte inferior de la p\u00e1gina web. Si usted sigue usando los servicios que se ofrecen en la Plataforma una vez se haya modificado el Aviso Legal, se entender\u00e1 que usted acepta dichas modificaciones.<\/p>\n<h2>4. DERECHOS DE PROPIEDAD INTELECTUAL<\/h2>\n<p><span style=\"font-weight: 400;\">EXOCLICK es titular o tiene las correspondientes licencias sobre los derechos de explotaci\u00f3n de propiedad intelectual de la Plataforma, as\u00ed como de los derechos de propiedad intelectual sobre su informaci\u00f3n, materiales y contenidos, incluyendo, entre otros, c\u00f3digo fuente, dise\u00f1os, estructura de navegaci\u00f3n, im\u00e1genes, gr\u00e1ficos, m\u00fasica, sonido, fotograf\u00edas, v\u00eddeos y textos escritos en cualquier idioma, incluyendo tambi\u00e9n c\u00f3digos de programaci\u00f3n.<\/span><\/p>\n<p><span style=\"font-weight: 400;\">En ning\u00fan caso se entender\u00e1 que el acceso, navegaci\u00f3n y uso de la Plataforma por parte del usuario implica una renuncia, transmisi\u00f3n, licencia o cesi\u00f3n total ni parcial de ning\u00fan derecho de propiedad intelectual por parte de EXOCLICK.<\/span><\/p>\n<p><span style=\"font-weight: 400;\">Ning\u00fan contenido de la Plataforma podr\u00e1 ser modificado, copiado, distribuido, enmarcado, reproducido, republicado, descargado, extra\u00eddo, mostrado, publicado, transmitido o vendido de ninguna manera o por ning\u00fan medio, en su totalidad o en parte, sin el consentimiento previo por escrito de EXOCLICK. Asimismo, queda terminantemente prohibido cualquier otro uso del contenido de la Plataforma, con la \u00fanica excepci\u00f3n del uso estrictamente dom\u00e9stico.<\/span><\/p>\n<p><span style=\"font-weight: 400;\">Queda expresamente prohibida la utilizaci\u00f3n, sin previo consentimiento, de cualquier elemento de la Plataforma que sea objeto de protecci\u00f3n por la legislaci\u00f3n vigente en materia de derechos de propiedad intelectual. En particular, no podr\u00e1n utilizarse marcas, nombres comerciales, r\u00f3tulos de establecimiento, obras, denominaciones, logotipos, esl\u00f3ganes o cualquier tipo de signo distintivo perteneciente a EXOCLICK.<\/span><\/p>\n<p><span style=\"font-weight: 400;\">La utilizaci\u00f3n no autorizada de la informaci\u00f3n contenida en la Plataforma, as\u00ed como los perjuicios ocasionados en los derechos de propiedad intelectual de EXOCLICK dar\u00e1 lugar a las responsabilidades legalmente establecidas.<\/span><\/p>\n<h2>5. ENLACES<\/h2>\n<p><span style=\"font-weight: 400;\">EXOCLICK no autoriza el establecimiento de un enlace a esta Plataforma desde otros sitios web que contengan materiales, informaci\u00f3n o contenidos il\u00edcitos, ilegales, degradantes, obscenos, y en general, que contravengan la ley, la moral o el orden p\u00fablico, o las normas sociales generalmente aceptadas.<\/span><\/p>\n<p><span style=\"font-weight: 400;\">EXOCLICK no tiene facultad ni medios humanos y t\u00e9cnicos para conocer, controlar ni aprobar toda la informaci\u00f3n, contenidos, productos o servicios facilitados por otros sitios web que tengan establecidos enlaces con destino a la Plataforma. EXOCLICK no asume ning\u00fan tipo de responsabilidad por cualquier aspecto relativo a las p\u00e1ginas web que establezcan ese enlace con destino a esta Plataforma.<\/span><\/p>\n<p><span style=\"font-weight: 400;\">En todo caso, EXOCLICK se reserva el derecho a prohibir los enlaces a la Plataforma y a exigir su retirada cuando no cumplan las condiciones exigidas en este apartado.<\/span><\/p>\n<h2>6. CONDICIONES DE USO DE LA PLATAFORMA<\/h2>\n<p><span style=\"font-weight: 400;\">Queda prohibido el acceso o uso de la Plataforma con fines ilegales o no autorizados, con o sin finalidad econ\u00f3mica, y m\u00e1s concretamente, a t\u00edtulo enunciativo, pero no limitativo, los siguientes, por lo que sus consecuencias ser\u00e1n de exclusiva responsabilidad del usuario:<\/span><\/p>\n<ol>\n<li style=\"font-weight: 400;\" aria-level=\"1\"><span style=\"font-weight: 400;\">Utilizar la Plataforma de cualquier forma que pueda causar da\u00f1os, interrupciones, ineficiencias o defectos en su funcionamiento o en el ordenador de un tercero.<\/span><\/li>\n<li style=\"font-weight: 400;\" aria-level=\"1\"><span style=\"font-weight: 400;\">Utilizar la Plataforma para la transmisi\u00f3n, instalaci\u00f3n o publicaci\u00f3n de virus, c\u00f3digos maliciosos u otros programas o archivos da\u00f1inos.<\/span><\/li>\n<li style=\"font-weight: 400;\" aria-level=\"1\"><span style=\"font-weight: 400;\">Utilizar la Plataforma para recopilar datos personales de otros usuarios.<\/span><\/li>\n<li style=\"font-weight: 400;\" aria-level=\"1\"><span style=\"font-weight: 400;\">Registrarse o comunicarse con EXOCLICK a trav\u00e9s de la Plataforma bajo una identidad falsa, facilitar datos o informaci\u00f3n falsa, suplantar la identidad de terceros, o realizar cualquier otra acci\u00f3n que pueda inducir a error a otros usuarios sobre la identidad del origen de un mensaje.<\/span><\/li>\n<li style=\"font-weight: 400;\" aria-level=\"1\"><span style=\"font-weight: 400;\">El acceso no autorizado a cualquier secci\u00f3n de la Plataforma, a otros sistemas o redes conectados a ella, a cualquier servidor de EXOCLICK o a los servicios ofrecidos a trav\u00e9s de la Plataforma, mediante pirater\u00eda inform\u00e1tica o falsificaci\u00f3n, extracci\u00f3n de contrase\u00f1as o cualquier otro medio ileg\u00edtimo.<\/span><\/li>\n<li style=\"font-weight: 400;\" aria-level=\"1\"><span style=\"font-weight: 400;\">Vulnerar, o intentar vulnerar, las medidas de seguridad o autenticaci\u00f3n de la Plataforma o de cualquier red conectada a la misma, o las medidas de seguridad o protecci\u00f3n inherentes a los contenidos ofrecidos en la Plataforma.<\/span><\/li>\n<\/ol>\n<p><span style=\"font-weight: 400;\">El incumplimiento por parte del usuario de cualquiera de las presentes condiciones de uso podr\u00e1 dar lugar a la adopci\u00f3n por EXOCLICK de las medidas oportunas conforme a derecho y en el ejercicio de sus derechos u obligaciones.<\/span><\/p>\n<p><span style=\"font-weight: 400;\">EXOCLICK podr\u00e1 impedir el acceso a la Plataforma o la posibilidad de participar en los espacios habilitados en la misma a los usuarios que incumplan estas condiciones, sin posibilidad de indemnizaci\u00f3n alguna por los da\u00f1os y perjuicios causados.<\/span><\/p>\n<p><span style=\"font-weight: 400;\">Del mismo modo, la Plataforma dispone de enlaces a perfiles en redes sociales de EXOCLICK, donde los usuarios pueden publicar comentarios y contenidos. EXOCLICK no puede controlar el uso que terceros puedan hacer de tales contenidos y, por tanto, no es responsable de los mismos.<\/span><\/p>\n<p><span style=\"font-weight: 400;\">Tenga en cuenta que EXOCLICK no controla con car\u00e1cter previo los contenidos publicados por los usuarios en la Plataforma o en sus perfiles en redes sociales, por lo que no asume responsabilidad alguna por dichos contenidos.<\/span><\/p>\n<p><span style=\"font-weight: 400;\">No obstante, EXOCLICK se reserva el derecho a supervisar y\/o moderar cualquier contenido publicado por los usuarios y a eliminarlo total o parcialmente en el caso de que alguno de \u00e9stos infrinja lo dispuesto en el presente Aviso Legal o en la Pol\u00edtica de Privacidad.<\/span><\/p>\n<p><span style=\"font-weight: 400;\">En particular, est\u00e1 estrictamente prohibido publicar contenidos:<\/span><\/p>\n<ol>\n<li style=\"font-weight: 400;\" aria-level=\"1\"><span style=\"font-weight: 400;\">Que pueda ser considerado vulneraci\u00f3n de cualquier forma de los derechos fundamentales al honor, a la intimidad personal y familiar o a la propia imagen de terceros y, en especial, de los menores, o cualesquiera otros derechos y libertades fundamentales.<\/span><\/li>\n<li style=\"font-weight: 400;\" aria-level=\"1\"><span style=\"font-weight: 400;\">Que incluyan o enlacen a fotograf\u00edas que recojan im\u00e1genes o datos personales de terceros sin haber obtenido el oportuno consentimiento de sus titulares.<\/span><\/li>\n<li style=\"font-weight: 400;\" aria-level=\"1\"><span style=\"font-weight: 400;\">Que vulneren el secreto de las comunicaciones o supongan una infracci\u00f3n de los derechos de propiedad intelectual o de las pol\u00edticas reguladoras de la protecci\u00f3n de datos de car\u00e1cter personal.<\/span><\/li>\n<li style=\"font-weight: 400;\" aria-level=\"1\"><span style=\"font-weight: 400;\">Que contengan cualquier material o informaci\u00f3n ilegal, racista, obscena, pornogr\u00e1fica, abusiva, difamatoria, enga\u00f1osa, fraudulenta o de cualquier forma contraria a la moral o al orden p\u00fablico.<\/span><\/li>\n<li style=\"font-weight: 400;\" aria-level=\"1\"><span style=\"font-weight: 400;\">Que contengan &#8220;spam&#8221; y\/o enlaces a sitios no relacionados con el espacio correspondiente.<\/span><\/li>\n<li style=\"font-weight: 400;\" aria-level=\"1\"><span style=\"font-weight: 400;\">Que incluyan publicidad o comunicaciones comerciales, para la emisi\u00f3n de mensajes con finalidad publicitaria o de captaci\u00f3n de datos con el mismo fin, y en especial, cualquier tipo de informaci\u00f3n, elemento o contenido que constituya publicidad il\u00edcita o desleal.<\/span><\/li>\n<\/ol>\n<p><span style=\"font-weight: 400;\">El incumplimiento por parte del usuario de cualquiera de las presentes condiciones de uso podr\u00e1 dar lugar a la adopci\u00f3n por EXOCLICK de las medidas oportunas conforme a derecho y en el ejercicio de sus derechos u obligaciones.<\/span><\/p>\n<p><span style=\"font-weight: 400;\">EXOCLICK podr\u00e1 impedir el acceso a la Plataforma, cancelar el perfil o impedir la posibilidad de participar en los espacios habilitados en la misma a los usuarios o miembros que incumplan estas condiciones, sin posibilidad de indemnizaci\u00f3n alguna por los da\u00f1os y perjuicios causados.<\/span><\/p>\n<h2>7. RESPONSABILIDAD Y GARANT\u00cdAS<\/h2>\n<p><span style=\"font-weight: 400;\">EXOCLICK no puede garantizar la fiabilidad, utilidad, oportunidad o exactitud de absolutamente toda la informaci\u00f3n y\/o servicios de la Plataforma.<\/span><\/p>\n<p><span style=\"font-weight: 400;\">En consecuencia, EXOCLICK no garantiza ni se hace responsable de: (i) la veracidad y continuidad de los contenidos de la Plataforma; (ii) la ausencia de errores en dichos contenidos; (iii) la ausencia de virus y\/o dem\u00e1s componentes da\u00f1inos en la Plataforma o en el servidor que lo suministra; (iv) los da\u00f1os producidos en los equipos inform\u00e1ticos de los usuarios o de terceros durante la prestaci\u00f3n del servicio de la Plataforma; (v) la invulnerabilidad de la Plataforma y\/o la imposibilidad de vulnerar las medidas de seguridad que se adopten en la misma; (vi) la falta de utilidad o rendimiento de los contenidos de la Plataforma; (vii) los da\u00f1os o perjuicios de cualquier tipo producidos en el Usuario que traigan causa de fallos o desconexiones en las redes de telecomunicaciones que produzcan la suspensi\u00f3n, cancelaci\u00f3n o interrupci\u00f3n del servicio durante la prestaci\u00f3n del mismo o con car\u00e1cter previo; y (viii) los da\u00f1os o perjuicios que cause, a s\u00ed mismo o a un tercero, cualquier persona que infringiera las condiciones, normas e instrucciones que EXOCLICK establece en relaci\u00f3n con la Plataforma o a trav\u00e9s de la vulneraci\u00f3n de sus sistemas de seguridad.<\/span><\/p>\n<p><span style=\"font-weight: 400;\">No obstante lo anterior, EXOCLICK declara que ha adoptado todas las medidas necesarias, dentro de sus posibilidades y del estado de la t\u00e9cnica, para garantizar el funcionamiento de la Plataforma y minimizar los errores del sistema, desde el punto de vista t\u00e9cnico y de contenido.<\/span><\/p>\n<p><span style=\"font-weight: 400;\">Si el usuario tuviera conocimiento de la publicaci\u00f3n de cualquier informaci\u00f3n inexacta, no actualizada y falsa o de la existencia de cualquier contenido il\u00edcito, ilegal, contrario a las leyes o que pudiera suponer una infracci\u00f3n de derechos de propiedad intelectual, de la legislaci\u00f3n aplicable en materia de protecci\u00f3n de datos y\/o de cualquier otro derecho, deber\u00e1 notificarlo inmediatamente a EXOCLICK para que \u00e9sta pueda proceder a la adopci\u00f3n de las medidas oportunas.<\/span><\/p>\n<h2>8. PRIVACIDAD Y POL\u00cdTICA DE COOKIES<\/h2>\n<p><span style=\"font-weight: 400;\">El registro y el acceso a la Plataforma requieren que el usuario facilite determinada informaci\u00f3n sobre s\u00ed mismo. Adem\u00e1s, determinadas funciones del sitio web dependen del uso de Cookies. Para m\u00e1s informaci\u00f3n sobre el tratamiento de sus datos personales y el uso de Cookies, le invitamos a visitar nuestra <\/span><a href=\"https:\/\/www.exoclick.com\/privacy-policy\/\"><b>Pol\u00edtica de Privacidad<\/b><\/a><span style=\"font-weight: 400;\"> y <\/span><a href=\"https:\/\/www.exoclick.com\/cookies-policy\/\"><b>Pol\u00edtica de Cookies<\/b><\/a><span style=\"font-weight: 400;\">.<\/span><\/p>\n<p><span style=\"font-weight: 400;\">Siempre que el usuario facilite datos de car\u00e1cter personal, \u00e9ste ser\u00e1 el \u00fanico responsable de la veracidad y exactitud de los mismos, por lo que deber\u00e1 comunicar a EXOCLICK cualquier actualizaci\u00f3n de \u00e9stos a la mayor brevedad posible.<\/span><\/p>\n<h2>9. NULIDAD E INEFICACIA DE LAS CL\u00c1USULAS<\/h2>\n<p><span style=\"font-weight: 400;\">Si cualquier cl\u00e1usula incluida en este Aviso Legal fuese declarada, total o parcialmente, nula o ineficaz, tal nulidad o ineficacia afectar\u00e1 tan s\u00f3lo a dicha disposici\u00f3n o a la parte de la misma que resulte nula o ineficaz, subsistiendo el presente Aviso Legal en todo lo dem\u00e1s, teni\u00e9ndose tal disposici\u00f3n, o la parte de la misma que resultase afectada, por no puesta.<\/span><\/p>\n<h2>10. LEY APLICABLE Y JURISDICCI\u00d3N COMPETENTE<\/h2>\n<p>Las disposiciones del presente Aviso Legal se rigen por la ley espa\u00f1ola. Las partes se someten expresamente, para la resoluci\u00f3n de los conflictos y con renuncia a cualquier otro fuero, a los juzgados y tribunales de la ciudad de Barcelona, salvo que la ley disponga otra cosa, en cuyo caso, se estar\u00e1 a lo dispuesto en la misma.<\/p>\n<p>Para presentar reclamaciones en el uso de nuestros servicios, puede ponerse en contacto con nosotros por correo en la direcci\u00f3n electr\u00f3nica o f\u00edsica indicada en la parte superior de este aviso legal. EXOCLICK se compromete a buscar en todo momento una soluci\u00f3n amistosa en caso de conflicto.<\/p>\n<h2>11. INTERRELACI\u00d3N CON OTROS TEXTOS LEGALES<\/h2>\n<p>El presente Aviso Legal est\u00e1 complementado por la <a href=\"https:\/\/www.exoclick.com\/es\/privacy-policy\/\"><strong>Pol\u00edtica de Privacidad<\/strong><\/a> y la <a href=\"https:\/\/www.exoclick.com\/es\/cookies-policy\/\"><strong>Pol\u00edtica de Cookies<\/strong><\/a>, adem\u00e1s del resto de informaci\u00f3n facilitada a trav\u00e9s de la p\u00e1gina web, incluidos los\u00a0 <a href=\"https:\/\/www.exoclick.com\/es\/terminos-y-condiciones\/\">T\u00e9rminos y Condiciones<\/a>, que regulan la relaci\u00f3n contractual entre EXOCLICK y los Editores\/Anunciantes en relaci\u00f3n con la prestaci\u00f3n de servicios. En el improbable caso de que este Aviso Legal entre en conflicto con los mencionados T\u00e9rminos y Condiciones, estos \u00faltimos deber\u00e1n prevalecer.<\/p>\n<p><strong>\u00daltima actualizaci\u00f3n: 1 de junio de 2022<\/strong><\/p>\n","protected":false},"excerpt":{"rendered":"<p>Queremos que su navegaci\u00f3n por nuestro sitio web sea lo m\u00e1s segura, transparente y c\u00f3moda posible. A continuaci\u00f3n, le facilitamos toda la informaci\u00f3n legal relativa al uso de nuestro sitio web. El acceso, navegaci\u00f3n y uso del sitio web puesto a disposici\u00f3n por el titular (en adelante, la &#8220;Plataforma&#8221;) implica el conocimiento y aceptaci\u00f3n de [&hellip;]<\/p>\n","protected":false},"author":1234,"featured_media":0,"parent":0,"menu_order":0,"comment_status":"open","ping_status":"closed","template":"","meta":[],"yoast_head":"<!-- This site is optimized with the Yoast SEO Premium plugin v19.4 (Yoast SEO v19.9) - https:\/\/yoast.com\/wordpress\/plugins\/seo\/ -->\n<title>Aviso Legal - ExoClick<\/title>\n<meta name=\"description\" content=\"Aqu\u00ed te proporcionamos toda la informaci\u00f3n legal sobre el uso de nuestro sitio web.\" \/>\n<meta name=\"robots\" content=\"index, follow, max-snippet:-1, max-image-preview:large, max-video-preview:-1\" \/>\n<link rel=\"canonical\" href=\"https:\/\/www.exoclick.com\/es\/legal-notice-2\/\" \/>\n<meta property=\"og:locale\" content=\"es_ES\" \/>\n<meta property=\"og:type\" content=\"article\" \/>\n<meta property=\"og:title\" content=\"Aviso Legal\" \/>\n<meta property=\"og:description\" content=\"Aqu\u00ed te proporcionamos toda la informaci\u00f3n legal sobre el uso de nuestro sitio web.\" \/>\n<meta property=\"og:url\" content=\"https:\/\/www.exoclick.com\/es\/legal-notice-2\/\" \/>\n<meta property=\"og:site_name\" content=\"ExoClick\" \/>\n<meta property=\"article:modified_time\" content=\"2024-04-23T10:16:30+00:00\" \/>\n<meta property=\"og:image\" content=\"https:\/\/www.exoclick.com\/wp-content\/uploads\/2018\/09\/ExoClick-1200x600.png\" \/>\n<meta name=\"twitter:label1\" content=\"Est. reading time\" \/>\n\t<meta name=\"twitter:data1\" content=\"10 minutes\" \/>\n<script type=\"application\/ld+json\" class=\"yoast-schema-graph\">{\"@context\":\"https:\/\/schema.org\",\"@graph\":[{\"@type\":\"WebPage\",\"@id\":\"https:\/\/www.exoclick.com\/es\/legal-notice-2\/\",\"url\":\"https:\/\/www.exoclick.com\/es\/legal-notice-2\/\",\"name\":\"Aviso Legal - ExoClick\",\"isPartOf\":{\"@id\":\"https:\/\/www.exoclick.com\/#website\"},\"datePublished\":\"2022-06-02T06:46:31+00:00\",\"dateModified\":\"2024-04-23T10:16:30+00:00\",\"description\":\"Aqu\u00ed te proporcionamos toda la informaci\u00f3n legal sobre el uso de nuestro sitio web.\",\"breadcrumb\":{\"@id\":\"https:\/\/www.exoclick.com\/es\/legal-notice-2\/#breadcrumb\"},\"inLanguage\":\"es-ES\",\"potentialAction\":[{\"@type\":\"ReadAction\",\"target\":[\"https:\/\/www.exoclick.com\/es\/legal-notice-2\/\"]}]},{\"@type\":\"BreadcrumbList\",\"@id\":\"https:\/\/www.exoclick.com\/es\/legal-notice-2\/#breadcrumb\",\"itemListElement\":[{\"@type\":\"ListItem\",\"position\":1,\"name\":\"Home\",\"item\":\"https:\/\/www.exoclick.com\/es\/\"},{\"@type\":\"ListItem\",\"position\":2,\"name\":\"Aviso Legal\"}]},{\"@type\":\"WebSite\",\"@id\":\"https:\/\/www.exoclick.com\/#website\",\"url\":\"https:\/\/www.exoclick.com\/\",\"name\":\"ExoClick\",\"description\":\"The innovative ad network\",\"publisher\":{\"@id\":\"https:\/\/www.exoclick.com\/#organization\"},\"potentialAction\":[{\"@type\":\"SearchAction\",\"target\":{\"@type\":\"EntryPoint\",\"urlTemplate\":\"https:\/\/www.exoclick.com\/?s={search_term_string}\"},\"query-input\":\"required name=search_term_string\"}],\"inLanguage\":\"es-ES\"},{\"@type\":\"Organization\",\"@id\":\"https:\/\/www.exoclick.com\/#organization\",\"name\":\"ExoClick\",\"url\":\"https:\/\/www.exoclick.com\/\",\"logo\":{\"@type\":\"ImageObject\",\"inLanguage\":\"es-ES\",\"@id\":\"https:\/\/www.exoclick.com\/#\/schema\/logo\/image\/\",\"url\":\"https:\/\/www.exoclick.com\/wp-content\/uploads\/2015\/04\/exoclick_new_baseline.png\",\"contentUrl\":\"https:\/\/www.exoclick.com\/wp-content\/uploads\/2015\/04\/exoclick_new_baseline.png\",\"width\":1500,\"height\":613,\"caption\":\"ExoClick\"},\"image\":{\"@id\":\"https:\/\/www.exoclick.com\/#\/schema\/logo\/image\/\"}}]}<\/script>\n<!-- \/ Yoast SEO Premium plugin. -->","yoast_head_json":{"title":"Aviso Legal - ExoClick","description":"Aqu\u00ed te proporcionamos toda la informaci\u00f3n legal sobre el uso de nuestro sitio web.","robots":{"index":"index","follow":"follow","max-snippet":"max-snippet:-1","max-image-preview":"max-image-preview:large","max-video-preview":"max-video-preview:-1"},"canonical":"https:\/\/www.exoclick.com\/es\/legal-notice-2\/","og_locale":"es_ES","og_type":"article","og_title":"Aviso Legal","og_description":"Aqu\u00ed te proporcionamos toda la informaci\u00f3n legal sobre el uso de nuestro sitio web.","og_url":"https:\/\/www.exoclick.com\/es\/legal-notice-2\/","og_site_name":"ExoClick","article_modified_time":"2024-04-23T10:16:30+00:00","og_image":[{"url":"https:\/\/www.exoclick.com\/wp-content\/uploads\/2018\/09\/ExoClick-1200x600.png"}],"twitter_misc":{"Est. reading time":"10 minutes"},"schema":{"@context":"https:\/\/schema.org","@graph":[{"@type":"WebPage","@id":"https:\/\/www.exoclick.com\/es\/legal-notice-2\/","url":"https:\/\/www.exoclick.com\/es\/legal-notice-2\/","name":"Aviso Legal - ExoClick","isPartOf":{"@id":"https:\/\/www.exoclick.com\/#website"},"datePublished":"2022-06-02T06:46:31+00:00","dateModified":"2024-04-23T10:16:30+00:00","description":"Aqu\u00ed te proporcionamos toda la informaci\u00f3n legal sobre el uso de nuestro sitio web.","breadcrumb":{"@id":"https:\/\/www.exoclick.com\/es\/legal-notice-2\/#breadcrumb"},"inLanguage":"es-ES","potentialAction":[{"@type":"ReadAction","target":["https:\/\/www.exoclick.com\/es\/legal-notice-2\/"]}]},{"@type":"BreadcrumbList","@id":"https:\/\/www.exoclick.com\/es\/legal-notice-2\/#breadcrumb","itemListElement":[{"@type":"ListItem","position":1,"name":"Home","item":"https:\/\/www.exoclick.com\/es\/"},{"@type":"ListItem","position":2,"name":"Aviso Legal"}]},{"@type":"WebSite","@id":"https:\/\/www.exoclick.com\/#website","url":"https:\/\/www.exoclick.com\/","name":"ExoClick","description":"The innovative ad network","publisher":{"@id":"https:\/\/www.exoclick.com\/#organization"},"potentialAction":[{"@type":"SearchAction","target":{"@type":"EntryPoint","urlTemplate":"https:\/\/www.exoclick.com\/?s={search_term_string}"},"query-input":"required name=search_term_string"}],"inLanguage":"es-ES"},{"@type":"Organization","@id":"https:\/\/www.exoclick.com\/#organization","name":"ExoClick","url":"https:\/\/www.exoclick.com\/","logo":{"@type":"ImageObject","inLanguage":"es-ES","@id":"https:\/\/www.exoclick.com\/#\/schema\/logo\/image\/","url":"https:\/\/www.exoclick.com\/wp-content\/uploads\/2015\/04\/exoclick_new_baseline.png","contentUrl":"https:\/\/www.exoclick.com\/wp-content\/uploads\/2015\/04\/exoclick_new_baseline.png","width":1500,"height":613,"caption":"ExoClick"},"image":{"@id":"https:\/\/www.exoclick.com\/#\/schema\/logo\/image\/"}}]}},"_links":{"self":[{"href":"https:\/\/www.exoclick.com\/es\/wp-json\/wp\/v2\/pages\/87823"}],"collection":[{"href":"https:\/\/www.exoclick.com\/es\/wp-json\/wp\/v2\/pages"}],"about":[{"href":"https:\/\/www.exoclick.com\/es\/wp-json\/wp\/v2\/types\/page"}],"author":[{"embeddable":true,"href":"https:\/\/www.exoclick.com\/es\/wp-json\/wp\/v2\/users\/1234"}],"replies":[{"embeddable":true,"href":"https:\/\/www.exoclick.com\/es\/wp-json\/wp\/v2\/comments?post=87823"}],"version-history":[{"count":8,"href":"https:\/\/www.exoclick.com\/es\/wp-json\/wp\/v2\/pages\/87823\/revisions"}],"predecessor-version":[{"id":98896,"href":"https:\/\/www.exoclick.com\/es\/wp-json\/wp\/v2\/pages\/87823\/revisions\/98896"}],"wp:attachment":[{"href":"https:\/\/www.exoclick.com\/es\/wp-json\/wp\/v2\/media?parent=87823"}],"curies":[{"name":"wp","href":"https:\/\/api.w.org\/{rel}","templated":true}]}}