{"id":87800,"date":"2022-05-31T15:14:56","date_gmt":"2022-05-31T13:14:56","guid":{"rendered":"https:\/\/www.exoclick.com\/?page_id=87800"},"modified":"2026-03-20T10:05:31","modified_gmt":"2026-03-20T09:05:31","slug":"cookies-policy","status":"publish","type":"page","link":"https:\/\/www.exoclick.com\/es\/cookies-policy\/","title":{"rendered":"Cookies Policy"},"content":{"rendered":"<h2><span style=\"font-weight: 400;\">POLITICA DE COOKIES<\/span><\/h2>\n<p>La presente Pol\u00edtica de Cookies se complementa con el <strong><a href=\"https:\/\/www.exoclick.com\/es\/legal-notice\/\">Aviso Legal<\/a><\/strong> y la <strong><a href=\"https:\/\/www.exoclick.com\/es\/privacy-policy\/\">Pol\u00edtica de Privacidad<\/a><\/strong> de la p\u00e1gina web <strong>https:\/\/www.exoclick.com\/<\/strong> (en adelante, la &#8220;<strong>P\u00e1gina Web<\/strong>&#8220;), adem\u00e1s del resto de documentaci\u00f3n que se facilita en la P\u00e1gina Web, incluidos los <strong><a href=\"https:\/\/www.exoclick.com\/es\/terminos-y-condiciones\/\">T\u00e9rminos y Condiciones<\/a><\/strong> que regulan la relaci\u00f3n contractual entre EXOCLICK y los Editores\/Anunciantes.<\/p>\n<p>Con el fin de facilitar la navegaci\u00f3n por la P\u00e1gina Web, EXOCLICK, S.L. (en adelante, \u201cEXOCLICK\u201d), como propietario de la misma, con domicilio social en C\/ Marina, 16-18, 08005, Barcelona, Espa\u00f1a, le informa de que utiliza cookies u otros dispositivos\/archivos de almacenamiento de datos con una funci\u00f3n similar (en adelante, &#8220;<strong>cookies<\/strong>&#8220;).<\/p>\n<p>En este sentido, y con el fin de que el usuario disponga de toda la informaci\u00f3n necesaria para una correcta navegaci\u00f3n, ponemos a su disposici\u00f3n la siguiente informaci\u00f3n sobre qu\u00e9 son las cookies, qu\u00e9 tipo de cookies se utilizan en nuestra P\u00e1gina Web y c\u00f3mo puede configurarlas o desactivarlas.<\/p>\n<h2>COOKIES<\/h2>\n<p><span style=\"font-weight: 400;\">Una cookie es un peque\u00f1o fichero de datos que un sitio web -cuando es visitado por un usuario- pide a su navegador que almacene en su dispositivo para recordar informaci\u00f3n sobre usted, como su preferencia de idioma o sus datos de acceso. Estas cookies las instalamos nosotros y se denominan cookies de origen. Tambi\u00e9n utilizamos cookies de terceros -que son cookies de un dominio diferente del dominio del sitio web que est\u00e1 visitando- para nuestros esfuerzos publicitarios y de marketing. M\u00e1s concretamente, utilizamos cookies y otras tecnolog\u00edas de seguimiento para los siguientes fines:<\/span><\/p>\n<h3><b>Cookies estrictamente necesarias<\/b><\/h3>\n<p><span style=\"font-weight: 400;\">Estas cookies son necesarias para el funcionamiento del sitio web y no pueden desactivarse en nuestros sistemas. Normalmente s\u00f3lo se instalan en respuesta a acciones realizadas por usted que equivalen a una solicitud de servicios, como configurar sus preferencias de privacidad, iniciar sesi\u00f3n o rellenar formularios. Puede configurar su navegador para que bloquee estas cookies o le avise de ellas, pero entonces algunas partes del sitio no funcionar\u00e1n. Estas cookies no almacenan informaci\u00f3n personal identificable.<\/span><\/p>\n<p><img loading=\"lazy\" class=\"alignnone size-full wp-image-101353\" src=\"https:\/\/www.exoclick.com\/wp-content\/uploads\/2024\/04\/1-2.png\" alt=\"\" width=\"1414\" height=\"238\" srcset=\"https:\/\/www.exoclick.com\/wp-content\/uploads\/2024\/04\/1-2.png 1414w, https:\/\/www.exoclick.com\/wp-content\/uploads\/2024\/04\/1-2-300x50.png 300w, https:\/\/www.exoclick.com\/wp-content\/uploads\/2024\/04\/1-2-1024x172.png 1024w, https:\/\/www.exoclick.com\/wp-content\/uploads\/2024\/04\/1-2-150x25.png 150w, https:\/\/www.exoclick.com\/wp-content\/uploads\/2024\/04\/1-2-768x129.png 768w, https:\/\/www.exoclick.com\/wp-content\/uploads\/2024\/04\/1-2-720x121.png 720w, https:\/\/www.exoclick.com\/wp-content\/uploads\/2024\/04\/1-2-530x89.png 530w, https:\/\/www.exoclick.com\/wp-content\/uploads\/2024\/04\/1-2-320x54.png 320w, https:\/\/www.exoclick.com\/wp-content\/uploads\/2024\/04\/1-2-820x138.png 820w, https:\/\/www.exoclick.com\/wp-content\/uploads\/2024\/04\/1-2-526x89.png 526w, https:\/\/www.exoclick.com\/wp-content\/uploads\/2024\/04\/1-2-338x57.png 338w\" sizes=\"(max-width: 1414px) 100vw, 1414px\" \/><\/p>\n<h3>Cookies de publicidad<\/h3>\n<p><span style=\"font-weight: 400;\">Estas cookies pueden ser instaladas en nuestro sitio por nuestros socios publicitarios. Estas empresas pueden utilizarlas para elaborar un perfil de sus intereses y mostrarle anuncios relevantes en otros sitios. No almacenan directamente informaci\u00f3n personal, sino que se basan en la identificaci\u00f3n exclusiva de su navegador y dispositivo de Internet. Si no permite el uso de estas cookies, recibir\u00e1 menos publicidad personalizada.<\/span><\/p>\n<p><img loading=\"lazy\" class=\"alignnone size-full wp-image-101361\" src=\"https:\/\/www.exoclick.com\/wp-content\/uploads\/2024\/04\/2-1-1.png\" alt=\"\" width=\"1414\" height=\"238\" srcset=\"https:\/\/www.exoclick.com\/wp-content\/uploads\/2024\/04\/2-1-1.png 1414w, https:\/\/www.exoclick.com\/wp-content\/uploads\/2024\/04\/2-1-1-300x50.png 300w, https:\/\/www.exoclick.com\/wp-content\/uploads\/2024\/04\/2-1-1-1024x172.png 1024w, https:\/\/www.exoclick.com\/wp-content\/uploads\/2024\/04\/2-1-1-150x25.png 150w, https:\/\/www.exoclick.com\/wp-content\/uploads\/2024\/04\/2-1-1-768x129.png 768w, https:\/\/www.exoclick.com\/wp-content\/uploads\/2024\/04\/2-1-1-720x121.png 720w, https:\/\/www.exoclick.com\/wp-content\/uploads\/2024\/04\/2-1-1-530x89.png 530w, https:\/\/www.exoclick.com\/wp-content\/uploads\/2024\/04\/2-1-1-320x54.png 320w, https:\/\/www.exoclick.com\/wp-content\/uploads\/2024\/04\/2-1-1-820x138.png 820w, https:\/\/www.exoclick.com\/wp-content\/uploads\/2024\/04\/2-1-1-526x89.png 526w, https:\/\/www.exoclick.com\/wp-content\/uploads\/2024\/04\/2-1-1-338x57.png 338w\" sizes=\"(max-width: 1414px) 100vw, 1414px\" \/><\/p>\n<h3><b>Cookies anal\u00edticas<\/b><\/h3>\n<p>Estas cookies nos permiten contar las visitas y las fuentes de tr\u00e1fico para que podamos medir y mejorar el rendimiento de nuestro sitio. Nos ayudan a saber qu\u00e9 p\u00e1ginas son las m\u00e1s y las menos populares y a ver c\u00f3mo se mueven los visitantes por el sitio. Toda la informaci\u00f3n que recogen estas cookies es agregada y, por tanto, an\u00f3nima. Si no permite estas cookies, no sabremos cu\u00e1ndo ha visitado nuestro sitio y no podremos controlar su rendimiento.<\/p>\n<p><img loading=\"lazy\" class=\"alignnone size-full wp-image-101388\" src=\"https:\/\/www.exoclick.com\/wp-content\/uploads\/2024\/04\/cookies-Adserver-5.png\" alt=\"\" width=\"1414\" height=\"232\" srcset=\"https:\/\/www.exoclick.com\/wp-content\/uploads\/2024\/04\/cookies-Adserver-5.png 1414w, https:\/\/www.exoclick.com\/wp-content\/uploads\/2024\/04\/cookies-Adserver-5-300x49.png 300w, https:\/\/www.exoclick.com\/wp-content\/uploads\/2024\/04\/cookies-Adserver-5-1024x168.png 1024w, https:\/\/www.exoclick.com\/wp-content\/uploads\/2024\/04\/cookies-Adserver-5-150x25.png 150w, https:\/\/www.exoclick.com\/wp-content\/uploads\/2024\/04\/cookies-Adserver-5-768x126.png 768w, https:\/\/www.exoclick.com\/wp-content\/uploads\/2024\/04\/cookies-Adserver-5-720x118.png 720w, https:\/\/www.exoclick.com\/wp-content\/uploads\/2024\/04\/cookies-Adserver-5-530x87.png 530w, https:\/\/www.exoclick.com\/wp-content\/uploads\/2024\/04\/cookies-Adserver-5-320x53.png 320w, https:\/\/www.exoclick.com\/wp-content\/uploads\/2024\/04\/cookies-Adserver-5-820x135.png 820w, https:\/\/www.exoclick.com\/wp-content\/uploads\/2024\/04\/cookies-Adserver-5-526x86.png 526w, https:\/\/www.exoclick.com\/wp-content\/uploads\/2024\/04\/cookies-Adserver-5-338x55.png 338w\" sizes=\"(max-width: 1414px) 100vw, 1414px\" \/><\/p>\n<h3><b>Cookies utilizadas por el servidor de Anuncios<\/b><\/h3>\n<p><span style=\"font-weight: 400;\">Los editores de ExoClick deben asegurarse de que se facilita determinada informaci\u00f3n y se obtiene los consentimientos de los visitantes de sus sitios web y\/o aplicaciones (&#8220;<\/span><b>Usuarios finales<\/b><span style=\"font-weight: 400;\">&#8220;) en el Espacio Econ\u00f3mico Europeo. Por lo tanto, s\u00f3lo podemos utilizar las cookies de ExoClick (cookies de tercero) con el consentimiento previo del Usuario Final. Con este fin, en la secci\u00f3n 3. e de nuestra <\/span><a href=\"https:\/\/www.exoclick.com\/es\/privacy-policy\/\" target=\"_blank\" rel=\"noopener\"><b>Pol\u00edtica de privacidad<\/b><\/a><span style=\"font-weight: 400;\"> encontrar\u00e1 una explicaci\u00f3n completa de los prop\u00f3sitos del marco de transparencia y consentimiento de la IAB Europe (&#8220;<\/span><b>Pr\u00f3positos TCF<\/b><span style=\"font-weight: 400;\">&#8220;) relacionados con las siguientes cookies. El Prop\u00f3sito TCF \u201c1\u201d se refiere, en t\u00e9rminos generales, a las cookies que pueden almacenarse o leerse en su dispositivo junto con uno o varios de los Prop\u00f3sitos TCF listados.<\/span><\/p>\n<p><img loading=\"lazy\" class=\"alignnone size-full wp-image-109101\" src=\"https:\/\/www.exoclick.com\/wp-content\/uploads\/2026\/03\/Cookies-utilizadas-por-el-servidor-de-Anuncios.png\" alt=\"\" width=\"1414\" height=\"2000\" srcset=\"https:\/\/www.exoclick.com\/wp-content\/uploads\/2026\/03\/Cookies-utilizadas-por-el-servidor-de-Anuncios.png 1414w, https:\/\/www.exoclick.com\/wp-content\/uploads\/2026\/03\/Cookies-utilizadas-por-el-servidor-de-Anuncios-212x300.png 212w, https:\/\/www.exoclick.com\/wp-content\/uploads\/2026\/03\/Cookies-utilizadas-por-el-servidor-de-Anuncios-724x1024.png 724w, https:\/\/www.exoclick.com\/wp-content\/uploads\/2026\/03\/Cookies-utilizadas-por-el-servidor-de-Anuncios-106x150.png 106w, https:\/\/www.exoclick.com\/wp-content\/uploads\/2026\/03\/Cookies-utilizadas-por-el-servidor-de-Anuncios-768x1086.png 768w, https:\/\/www.exoclick.com\/wp-content\/uploads\/2026\/03\/Cookies-utilizadas-por-el-servidor-de-Anuncios-1086x1536.png 1086w, https:\/\/www.exoclick.com\/wp-content\/uploads\/2026\/03\/Cookies-utilizadas-por-el-servidor-de-Anuncios-676x956.png 676w, https:\/\/www.exoclick.com\/wp-content\/uploads\/2026\/03\/Cookies-utilizadas-por-el-servidor-de-Anuncios-287x406.png 287w, https:\/\/www.exoclick.com\/wp-content\/uploads\/2026\/03\/Cookies-utilizadas-por-el-servidor-de-Anuncios-354x500.png 354w, https:\/\/www.exoclick.com\/wp-content\/uploads\/2026\/03\/Cookies-utilizadas-por-el-servidor-de-Anuncios-156x220.png 156w, https:\/\/www.exoclick.com\/wp-content\/uploads\/2026\/03\/Cookies-utilizadas-por-el-servidor-de-Anuncios-325x460.png 325w, https:\/\/www.exoclick.com\/wp-content\/uploads\/2026\/03\/Cookies-utilizadas-por-el-servidor-de-Anuncios-171x242.png 171w, https:\/\/www.exoclick.com\/wp-content\/uploads\/2026\/03\/Cookies-utilizadas-por-el-servidor-de-Anuncios-134x189.png 134w\" sizes=\"(max-width: 1414px) 100vw, 1414px\" \/><\/p>\n<h2>\u00bfPUEDO RECHAZAR O DESACTIVAR LAS COOKIES?<\/h2>\n<p><span style=\"font-weight: 400;\">Puede eliminar las cookies en cualquier momento utilizando la configuraci\u00f3n especial de su navegador web. Dado el gran n\u00famero de navegadores y versiones disponibles en el mercado, no podemos ofrecer asistencia t\u00e9cnica sobre el proceso de bloqueo o eliminaci\u00f3n de cookies de cada uno de ellos. A tales efectos, deber\u00e1 consultar los manuales y servicios de soporte facilitados por el fabricante del navegador que est\u00e9 utilizando. En cualquier caso, a t\u00edtulo meramente informativo, le facilitamos los siguientes enlaces que detallan c\u00f3mo permitir, bloquear o eliminar las cookies en los principales navegadores existentes en el mercado en el momento de redactar esta Pol\u00edtica:<\/span><\/p>\n<ul>\n<li style=\"font-weight: 400;\" aria-level=\"1\"><span style=\"font-weight: 400;\">Safari: <\/span><a href=\"http:\/\/support.apple.com\/kb\/PH17191?viewlocale=es_ES&amp;locale=es_ES\"><span style=\"font-weight: 400;\">http:\/\/support.apple.com\/kb\/PH17191?viewlocale=es_ES&amp;locale=es_ES<\/span><\/a><\/li>\n<li style=\"font-weight: 400;\" aria-level=\"1\"><span style=\"font-weight: 400;\">Firefox: <\/span><a href=\"https:\/\/support.mozilla.org\/es\/kb\/cookies-informacion-que-los-sitios-web-guardan-en-?esab=a&amp;s=cookies&amp;r=1&amp;as=s\"><span style=\"font-weight: 400;\">https:\/\/support.mozilla.org\/es\/kb\/cookies-informacion-que-los-sitios-web-guardan-en-?esab=a&amp;s=cookies&amp;r=1&amp;as=s<\/span><\/a><\/li>\n<li style=\"font-weight: 400;\" aria-level=\"1\"><span style=\"font-weight: 400;\">Google Chrome: <\/span><a href=\"https:\/\/support.google.com\/accounts\/answer\/61416?hl=es\"><span style=\"font-weight: 400;\">https:\/\/support.google.com\/accounts\/answer\/61416?hl=es<\/span><\/a><\/li>\n<li style=\"font-weight: 400;\" aria-level=\"1\"><span style=\"font-weight: 400;\">Internet Explorer: <\/span><a href=\"http:\/\/windows.microsoft.com\/es-es\/windows7\/how-to-manage-cookies-in-internet-explorer-9\"><span style=\"font-weight: 400;\">http:\/\/windows.microsoft.com\/es-es\/windows7\/how-to-manage-cookies-in-internet-explorer-9<\/span><\/a><\/li>\n<li style=\"font-weight: 400;\" aria-level=\"1\"><span style=\"font-weight: 400;\">Opera: <\/span><a href=\"http:\/\/help.opera.com\/Windows\/11.50\/es-ES\/cookies.html\"><span style=\"font-weight: 400;\">http:\/\/help.opera.com\/Windows\/11.50\/es-ES\/cookies.html<\/span><\/a><\/li>\n<\/ul>\n<p><span style=\"font-weight: 400;\">Puede cambiar sus preferencias de cookies en cualquier momento haciendo clic aqu\u00ed: <\/span><a href=\"https:\/\/www.exoclick.com\/es\/cookies-policy\/\" target=\"_blank\" rel=\"noopener\"><b>Configuraci\u00f3n de cookies<\/b><\/a><b>.<\/b><span style=\"font-weight: 400;\"> A continuaci\u00f3n, puede ajustar las casillas de verificaci\u00f3n disponibles a &#8220;Activado&#8221; o &#8220;Desactivado&#8221; y, a continuaci\u00f3n, hacer clic en &#8220;Guardar y cerrar&#8221;. Es posible que tenga que actualizar la p\u00e1gina para que la configuraci\u00f3n surta efecto.<\/span><\/p>\n<h2><span style=\"font-weight: 400;\">TRANSFERENCIAS INTERNACIONALES<\/span><\/h2>\n<p>Algunos de los datos personales que se obtienen a trav\u00e9s de las cookies de terceros podr\u00e1n ser objeto de transferencias internacionales, en cuyo caso garantizamos que se adoptan todas las garant\u00edas necesarias para proteger la confidencialidad, integridad y disponibilidad de los mismos.<\/p>\n<p>Para m\u00e1s informaci\u00f3n sobre las transferencias internacionales realizadas por cada tercero, rogamos que consulte la respectiva pol\u00edtica de privacidad que se indica en la presente Pol\u00edtica de Cookies.<\/p>\n<h2><span style=\"font-weight: 400;\">DERECHOS DE LAS PERSONAS INTERESADAS E INFORMACI\u00d3N ADICIONAL <\/span><\/h2>\n<p>Puede obtener m\u00e1s informaci\u00f3n sobre el tratamiento de sus datos que lleva a cabo EXOCLICK, as\u00ed como sobre c\u00f3mo ejercer sus derechos, consultando nuestra <strong><a href=\"https:\/\/www.exoclick.com\/es\/privacy-policy\/\">Pol\u00edtica de Privacidad<\/a><\/strong>.<\/p>\n<p>Tambi\u00e9n puede ponerse en contacto con EXOCLICK mediante correo electr\u00f3nico: <a href=\"mailto:privacy@exoclick.com\">privacy@exoclick.com<\/a>.<\/p>\n<p><strong>\u00daltima actualizaci\u00f3n: 20 de Marzo del 2026<\/strong><\/p>\n","protected":false},"excerpt":{"rendered":"<p>POLITICA DE COOKIES La presente Pol\u00edtica de Cookies se complementa con el Aviso Legal y la Pol\u00edtica de Privacidad de la p\u00e1gina web https:\/\/www.exoclick.com\/ (en adelante, la &#8220;P\u00e1gina Web&#8220;), adem\u00e1s del resto de documentaci\u00f3n que se facilita en la P\u00e1gina Web, incluidos los T\u00e9rminos y Condiciones que regulan la relaci\u00f3n contractual entre EXOCLICK y los [&hellip;]<\/p>\n","protected":false},"author":1234,"featured_media":101327,"parent":0,"menu_order":0,"comment_status":"open","ping_status":"closed","template":"","meta":[],"yoast_head":"<!-- This site is optimized with the Yoast SEO Premium plugin v19.4 (Yoast SEO v19.9) - https:\/\/yoast.com\/wordpress\/plugins\/seo\/ -->\n<title>Cookies Policy - ExoClick<\/title>\n<meta name=\"description\" content=\"Aqu\u00ed proporcionamos al usuario la informaci\u00f3n sobre qu\u00e9 son las cookies, qu\u00e9 tipo de cookies se utilizan en nuestro sitio web y c\u00f3mo configurarlas o desactivarlas.\" \/>\n<meta name=\"robots\" content=\"index, follow, max-snippet:-1, max-image-preview:large, max-video-preview:-1\" \/>\n<link rel=\"canonical\" href=\"https:\/\/www.exoclick.com\/es\/cookies-policy\/\" \/>\n<meta property=\"og:locale\" content=\"es_ES\" \/>\n<meta property=\"og:type\" content=\"article\" \/>\n<meta property=\"og:title\" content=\"Cookies Policy\" \/>\n<meta property=\"og:description\" content=\"Aqu\u00ed proporcionamos al usuario la informaci\u00f3n sobre qu\u00e9 son las cookies, qu\u00e9 tipo de cookies se utilizan en nuestro sitio web y c\u00f3mo configurarlas o desactivarlas.\" \/>\n<meta property=\"og:url\" content=\"https:\/\/www.exoclick.com\/es\/cookies-policy\/\" \/>\n<meta property=\"og:site_name\" content=\"ExoClick\" \/>\n<meta property=\"article:modified_time\" content=\"2026-03-20T09:05:31+00:00\" \/>\n<meta property=\"og:image\" content=\"https:\/\/www.exoclick.com\/wp-content\/uploads\/2024\/04\/cookies-Adserver.png\" \/>\n\t<meta property=\"og:image:width\" content=\"1140\" \/>\n\t<meta property=\"og:image:height\" content=\"699\" \/>\n\t<meta property=\"og:image:type\" content=\"image\/png\" \/>\n<meta name=\"twitter:label1\" content=\"Est. reading time\" \/>\n\t<meta name=\"twitter:data1\" content=\"5 minutes\" \/>\n<script type=\"application\/ld+json\" class=\"yoast-schema-graph\">{\"@context\":\"https:\/\/schema.org\",\"@graph\":[{\"@type\":\"WebPage\",\"@id\":\"https:\/\/www.exoclick.com\/es\/cookies-policy\/\",\"url\":\"https:\/\/www.exoclick.com\/es\/cookies-policy\/\",\"name\":\"Cookies Policy - ExoClick\",\"isPartOf\":{\"@id\":\"https:\/\/www.exoclick.com\/#website\"},\"datePublished\":\"2022-05-31T13:14:56+00:00\",\"dateModified\":\"2026-03-20T09:05:31+00:00\",\"description\":\"Aqu\u00ed proporcionamos al usuario la informaci\u00f3n sobre qu\u00e9 son las cookies, qu\u00e9 tipo de cookies se utilizan en nuestro sitio web y c\u00f3mo configurarlas o desactivarlas.\",\"breadcrumb\":{\"@id\":\"https:\/\/www.exoclick.com\/es\/cookies-policy\/#breadcrumb\"},\"inLanguage\":\"es-ES\",\"potentialAction\":[{\"@type\":\"ReadAction\",\"target\":[\"https:\/\/www.exoclick.com\/es\/cookies-policy\/\"]}]},{\"@type\":\"BreadcrumbList\",\"@id\":\"https:\/\/www.exoclick.com\/es\/cookies-policy\/#breadcrumb\",\"itemListElement\":[{\"@type\":\"ListItem\",\"position\":1,\"name\":\"Home\",\"item\":\"https:\/\/www.exoclick.com\/es\/\"},{\"@type\":\"ListItem\",\"position\":2,\"name\":\"Cookies Policy\"}]},{\"@type\":\"WebSite\",\"@id\":\"https:\/\/www.exoclick.com\/#website\",\"url\":\"https:\/\/www.exoclick.com\/\",\"name\":\"ExoClick\",\"description\":\"The innovative ad network\",\"publisher\":{\"@id\":\"https:\/\/www.exoclick.com\/#organization\"},\"potentialAction\":[{\"@type\":\"SearchAction\",\"target\":{\"@type\":\"EntryPoint\",\"urlTemplate\":\"https:\/\/www.exoclick.com\/?s={search_term_string}\"},\"query-input\":\"required name=search_term_string\"}],\"inLanguage\":\"es-ES\"},{\"@type\":\"Organization\",\"@id\":\"https:\/\/www.exoclick.com\/#organization\",\"name\":\"ExoClick\",\"url\":\"https:\/\/www.exoclick.com\/\",\"logo\":{\"@type\":\"ImageObject\",\"inLanguage\":\"es-ES\",\"@id\":\"https:\/\/www.exoclick.com\/#\/schema\/logo\/image\/\",\"url\":\"https:\/\/www.exoclick.com\/wp-content\/uploads\/2015\/04\/exoclick_new_baseline.png\",\"contentUrl\":\"https:\/\/www.exoclick.com\/wp-content\/uploads\/2015\/04\/exoclick_new_baseline.png\",\"width\":1500,\"height\":613,\"caption\":\"ExoClick\"},\"image\":{\"@id\":\"https:\/\/www.exoclick.com\/#\/schema\/logo\/image\/\"}}]}<\/script>\n<!-- \/ Yoast SEO Premium plugin. -->","yoast_head_json":{"title":"Cookies Policy - ExoClick","description":"Aqu\u00ed proporcionamos al usuario la informaci\u00f3n sobre qu\u00e9 son las cookies, qu\u00e9 tipo de cookies se utilizan en nuestro sitio web y c\u00f3mo configurarlas o desactivarlas.","robots":{"index":"index","follow":"follow","max-snippet":"max-snippet:-1","max-image-preview":"max-image-preview:large","max-video-preview":"max-video-preview:-1"},"canonical":"https:\/\/www.exoclick.com\/es\/cookies-policy\/","og_locale":"es_ES","og_type":"article","og_title":"Cookies Policy","og_description":"Aqu\u00ed proporcionamos al usuario la informaci\u00f3n sobre qu\u00e9 son las cookies, qu\u00e9 tipo de cookies se utilizan en nuestro sitio web y c\u00f3mo configurarlas o desactivarlas.","og_url":"https:\/\/www.exoclick.com\/es\/cookies-policy\/","og_site_name":"ExoClick","article_modified_time":"2026-03-20T09:05:31+00:00","og_image":[{"width":1140,"height":699,"url":"https:\/\/www.exoclick.com\/wp-content\/uploads\/2024\/04\/cookies-Adserver.png","type":"image\/png"}],"twitter_misc":{"Est. reading time":"5 minutes"},"schema":{"@context":"https:\/\/schema.org","@graph":[{"@type":"WebPage","@id":"https:\/\/www.exoclick.com\/es\/cookies-policy\/","url":"https:\/\/www.exoclick.com\/es\/cookies-policy\/","name":"Cookies Policy - ExoClick","isPartOf":{"@id":"https:\/\/www.exoclick.com\/#website"},"datePublished":"2022-05-31T13:14:56+00:00","dateModified":"2026-03-20T09:05:31+00:00","description":"Aqu\u00ed proporcionamos al usuario la informaci\u00f3n sobre qu\u00e9 son las cookies, qu\u00e9 tipo de cookies se utilizan en nuestro sitio web y c\u00f3mo configurarlas o desactivarlas.","breadcrumb":{"@id":"https:\/\/www.exoclick.com\/es\/cookies-policy\/#breadcrumb"},"inLanguage":"es-ES","potentialAction":[{"@type":"ReadAction","target":["https:\/\/www.exoclick.com\/es\/cookies-policy\/"]}]},{"@type":"BreadcrumbList","@id":"https:\/\/www.exoclick.com\/es\/cookies-policy\/#breadcrumb","itemListElement":[{"@type":"ListItem","position":1,"name":"Home","item":"https:\/\/www.exoclick.com\/es\/"},{"@type":"ListItem","position":2,"name":"Cookies Policy"}]},{"@type":"WebSite","@id":"https:\/\/www.exoclick.com\/#website","url":"https:\/\/www.exoclick.com\/","name":"ExoClick","description":"The innovative ad network","publisher":{"@id":"https:\/\/www.exoclick.com\/#organization"},"potentialAction":[{"@type":"SearchAction","target":{"@type":"EntryPoint","urlTemplate":"https:\/\/www.exoclick.com\/?s={search_term_string}"},"query-input":"required name=search_term_string"}],"inLanguage":"es-ES"},{"@type":"Organization","@id":"https:\/\/www.exoclick.com\/#organization","name":"ExoClick","url":"https:\/\/www.exoclick.com\/","logo":{"@type":"ImageObject","inLanguage":"es-ES","@id":"https:\/\/www.exoclick.com\/#\/schema\/logo\/image\/","url":"https:\/\/www.exoclick.com\/wp-content\/uploads\/2015\/04\/exoclick_new_baseline.png","contentUrl":"https:\/\/www.exoclick.com\/wp-content\/uploads\/2015\/04\/exoclick_new_baseline.png","width":1500,"height":613,"caption":"ExoClick"},"image":{"@id":"https:\/\/www.exoclick.com\/#\/schema\/logo\/image\/"}}]}},"_links":{"self":[{"href":"https:\/\/www.exoclick.com\/es\/wp-json\/wp\/v2\/pages\/87800"}],"collection":[{"href":"https:\/\/www.exoclick.com\/es\/wp-json\/wp\/v2\/pages"}],"about":[{"href":"https:\/\/www.exoclick.com\/es\/wp-json\/wp\/v2\/types\/page"}],"author":[{"embeddable":true,"href":"https:\/\/www.exoclick.com\/es\/wp-json\/wp\/v2\/users\/1234"}],"replies":[{"embeddable":true,"href":"https:\/\/www.exoclick.com\/es\/wp-json\/wp\/v2\/comments?post=87800"}],"version-history":[{"count":20,"href":"https:\/\/www.exoclick.com\/es\/wp-json\/wp\/v2\/pages\/87800\/revisions"}],"predecessor-version":[{"id":109120,"href":"https:\/\/www.exoclick.com\/es\/wp-json\/wp\/v2\/pages\/87800\/revisions\/109120"}],"wp:featuredmedia":[{"embeddable":true,"href":"https:\/\/www.exoclick.com\/es\/wp-json\/wp\/v2\/media\/101327"}],"wp:attachment":[{"href":"https:\/\/www.exoclick.com\/es\/wp-json\/wp\/v2\/media?parent=87800"}],"curies":[{"name":"wp","href":"https:\/\/api.w.org\/{rel}","templated":true}]}}