{"id":85707,"date":"2021-10-27T16:05:11","date_gmt":"2021-10-27T14:05:11","guid":{"rendered":"https:\/\/www.exoclick.com\/iwf-membership\/"},"modified":"2023-03-09T14:26:51","modified_gmt":"2023-03-09T13:26:51","slug":"iwf-membership","status":"publish","type":"page","link":"https:\/\/www.exoclick.com\/es\/iwf-membership\/","title":{"rendered":"IWF Membership"},"content":{"rendered":"<table style=\"max-width: 480px; border-collapse: collapse;\" border=\"0\">\n<tbody>\n<tr>\n<td style=\"width: 100%; padding: 0 25px;\">ExoClick es miembro de <a href=\"https:\/\/www.iwf.org.uk\/\" target=\"_blank\" rel=\"noopener noreferrer\">Internet Watch Foundation (IWF)<\/a>, lo que hace de Internet un lugar m\u00e1s seguro.<\/p>\n<p><span style=\"font-weight: 400;\"><b>\u00bfQu\u00e9 es el IWF?<\/b> La IWF es una organizaci\u00f3n independiente sin \u00e1nimo de lucro respaldada por la industria mundial de Internet y la Comisi\u00f3n Europea. Trabaja a nivel internacional para hacer de Internet un lugar m\u00e1s seguro, identificando y eliminando im\u00e1genes y videos de abuso sexual infantil en l\u00ednea.<\/span><\/p>\n<p><span style=\"font-weight: 400;\"><b>\u00bfC\u00f3mo ayuda el IWF?<\/b> En 2020, el equipo de la IWF evalu\u00f3 m\u00e1s de 150,000 informes de im\u00e1genes de abuso sexual infantil en l\u00ednea y logr\u00f3 la eliminaci\u00f3n de millones de im\u00e1genes y videos criminales.<\/span><\/p>\n<p><span style=\"font-weight: 400;\"><b>\u00bfC\u00f3mo funciona el IWF?<\/b> La IWF ofrece al p\u00fablico un lugar seguro para denunciar im\u00e1genes y videos de presuntos abusos sexuales a menores en l\u00ednea de forma an\u00f3nima. El equipo de expertos analistas de contenido de la IWF busca activamente im\u00e1genes y videos de abuso sexual infantil y proporciona a los miembros una lista de palabras clave que proporciona t\u00e9rminos cr\u00edpticos asociados con material de abuso sexual infantil.<\/span><\/p>\n<p><span style=\"font-weight: 400;\"><b>IWF y ExoClick<\/b> La afiliaci\u00f3n a ExoClick implica ayudar a financiar a la Internet Watch Foundation adem\u00e1s de al equipo de Compliance reportando cualquier detecci\u00f3n de im\u00e1genes o videos que muestren contenido de abuso sexual a ni\u00f1os para que la Internet Watch Foundation lo revisen y alerten a las autoridades competentes.<\/span><\/td>\n<\/tr>\n<\/tbody>\n<\/table>\n","protected":false},"excerpt":{"rendered":"<p>ExoClick es miembro de Internet Watch Foundation (IWF), lo que hace de Internet un lugar m\u00e1s seguro. \u00bfQu\u00e9 es el IWF? La IWF es una organizaci\u00f3n independiente sin \u00e1nimo de lucro respaldada por la industria mundial de Internet y la Comisi\u00f3n Europea. Trabaja a nivel internacional para hacer de Internet un lugar m\u00e1s seguro, identificando [&hellip;]<\/p>\n","protected":false},"author":1234,"featured_media":85686,"parent":0,"menu_order":0,"comment_status":"closed","ping_status":"closed","template":"page-iwf.php","meta":[],"yoast_head":"<!-- This site is optimized with the Yoast SEO Premium plugin v19.4 (Yoast SEO v19.9) - https:\/\/yoast.com\/wordpress\/plugins\/seo\/ -->\n<title>IWF Membership - ExoClick<\/title>\n<meta name=\"description\" content=\"ExoClick es miembro de Internet Watch Foundation (IWF), lo que hace de Internet un lugar m\u00e1s seguro.\" \/>\n<meta name=\"robots\" content=\"index, follow, max-snippet:-1, max-image-preview:large, max-video-preview:-1\" \/>\n<link rel=\"canonical\" href=\"https:\/\/www.exoclick.com\/es\/iwf-membership\/\" \/>\n<meta property=\"og:locale\" content=\"es_ES\" \/>\n<meta property=\"og:type\" content=\"article\" \/>\n<meta property=\"og:title\" content=\"IWF Membership\" \/>\n<meta property=\"og:description\" content=\"ExoClick es miembro de Internet Watch Foundation (IWF), lo que hace de Internet un lugar m\u00e1s seguro.\" \/>\n<meta property=\"og:url\" content=\"https:\/\/www.exoclick.com\/es\/iwf-membership\/\" \/>\n<meta property=\"og:site_name\" content=\"ExoClick\" \/>\n<meta property=\"article:modified_time\" content=\"2023-03-09T13:26:51+00:00\" \/>\n<meta property=\"og:image\" content=\"https:\/\/www.exoclick.com\/wp-content\/uploads\/2021\/10\/1_IWF_Preferred_for-white-backgrounds-1.jpg\" \/>\n\t<meta property=\"og:image:width\" content=\"395\" \/>\n\t<meta property=\"og:image:height\" content=\"336\" \/>\n\t<meta property=\"og:image:type\" content=\"image\/jpeg\" \/>\n<meta name=\"twitter:label1\" content=\"Est. reading time\" \/>\n\t<meta name=\"twitter:data1\" content=\"1 minute\" \/>\n<script type=\"application\/ld+json\" class=\"yoast-schema-graph\">{\"@context\":\"https:\/\/schema.org\",\"@graph\":[{\"@type\":\"WebPage\",\"@id\":\"https:\/\/www.exoclick.com\/es\/iwf-membership\/\",\"url\":\"https:\/\/www.exoclick.com\/es\/iwf-membership\/\",\"name\":\"IWF Membership - ExoClick\",\"isPartOf\":{\"@id\":\"https:\/\/www.exoclick.com\/#website\"},\"datePublished\":\"2021-10-27T14:05:11+00:00\",\"dateModified\":\"2023-03-09T13:26:51+00:00\",\"description\":\"ExoClick es miembro de Internet Watch Foundation (IWF), lo que hace de Internet un lugar m\u00e1s seguro.\",\"breadcrumb\":{\"@id\":\"https:\/\/www.exoclick.com\/es\/iwf-membership\/#breadcrumb\"},\"inLanguage\":\"es-ES\",\"potentialAction\":[{\"@type\":\"ReadAction\",\"target\":[\"https:\/\/www.exoclick.com\/es\/iwf-membership\/\"]}]},{\"@type\":\"BreadcrumbList\",\"@id\":\"https:\/\/www.exoclick.com\/es\/iwf-membership\/#breadcrumb\",\"itemListElement\":[{\"@type\":\"ListItem\",\"position\":1,\"name\":\"Home\",\"item\":\"https:\/\/www.exoclick.com\/es\/\"},{\"@type\":\"ListItem\",\"position\":2,\"name\":\"IWF Membership\"}]},{\"@type\":\"WebSite\",\"@id\":\"https:\/\/www.exoclick.com\/#website\",\"url\":\"https:\/\/www.exoclick.com\/\",\"name\":\"ExoClick\",\"description\":\"The innovative ad network\",\"publisher\":{\"@id\":\"https:\/\/www.exoclick.com\/#organization\"},\"potentialAction\":[{\"@type\":\"SearchAction\",\"target\":{\"@type\":\"EntryPoint\",\"urlTemplate\":\"https:\/\/www.exoclick.com\/?s={search_term_string}\"},\"query-input\":\"required name=search_term_string\"}],\"inLanguage\":\"es-ES\"},{\"@type\":\"Organization\",\"@id\":\"https:\/\/www.exoclick.com\/#organization\",\"name\":\"ExoClick\",\"url\":\"https:\/\/www.exoclick.com\/\",\"logo\":{\"@type\":\"ImageObject\",\"inLanguage\":\"es-ES\",\"@id\":\"https:\/\/www.exoclick.com\/#\/schema\/logo\/image\/\",\"url\":\"https:\/\/www.exoclick.com\/wp-content\/uploads\/2015\/04\/exoclick_new_baseline.png\",\"contentUrl\":\"https:\/\/www.exoclick.com\/wp-content\/uploads\/2015\/04\/exoclick_new_baseline.png\",\"width\":1500,\"height\":613,\"caption\":\"ExoClick\"},\"image\":{\"@id\":\"https:\/\/www.exoclick.com\/#\/schema\/logo\/image\/\"}}]}<\/script>\n<!-- \/ Yoast SEO Premium plugin. -->","yoast_head_json":{"title":"IWF Membership - ExoClick","description":"ExoClick es miembro de Internet Watch Foundation (IWF), lo que hace de Internet un lugar m\u00e1s seguro.","robots":{"index":"index","follow":"follow","max-snippet":"max-snippet:-1","max-image-preview":"max-image-preview:large","max-video-preview":"max-video-preview:-1"},"canonical":"https:\/\/www.exoclick.com\/es\/iwf-membership\/","og_locale":"es_ES","og_type":"article","og_title":"IWF Membership","og_description":"ExoClick es miembro de Internet Watch Foundation (IWF), lo que hace de Internet un lugar m\u00e1s seguro.","og_url":"https:\/\/www.exoclick.com\/es\/iwf-membership\/","og_site_name":"ExoClick","article_modified_time":"2023-03-09T13:26:51+00:00","og_image":[{"width":395,"height":336,"url":"https:\/\/www.exoclick.com\/wp-content\/uploads\/2021\/10\/1_IWF_Preferred_for-white-backgrounds-1.jpg","type":"image\/jpeg"}],"twitter_misc":{"Est. reading time":"1 minute"},"schema":{"@context":"https:\/\/schema.org","@graph":[{"@type":"WebPage","@id":"https:\/\/www.exoclick.com\/es\/iwf-membership\/","url":"https:\/\/www.exoclick.com\/es\/iwf-membership\/","name":"IWF Membership - ExoClick","isPartOf":{"@id":"https:\/\/www.exoclick.com\/#website"},"datePublished":"2021-10-27T14:05:11+00:00","dateModified":"2023-03-09T13:26:51+00:00","description":"ExoClick es miembro de Internet Watch Foundation (IWF), lo que hace de Internet un lugar m\u00e1s seguro.","breadcrumb":{"@id":"https:\/\/www.exoclick.com\/es\/iwf-membership\/#breadcrumb"},"inLanguage":"es-ES","potentialAction":[{"@type":"ReadAction","target":["https:\/\/www.exoclick.com\/es\/iwf-membership\/"]}]},{"@type":"BreadcrumbList","@id":"https:\/\/www.exoclick.com\/es\/iwf-membership\/#breadcrumb","itemListElement":[{"@type":"ListItem","position":1,"name":"Home","item":"https:\/\/www.exoclick.com\/es\/"},{"@type":"ListItem","position":2,"name":"IWF Membership"}]},{"@type":"WebSite","@id":"https:\/\/www.exoclick.com\/#website","url":"https:\/\/www.exoclick.com\/","name":"ExoClick","description":"The innovative ad network","publisher":{"@id":"https:\/\/www.exoclick.com\/#organization"},"potentialAction":[{"@type":"SearchAction","target":{"@type":"EntryPoint","urlTemplate":"https:\/\/www.exoclick.com\/?s={search_term_string}"},"query-input":"required name=search_term_string"}],"inLanguage":"es-ES"},{"@type":"Organization","@id":"https:\/\/www.exoclick.com\/#organization","name":"ExoClick","url":"https:\/\/www.exoclick.com\/","logo":{"@type":"ImageObject","inLanguage":"es-ES","@id":"https:\/\/www.exoclick.com\/#\/schema\/logo\/image\/","url":"https:\/\/www.exoclick.com\/wp-content\/uploads\/2015\/04\/exoclick_new_baseline.png","contentUrl":"https:\/\/www.exoclick.com\/wp-content\/uploads\/2015\/04\/exoclick_new_baseline.png","width":1500,"height":613,"caption":"ExoClick"},"image":{"@id":"https:\/\/www.exoclick.com\/#\/schema\/logo\/image\/"}}]}},"_links":{"self":[{"href":"https:\/\/www.exoclick.com\/es\/wp-json\/wp\/v2\/pages\/85707"}],"collection":[{"href":"https:\/\/www.exoclick.com\/es\/wp-json\/wp\/v2\/pages"}],"about":[{"href":"https:\/\/www.exoclick.com\/es\/wp-json\/wp\/v2\/types\/page"}],"author":[{"embeddable":true,"href":"https:\/\/www.exoclick.com\/es\/wp-json\/wp\/v2\/users\/1234"}],"replies":[{"embeddable":true,"href":"https:\/\/www.exoclick.com\/es\/wp-json\/wp\/v2\/comments?post=85707"}],"version-history":[{"count":8,"href":"https:\/\/www.exoclick.com\/es\/wp-json\/wp\/v2\/pages\/85707\/revisions"}],"predecessor-version":[{"id":92785,"href":"https:\/\/www.exoclick.com\/es\/wp-json\/wp\/v2\/pages\/85707\/revisions\/92785"}],"wp:featuredmedia":[{"embeddable":true,"href":"https:\/\/www.exoclick.com\/es\/wp-json\/wp\/v2\/media\/85686"}],"wp:attachment":[{"href":"https:\/\/www.exoclick.com\/es\/wp-json\/wp\/v2\/media?parent=85707"}],"curies":[{"name":"wp","href":"https:\/\/api.w.org\/{rel}","templated":true}]}}