{"id":77996,"date":"2020-05-11T12:47:23","date_gmt":"2020-05-11T10:47:23","guid":{"rendered":"https:\/\/www.exoclick.com\/?page_id=77996"},"modified":"2026-02-11T12:27:22","modified_gmt":"2026-02-11T11:27:22","slug":"sobre-nosotros","status":"publish","type":"page","link":"https:\/\/www.exoclick.com\/es\/sobre-nosotros\/","title":{"rendered":"Sobre nosotros"},"content":{"rendered":"<p>ExoClick, la compa\u00f1\u00eda de anuncios innovadora, proporciona dos canales para anunciantes y editores: Ad Exchange y Ad Network.<\/p>\n<p>Nuestro Ad Exchange permite que los editores moneticen su tr\u00e1fico no s\u00f3lo con la red de ExoClick, sino con otras redes y DSPs. Actualmente, el Ad Exchange de ExoClick tiene conectados a m\u00e1s de 30 clientes y continuamos a\u00f1adiendo m\u00e1s cada d\u00eda.<\/p>\n<p>Nuestra Ad Network, sirviendo m\u00e1s de +12 billones de anuncios al dia, a una red global de 65,000 web\/m\u00f3vil plataformas editoriales.<\/p>\n<p lang=\"en-GB\">ExoClick ofrece: m\u00e1s de 20 formatos distintos, as\u00ed como optimizaci\u00f3n y opciones de retageting, acceso a estad\u00edsticas en grandes vol\u00famenes de datos y herramientas de an\u00e1lisis estrat\u00e9gicos para mejorar a\u00fan m\u00e1s retorno de la inversi\u00f3n, actualizaci\u00f3n de datos cada 60 segundos, selecci\u00f3n por horas y servicio al cliente 24\/7. Nuestra plataforma API permite a los desarrolladores crear su propio add-ons software a medida para los procesos program\u00e1ticos en nuestra plataforma.<\/p>\n","protected":false},"excerpt":{"rendered":"<p>ExoClick, la compa\u00f1\u00eda de anuncios innovadora, proporciona dos canales para anunciantes y editores: Ad Exchange y Ad Network. Nuestro Ad Exchange permite que los editores moneticen su tr\u00e1fico no s\u00f3lo con la red de ExoClick, sino con otras redes y DSPs. Actualmente, el Ad Exchange de ExoClick tiene conectados a m\u00e1s de 30 clientes y [&hellip;]<\/p>\n","protected":false},"author":1234,"featured_media":96954,"parent":0,"menu_order":0,"comment_status":"open","ping_status":"closed","template":"page-about-roadmap.php","meta":[],"yoast_head":"<!-- This site is optimized with the Yoast SEO Premium plugin v19.4 (Yoast SEO v18.0) - https:\/\/yoast.com\/wordpress\/plugins\/seo\/ -->\n<meta name=\"description\" content=\"La red publicitaria n\u00famero 1 en el sector del entretenimiento, sirviendo m\u00e1s de 13 mil millones de anuncios diarios geoobjetivos a anunciantes y editores web y m\u00f3viles en todo el mundo.\" \/>\n<meta name=\"robots\" content=\"index, follow, max-snippet:-1, max-image-preview:large, max-video-preview:-1\" \/>\n<link rel=\"canonical\" href=\"https:\/\/www.exoclick.com\/es\/sobre-nosotros\/\" \/>\n<meta property=\"og:locale\" content=\"es_ES\" \/>\n<meta property=\"og:type\" content=\"article\" \/>\n<meta property=\"og:title\" content=\"Sobre nosotros - ExoClick\" \/>\n<meta property=\"og:description\" content=\"La red publicitaria n\u00famero 1 en el sector del entretenimiento, sirviendo m\u00e1s de 13 mil millones de anuncios diarios geoobjetivos a anunciantes y editores web y m\u00f3viles en todo el mundo.\" \/>\n<meta property=\"og:url\" content=\"https:\/\/www.exoclick.com\/es\/sobre-nosotros\/\" \/>\n<meta property=\"og:site_name\" content=\"ExoClick\" \/>\n<meta property=\"article:modified_time\" content=\"2026-02-11T11:27:22+00:00\" \/>\n<meta property=\"og:image\" content=\"https:\/\/www.exoclick.com\/wp-content\/uploads\/2023\/10\/teambuilding-website.png\" \/>\n\t<meta property=\"og:image:width\" content=\"1000\" \/>\n\t<meta property=\"og:image:height\" content=\"1000\" \/>\n\t<meta property=\"og:image:type\" content=\"image\/png\" \/>\n<meta name=\"twitter:label1\" content=\"Est. reading time\" \/>\n\t<meta name=\"twitter:data1\" content=\"1 minute\" \/>\n<script type=\"application\/ld+json\" class=\"yoast-schema-graph\">{\"@context\":\"https:\/\/schema.org\",\"@graph\":[{\"@type\":\"Organization\",\"@id\":\"https:\/\/www.exoclick.com\/#organization\",\"name\":\"ExoClick\",\"url\":\"https:\/\/www.exoclick.com\/\",\"sameAs\":[],\"logo\":{\"@type\":\"ImageObject\",\"@id\":\"https:\/\/www.exoclick.com\/#logo\",\"inLanguage\":\"es-ES\",\"url\":\"https:\/\/www.exoclick.com\/wp-content\/uploads\/2015\/04\/exoclick_new_baseline.png\",\"contentUrl\":\"https:\/\/www.exoclick.com\/wp-content\/uploads\/2015\/04\/exoclick_new_baseline.png\",\"width\":1500,\"height\":613,\"caption\":\"ExoClick\"},\"image\":{\"@id\":\"https:\/\/www.exoclick.com\/#logo\"}},{\"@type\":\"WebSite\",\"@id\":\"https:\/\/www.exoclick.com\/#website\",\"url\":\"https:\/\/www.exoclick.com\/\",\"name\":\"ExoClick\",\"description\":\"The innovative ad network\",\"publisher\":{\"@id\":\"https:\/\/www.exoclick.com\/#organization\"},\"potentialAction\":[{\"@type\":\"SearchAction\",\"target\":{\"@type\":\"EntryPoint\",\"urlTemplate\":\"https:\/\/www.exoclick.com\/?s={search_term_string}\"},\"query-input\":\"required name=search_term_string\"}],\"inLanguage\":\"es-ES\"},{\"@type\":\"ImageObject\",\"@id\":\"https:\/\/www.exoclick.com\/es\/sobre-nosotros\/#primaryimage\",\"inLanguage\":\"es-ES\",\"url\":\"https:\/\/www.exoclick.com\/wp-content\/uploads\/2023\/10\/teambuilding-website.png\",\"contentUrl\":\"https:\/\/www.exoclick.com\/wp-content\/uploads\/2023\/10\/teambuilding-website.png\",\"width\":1000,\"height\":1000},{\"@type\":\"WebPage\",\"@id\":\"https:\/\/www.exoclick.com\/es\/sobre-nosotros\/#webpage\",\"url\":\"https:\/\/www.exoclick.com\/es\/sobre-nosotros\/\",\"name\":\"Sobre nosotros - ExoClick\",\"isPartOf\":{\"@id\":\"https:\/\/www.exoclick.com\/#website\"},\"primaryImageOfPage\":{\"@id\":\"https:\/\/www.exoclick.com\/es\/sobre-nosotros\/#primaryimage\"},\"datePublished\":\"2020-05-11T10:47:23+00:00\",\"dateModified\":\"2026-02-11T11:27:22+00:00\",\"description\":\"La red publicitaria n\u00famero 1 en el sector del entretenimiento, sirviendo m\u00e1s de 13 mil millones de anuncios diarios geoobjetivos a anunciantes y editores web y m\u00f3viles en todo el mundo.\",\"breadcrumb\":{\"@id\":\"https:\/\/www.exoclick.com\/es\/sobre-nosotros\/#breadcrumb\"},\"inLanguage\":\"es-ES\",\"potentialAction\":[{\"@type\":\"ReadAction\",\"target\":[\"https:\/\/www.exoclick.com\/es\/sobre-nosotros\/\"]}]},{\"@type\":\"BreadcrumbList\",\"@id\":\"https:\/\/www.exoclick.com\/es\/sobre-nosotros\/#breadcrumb\",\"itemListElement\":[{\"@type\":\"ListItem\",\"position\":1,\"name\":\"Home\",\"item\":\"https:\/\/www.exoclick.com\/es\/\"},{\"@type\":\"ListItem\",\"position\":2,\"name\":\"Sobre nosotros\"}]}]}<\/script>\n<!-- \/ Yoast SEO Premium plugin. -->","yoast_head_json":{"description":"La red publicitaria n\u00famero 1 en el sector del entretenimiento, sirviendo m\u00e1s de 13 mil millones de anuncios diarios geoobjetivos a anunciantes y editores web y m\u00f3viles en todo el mundo.","robots":{"index":"index","follow":"follow","max-snippet":"max-snippet:-1","max-image-preview":"max-image-preview:large","max-video-preview":"max-video-preview:-1"},"canonical":"https:\/\/www.exoclick.com\/es\/sobre-nosotros\/","og_locale":"es_ES","og_type":"article","og_title":"Sobre nosotros - ExoClick","og_description":"La red publicitaria n\u00famero 1 en el sector del entretenimiento, sirviendo m\u00e1s de 13 mil millones de anuncios diarios geoobjetivos a anunciantes y editores web y m\u00f3viles en todo el mundo.","og_url":"https:\/\/www.exoclick.com\/es\/sobre-nosotros\/","og_site_name":"ExoClick","article_modified_time":"2026-02-11T11:27:22+00:00","og_image":[{"width":1000,"height":1000,"url":"https:\/\/www.exoclick.com\/wp-content\/uploads\/2023\/10\/teambuilding-website.png","type":"image\/png"}],"twitter_misc":{"Est. reading time":"1 minute"},"schema":{"@context":"https:\/\/schema.org","@graph":[{"@type":"Organization","@id":"https:\/\/www.exoclick.com\/#organization","name":"ExoClick","url":"https:\/\/www.exoclick.com\/","sameAs":[],"logo":{"@type":"ImageObject","@id":"https:\/\/www.exoclick.com\/#logo","inLanguage":"es-ES","url":"https:\/\/www.exoclick.com\/wp-content\/uploads\/2015\/04\/exoclick_new_baseline.png","contentUrl":"https:\/\/www.exoclick.com\/wp-content\/uploads\/2015\/04\/exoclick_new_baseline.png","width":1500,"height":613,"caption":"ExoClick"},"image":{"@id":"https:\/\/www.exoclick.com\/#logo"}},{"@type":"WebSite","@id":"https:\/\/www.exoclick.com\/#website","url":"https:\/\/www.exoclick.com\/","name":"ExoClick","description":"The innovative ad network","publisher":{"@id":"https:\/\/www.exoclick.com\/#organization"},"potentialAction":[{"@type":"SearchAction","target":{"@type":"EntryPoint","urlTemplate":"https:\/\/www.exoclick.com\/?s={search_term_string}"},"query-input":"required name=search_term_string"}],"inLanguage":"es-ES"},{"@type":"ImageObject","@id":"https:\/\/www.exoclick.com\/es\/sobre-nosotros\/#primaryimage","inLanguage":"es-ES","url":"https:\/\/www.exoclick.com\/wp-content\/uploads\/2023\/10\/teambuilding-website.png","contentUrl":"https:\/\/www.exoclick.com\/wp-content\/uploads\/2023\/10\/teambuilding-website.png","width":1000,"height":1000},{"@type":"WebPage","@id":"https:\/\/www.exoclick.com\/es\/sobre-nosotros\/#webpage","url":"https:\/\/www.exoclick.com\/es\/sobre-nosotros\/","name":"Sobre nosotros - ExoClick","isPartOf":{"@id":"https:\/\/www.exoclick.com\/#website"},"primaryImageOfPage":{"@id":"https:\/\/www.exoclick.com\/es\/sobre-nosotros\/#primaryimage"},"datePublished":"2020-05-11T10:47:23+00:00","dateModified":"2026-02-11T11:27:22+00:00","description":"La red publicitaria n\u00famero 1 en el sector del entretenimiento, sirviendo m\u00e1s de 13 mil millones de anuncios diarios geoobjetivos a anunciantes y editores web y m\u00f3viles en todo el mundo.","breadcrumb":{"@id":"https:\/\/www.exoclick.com\/es\/sobre-nosotros\/#breadcrumb"},"inLanguage":"es-ES","potentialAction":[{"@type":"ReadAction","target":["https:\/\/www.exoclick.com\/es\/sobre-nosotros\/"]}]},{"@type":"BreadcrumbList","@id":"https:\/\/www.exoclick.com\/es\/sobre-nosotros\/#breadcrumb","itemListElement":[{"@type":"ListItem","position":1,"name":"Home","item":"https:\/\/www.exoclick.com\/es\/"},{"@type":"ListItem","position":2,"name":"Sobre nosotros"}]}]}},"_links":{"self":[{"href":"https:\/\/www.exoclick.com\/es\/wp-json\/wp\/v2\/pages\/77996"}],"collection":[{"href":"https:\/\/www.exoclick.com\/es\/wp-json\/wp\/v2\/pages"}],"about":[{"href":"https:\/\/www.exoclick.com\/es\/wp-json\/wp\/v2\/types\/page"}],"author":[{"embeddable":true,"href":"https:\/\/www.exoclick.com\/es\/wp-json\/wp\/v2\/users\/1234"}],"replies":[{"embeddable":true,"href":"https:\/\/www.exoclick.com\/es\/wp-json\/wp\/v2\/comments?post=77996"}],"version-history":[{"count":27,"href":"https:\/\/www.exoclick.com\/es\/wp-json\/wp\/v2\/pages\/77996\/revisions"}],"predecessor-version":[{"id":108820,"href":"https:\/\/www.exoclick.com\/es\/wp-json\/wp\/v2\/pages\/77996\/revisions\/108820"}],"wp:featuredmedia":[{"embeddable":true,"href":"https:\/\/www.exoclick.com\/es\/wp-json\/wp\/v2\/media\/96954"}],"wp:attachment":[{"href":"https:\/\/www.exoclick.com\/es\/wp-json\/wp\/v2\/media?parent=77996"}],"curies":[{"name":"wp","href":"https:\/\/api.w.org\/{rel}","templated":true}]}}