{"id":6696,"date":"2024-02-01T13:00:33","date_gmt":"2024-02-01T12:00:33","guid":{"rendered":"https:\/\/www.exoclick.com\/?page_id=6696"},"modified":"2024-02-05T15:04:19","modified_gmt":"2024-02-05T14:04:19","slug":"dsa","status":"publish","type":"page","link":"https:\/\/www.exoclick.com\/es\/dsa\/","title":{"rendered":"Ley de Servicios Digitales (DSA)"},"content":{"rendered":"<p><b>En 2022, la Uni\u00f3n Europea puso en marcha un nuevo conjunto de normas denominado Ley de Servicios Digitales (DSA). Esta legislaci\u00f3n pretende estandarizar la normativa sobre contenidos en toda la UE y establecer procedimientos distintos para moderar los contenidos en l\u00ednea. La DSA es aplicable a una amplia gama de servicios en l\u00ednea, que abarcan mercados, tiendas de aplicaciones, plataformas para compartir v\u00eddeos en l\u00ednea y motores de b\u00fasqueda.<\/b><\/p>\n<p><span style=\"font-weight: 400;\">ExoClick es un <\/span><b>Proveedor de Servicios de Intermediaci\u00f3n (PSI)<\/b><span style=\"font-weight: 400;\"> en el sentido de la DSA. En consecuencia, hemos ajustado varios de nuestros procedimientos de confianza y seguridad establecidos y hemos modificado el funcionamiento de determinados servicios para adherirnos a los requisitos espec\u00edficos descritos en la DSA.\u00a0<\/span><\/p>\n<p><span style=\"font-weight: 400;\">A lo largo de muchos a\u00f1os, en ExoClick hemos invertido en personas, procesos, pol\u00edticas y tecnolog\u00edas que abordan algunos de los requisitos de la DSA. Por ejemplo, proporcionamos diferentes mecanismos de notificaci\u00f3n y acci\u00f3n en nuestro sitio web a trav\u00e9s de los cuales las personas o empresas afectadas pueden denunciar una infracci\u00f3n de sus derechos de autor o cualquier tipo de contenido ilegal. Tambi\u00e9n contamos con un equipo de Cumplimiento, compuesto por empleados formados, que trabaja los 365 d\u00edas del a\u00f1o para comprobar manualmente las campa\u00f1as y las p\u00e1ginas de destino en busca de publicidad maliciosa e incumplimientos.<\/span><\/p>\n<p><span style=\"font-weight: 400;\">A ra\u00edz de la entrada en vigor de la DSA y de nuestras obligaciones como PSI, hemos realizado importantes esfuerzos para adaptar nuestras directrices, mecanismos de actuaci\u00f3n, medidas y herramientas de moderaci\u00f3n de contenidos a los requisitos espec\u00edficos de la DSA.\u00a0<\/span><\/p>\n<p><span style=\"font-weight: 400;\">Esto afecta a los siguientes documentos o secciones:<\/span><\/p>\n<ul>\n<li style=\"font-weight: 400;\" aria-level=\"1\"><a href=\"https:\/\/www.exoclick.com\/es\/compliance\/\" target=\"_blank\" rel=\"noopener\"><span style=\"font-weight: 400;\">Informaci\u00f3n sobre la moderaci\u00f3n de contenidos\u00a0<\/span><\/a><\/li>\n<li style=\"font-weight: 400;\" aria-level=\"1\"><a href=\"https:\/\/www.exoclick.com\/es\/directrices-generales\/\" target=\"_blank\" rel=\"noopener\"><span style=\"font-weight: 400;\">Directrices para Anunciantes y Editores\u00a0<\/span><\/a><\/li>\n<li><a href=\"https:\/\/www.exoclick.com\/es\/formulario-de-infraccion-de-derechos-de-autor\/\" target=\"_blank\" rel=\"noopener\">Formulario de infracci\u00f3n de derechos de autor<\/a><\/li>\n<li style=\"font-weight: 400;\" aria-level=\"1\"><span style=\"font-weight: 400;\"><a href=\"https:\/\/www.exoclick.com\/es\/contactanos\/\" target=\"_blank\" rel=\"noopener\">Formulario para reportar contenido ilegal<\/a><\/span><\/li>\n<\/ul>\n<p><span style=\"font-weight: 400;\">Adem\u00e1s, ExoClick ha designado un \u00fanico punto de contacto para mantener la comunicaci\u00f3n directa con las autoridades de los Estados miembros en relaci\u00f3n con las obligaciones de la DSA, dsa@exoclick.com. Las comunicaciones podr\u00e1n realizarse en ingl\u00e9s o espa\u00f1ol, seg\u00fan se prefiera.<\/span><\/p>\n<p><span style=\"font-weight: 400;\">Tambi\u00e9n hemos designado un \u00fanico punto de contacto para que los destinatarios de nuestros servicios (Anunciantes y Editores) puedan comunicarse directamente con nosotros en relaci\u00f3n con los documentos o secciones anteriores, esto es compliance@exoclick.com o a trav\u00e9s de nuestra direcci\u00f3n postal C\/ Marina, 16, 08005, Barcelona, Espa\u00f1a, seg\u00fan se prefiera.<\/span><\/p>\n","protected":false},"excerpt":{"rendered":"<p>En 2022, la Uni\u00f3n Europea puso en marcha un nuevo conjunto de normas denominado Ley de Servicios Digitales (DSA). Esta legislaci\u00f3n pretende estandarizar la normativa sobre contenidos en toda la UE y establecer procedimientos distintos para moderar los contenidos en l\u00ednea. La DSA es aplicable a una amplia gama de servicios en l\u00ednea, que abarcan [&hellip;]<\/p>\n","protected":false},"author":5,"featured_media":0,"parent":0,"menu_order":0,"comment_status":"closed","ping_status":"closed","template":"","meta":[],"yoast_head":"<!-- This site is optimized with the Yoast SEO Premium plugin v19.4 (Yoast SEO v18.0) - https:\/\/yoast.com\/wordpress\/plugins\/seo\/ -->\n<meta name=\"description\" content=\"ExoClick cumple rigurosamente la Ley de Servicios Digitales (DSA) de la Uni\u00f3n Europea. En esta p\u00e1gina se explica c\u00f3mo cumplimos dicha ley.\" \/>\n<meta name=\"robots\" content=\"index, follow, max-snippet:-1, max-image-preview:large, max-video-preview:-1\" \/>\n<link rel=\"canonical\" href=\"https:\/\/www.exoclick.com\/es\/dsa\/\" \/>\n<meta property=\"og:locale\" content=\"es_ES\" \/>\n<meta property=\"og:type\" content=\"article\" \/>\n<meta property=\"og:title\" content=\"Ley de Servicios Digitales (DSA) - ExoClick\" \/>\n<meta property=\"og:description\" content=\"ExoClick cumple rigurosamente la Ley de Servicios Digitales (DSA) de la Uni\u00f3n Europea. En esta p\u00e1gina se explica c\u00f3mo cumplimos dicha ley.\" \/>\n<meta property=\"og:url\" content=\"https:\/\/www.exoclick.com\/es\/dsa\/\" \/>\n<meta property=\"og:site_name\" content=\"ExoClick\" \/>\n<meta property=\"article:modified_time\" content=\"2024-02-05T14:04:19+00:00\" \/>\n<meta property=\"og:image\" content=\"https:\/\/www.exoclick.com\/wp-content\/uploads\/2018\/09\/ExoClick-1200x600.png\" \/>\n<meta name=\"twitter:label1\" content=\"Est. reading time\" \/>\n\t<meta name=\"twitter:data1\" content=\"2 minutes\" \/>\n<script type=\"application\/ld+json\" class=\"yoast-schema-graph\">{\"@context\":\"https:\/\/schema.org\",\"@graph\":[{\"@type\":\"Organization\",\"@id\":\"https:\/\/www.exoclick.com\/#organization\",\"name\":\"ExoClick\",\"url\":\"https:\/\/www.exoclick.com\/\",\"sameAs\":[],\"logo\":{\"@type\":\"ImageObject\",\"@id\":\"https:\/\/www.exoclick.com\/#logo\",\"inLanguage\":\"es-ES\",\"url\":\"https:\/\/www.exoclick.com\/wp-content\/uploads\/2015\/04\/exoclick_new_baseline.png\",\"contentUrl\":\"https:\/\/www.exoclick.com\/wp-content\/uploads\/2015\/04\/exoclick_new_baseline.png\",\"width\":1500,\"height\":613,\"caption\":\"ExoClick\"},\"image\":{\"@id\":\"https:\/\/www.exoclick.com\/#logo\"}},{\"@type\":\"WebSite\",\"@id\":\"https:\/\/www.exoclick.com\/#website\",\"url\":\"https:\/\/www.exoclick.com\/\",\"name\":\"ExoClick\",\"description\":\"The innovative ad network\",\"publisher\":{\"@id\":\"https:\/\/www.exoclick.com\/#organization\"},\"potentialAction\":[{\"@type\":\"SearchAction\",\"target\":{\"@type\":\"EntryPoint\",\"urlTemplate\":\"https:\/\/www.exoclick.com\/?s={search_term_string}\"},\"query-input\":\"required name=search_term_string\"}],\"inLanguage\":\"es-ES\"},{\"@type\":\"WebPage\",\"@id\":\"https:\/\/www.exoclick.com\/es\/dsa\/#webpage\",\"url\":\"https:\/\/www.exoclick.com\/es\/dsa\/\",\"name\":\"Ley de Servicios Digitales (DSA) - ExoClick\",\"isPartOf\":{\"@id\":\"https:\/\/www.exoclick.com\/#website\"},\"datePublished\":\"2024-02-01T12:00:33+00:00\",\"dateModified\":\"2024-02-05T14:04:19+00:00\",\"description\":\"ExoClick cumple rigurosamente la Ley de Servicios Digitales (DSA) de la Uni\u00f3n Europea. En esta p\u00e1gina se explica c\u00f3mo cumplimos dicha ley.\",\"breadcrumb\":{\"@id\":\"https:\/\/www.exoclick.com\/es\/dsa\/#breadcrumb\"},\"inLanguage\":\"es-ES\",\"potentialAction\":[{\"@type\":\"ReadAction\",\"target\":[\"https:\/\/www.exoclick.com\/es\/dsa\/\"]}]},{\"@type\":\"BreadcrumbList\",\"@id\":\"https:\/\/www.exoclick.com\/es\/dsa\/#breadcrumb\",\"itemListElement\":[{\"@type\":\"ListItem\",\"position\":1,\"name\":\"Home\",\"item\":\"https:\/\/www.exoclick.com\/es\/\"},{\"@type\":\"ListItem\",\"position\":2,\"name\":\"Ley de Servicios Digitales (DSA)\"}]}]}<\/script>\n<!-- \/ Yoast SEO Premium plugin. -->","yoast_head_json":{"description":"ExoClick cumple rigurosamente la Ley de Servicios Digitales (DSA) de la Uni\u00f3n Europea. En esta p\u00e1gina se explica c\u00f3mo cumplimos dicha ley.","robots":{"index":"index","follow":"follow","max-snippet":"max-snippet:-1","max-image-preview":"max-image-preview:large","max-video-preview":"max-video-preview:-1"},"canonical":"https:\/\/www.exoclick.com\/es\/dsa\/","og_locale":"es_ES","og_type":"article","og_title":"Ley de Servicios Digitales (DSA) - ExoClick","og_description":"ExoClick cumple rigurosamente la Ley de Servicios Digitales (DSA) de la Uni\u00f3n Europea. En esta p\u00e1gina se explica c\u00f3mo cumplimos dicha ley.","og_url":"https:\/\/www.exoclick.com\/es\/dsa\/","og_site_name":"ExoClick","article_modified_time":"2024-02-05T14:04:19+00:00","og_image":[{"url":"https:\/\/www.exoclick.com\/wp-content\/uploads\/2018\/09\/ExoClick-1200x600.png"}],"twitter_misc":{"Est. reading time":"2 minutes"},"schema":{"@context":"https:\/\/schema.org","@graph":[{"@type":"Organization","@id":"https:\/\/www.exoclick.com\/#organization","name":"ExoClick","url":"https:\/\/www.exoclick.com\/","sameAs":[],"logo":{"@type":"ImageObject","@id":"https:\/\/www.exoclick.com\/#logo","inLanguage":"es-ES","url":"https:\/\/www.exoclick.com\/wp-content\/uploads\/2015\/04\/exoclick_new_baseline.png","contentUrl":"https:\/\/www.exoclick.com\/wp-content\/uploads\/2015\/04\/exoclick_new_baseline.png","width":1500,"height":613,"caption":"ExoClick"},"image":{"@id":"https:\/\/www.exoclick.com\/#logo"}},{"@type":"WebSite","@id":"https:\/\/www.exoclick.com\/#website","url":"https:\/\/www.exoclick.com\/","name":"ExoClick","description":"The innovative ad network","publisher":{"@id":"https:\/\/www.exoclick.com\/#organization"},"potentialAction":[{"@type":"SearchAction","target":{"@type":"EntryPoint","urlTemplate":"https:\/\/www.exoclick.com\/?s={search_term_string}"},"query-input":"required name=search_term_string"}],"inLanguage":"es-ES"},{"@type":"WebPage","@id":"https:\/\/www.exoclick.com\/es\/dsa\/#webpage","url":"https:\/\/www.exoclick.com\/es\/dsa\/","name":"Ley de Servicios Digitales (DSA) - ExoClick","isPartOf":{"@id":"https:\/\/www.exoclick.com\/#website"},"datePublished":"2024-02-01T12:00:33+00:00","dateModified":"2024-02-05T14:04:19+00:00","description":"ExoClick cumple rigurosamente la Ley de Servicios Digitales (DSA) de la Uni\u00f3n Europea. En esta p\u00e1gina se explica c\u00f3mo cumplimos dicha ley.","breadcrumb":{"@id":"https:\/\/www.exoclick.com\/es\/dsa\/#breadcrumb"},"inLanguage":"es-ES","potentialAction":[{"@type":"ReadAction","target":["https:\/\/www.exoclick.com\/es\/dsa\/"]}]},{"@type":"BreadcrumbList","@id":"https:\/\/www.exoclick.com\/es\/dsa\/#breadcrumb","itemListElement":[{"@type":"ListItem","position":1,"name":"Home","item":"https:\/\/www.exoclick.com\/es\/"},{"@type":"ListItem","position":2,"name":"Ley de Servicios Digitales (DSA)"}]}]}},"_links":{"self":[{"href":"https:\/\/www.exoclick.com\/es\/wp-json\/wp\/v2\/pages\/6696"}],"collection":[{"href":"https:\/\/www.exoclick.com\/es\/wp-json\/wp\/v2\/pages"}],"about":[{"href":"https:\/\/www.exoclick.com\/es\/wp-json\/wp\/v2\/types\/page"}],"author":[{"embeddable":true,"href":"https:\/\/www.exoclick.com\/es\/wp-json\/wp\/v2\/users\/5"}],"replies":[{"embeddable":true,"href":"https:\/\/www.exoclick.com\/es\/wp-json\/wp\/v2\/comments?post=6696"}],"version-history":[{"count":10,"href":"https:\/\/www.exoclick.com\/es\/wp-json\/wp\/v2\/pages\/6696\/revisions"}],"predecessor-version":[{"id":99587,"href":"https:\/\/www.exoclick.com\/es\/wp-json\/wp\/v2\/pages\/6696\/revisions\/99587"}],"wp:attachment":[{"href":"https:\/\/www.exoclick.com\/es\/wp-json\/wp\/v2\/media?parent=6696"}],"curies":[{"name":"wp","href":"https:\/\/api.w.org\/{rel}","templated":true}]}}