{"id":37407,"date":"2014-03-01T11:11:21","date_gmt":"2014-03-01T10:11:21","guid":{"rendered":"https:\/\/www.exoclick.com\/targeting-features\/"},"modified":"2019-09-03T17:35:39","modified_gmt":"2019-09-03T15:35:39","slug":"opciones-de-targeting","status":"publish","type":"page","link":"https:\/\/www.exoclick.com\/es\/opciones-de-targeting\/","title":{"rendered":"Opciones de Targeting"},"content":{"rendered":"<style type=\"text\/css\"><!--td {border: 1px solid #ccc;}br {mso-data-placement:same-cell;}--><\/style>\n<p><span data-sheets-value=\"{&quot;1&quot;:2,&quot;2&quot;:&quot;Con nuestra tecnolog\u00eda, t\u00fa tienes el control. Dirige tus campa\u00f1as s\u00f3lo a la audiencia deseada para tu producto y aumenta tus conversiones.&quot;}\" data-sheets-userformat=\"{&quot;2&quot;:769,&quot;3&quot;:{&quot;1&quot;:0},&quot;11&quot;:3,&quot;12&quot;:0}\">Con nuestra tecnolog\u00eda, t\u00fa tienes el control. Dirige tus campa\u00f1as s\u00f3lo a la audiencia deseada para tu producto y aumenta tus conversiones.<\/span><\/p>\n","protected":false},"excerpt":{"rendered":"<p>Con nuestra tecnolog\u00eda, t\u00fa tienes el control. Dirige tus campa\u00f1as s\u00f3lo a la audiencia deseada para tu producto y aumenta tus conversiones.<\/p>\n","protected":false},"author":5,"featured_media":0,"parent":0,"menu_order":0,"comment_status":"open","ping_status":"open","template":"page-targeting-features.php","meta":[],"yoast_head":"<!-- This site is optimized with the Yoast SEO Premium plugin v19.4 (Yoast SEO v19.9) - https:\/\/yoast.com\/wordpress\/plugins\/seo\/ -->\n<title>Opciones de Targeting - ExoClick<\/title>\n<meta name=\"description\" content=\"Optimise ad campaigns with ExoClick&#039;s in depth targeting options.\" \/>\n<meta name=\"robots\" content=\"index, follow, max-snippet:-1, max-image-preview:large, max-video-preview:-1\" \/>\n<link rel=\"canonical\" href=\"https:\/\/www.exoclick.com\/es\/opciones-de-targeting\/\" \/>\n<meta property=\"og:locale\" content=\"es_ES\" \/>\n<meta property=\"og:type\" content=\"article\" \/>\n<meta property=\"og:title\" content=\"Opciones de Targeting\" \/>\n<meta property=\"og:description\" content=\"Optimise ad campaigns with ExoClick&#039;s in depth targeting options.\" \/>\n<meta property=\"og:url\" content=\"https:\/\/www.exoclick.com\/es\/opciones-de-targeting\/\" \/>\n<meta property=\"og:site_name\" content=\"ExoClick\" \/>\n<meta property=\"article:modified_time\" content=\"2019-09-03T15:35:39+00:00\" \/>\n<meta property=\"og:image\" content=\"https:\/\/www.exoclick.com\/wp-content\/uploads\/2018\/09\/ExoClick-1200x600.png\" \/>\n<script type=\"application\/ld+json\" class=\"yoast-schema-graph\">{\"@context\":\"https:\/\/schema.org\",\"@graph\":[{\"@type\":\"WebPage\",\"@id\":\"https:\/\/www.exoclick.com\/es\/opciones-de-targeting\/\",\"url\":\"https:\/\/www.exoclick.com\/es\/opciones-de-targeting\/\",\"name\":\"Opciones de Targeting - ExoClick\",\"isPartOf\":{\"@id\":\"https:\/\/www.exoclick.com\/#website\"},\"datePublished\":\"2014-03-01T10:11:21+00:00\",\"dateModified\":\"2019-09-03T15:35:39+00:00\",\"description\":\"Optimise ad campaigns with ExoClick's in depth targeting options.\",\"breadcrumb\":{\"@id\":\"https:\/\/www.exoclick.com\/es\/opciones-de-targeting\/#breadcrumb\"},\"inLanguage\":\"es-ES\",\"potentialAction\":[{\"@type\":\"ReadAction\",\"target\":[\"https:\/\/www.exoclick.com\/es\/opciones-de-targeting\/\"]}]},{\"@type\":\"BreadcrumbList\",\"@id\":\"https:\/\/www.exoclick.com\/es\/opciones-de-targeting\/#breadcrumb\",\"itemListElement\":[{\"@type\":\"ListItem\",\"position\":1,\"name\":\"Home\",\"item\":\"https:\/\/www.exoclick.com\/es\/\"},{\"@type\":\"ListItem\",\"position\":2,\"name\":\"Opciones de Targeting\"}]},{\"@type\":\"WebSite\",\"@id\":\"https:\/\/www.exoclick.com\/#website\",\"url\":\"https:\/\/www.exoclick.com\/\",\"name\":\"ExoClick\",\"description\":\"The innovative ad network\",\"publisher\":{\"@id\":\"https:\/\/www.exoclick.com\/#organization\"},\"potentialAction\":[{\"@type\":\"SearchAction\",\"target\":{\"@type\":\"EntryPoint\",\"urlTemplate\":\"https:\/\/www.exoclick.com\/?s={search_term_string}\"},\"query-input\":\"required name=search_term_string\"}],\"inLanguage\":\"es-ES\"},{\"@type\":\"Organization\",\"@id\":\"https:\/\/www.exoclick.com\/#organization\",\"name\":\"ExoClick\",\"url\":\"https:\/\/www.exoclick.com\/\",\"logo\":{\"@type\":\"ImageObject\",\"inLanguage\":\"es-ES\",\"@id\":\"https:\/\/www.exoclick.com\/#\/schema\/logo\/image\/\",\"url\":\"https:\/\/www.exoclick.com\/wp-content\/uploads\/2015\/04\/exoclick_new_baseline.png\",\"contentUrl\":\"https:\/\/www.exoclick.com\/wp-content\/uploads\/2015\/04\/exoclick_new_baseline.png\",\"width\":1500,\"height\":613,\"caption\":\"ExoClick\"},\"image\":{\"@id\":\"https:\/\/www.exoclick.com\/#\/schema\/logo\/image\/\"}}]}<\/script>\n<!-- \/ Yoast SEO Premium plugin. -->","yoast_head_json":{"title":"Opciones de Targeting - ExoClick","description":"Optimise ad campaigns with ExoClick's in depth targeting options.","robots":{"index":"index","follow":"follow","max-snippet":"max-snippet:-1","max-image-preview":"max-image-preview:large","max-video-preview":"max-video-preview:-1"},"canonical":"https:\/\/www.exoclick.com\/es\/opciones-de-targeting\/","og_locale":"es_ES","og_type":"article","og_title":"Opciones de Targeting","og_description":"Optimise ad campaigns with ExoClick's in depth targeting options.","og_url":"https:\/\/www.exoclick.com\/es\/opciones-de-targeting\/","og_site_name":"ExoClick","article_modified_time":"2019-09-03T15:35:39+00:00","og_image":[{"url":"https:\/\/www.exoclick.com\/wp-content\/uploads\/2018\/09\/ExoClick-1200x600.png"}],"schema":{"@context":"https:\/\/schema.org","@graph":[{"@type":"WebPage","@id":"https:\/\/www.exoclick.com\/es\/opciones-de-targeting\/","url":"https:\/\/www.exoclick.com\/es\/opciones-de-targeting\/","name":"Opciones de Targeting - ExoClick","isPartOf":{"@id":"https:\/\/www.exoclick.com\/#website"},"datePublished":"2014-03-01T10:11:21+00:00","dateModified":"2019-09-03T15:35:39+00:00","description":"Optimise ad campaigns with ExoClick's in depth targeting options.","breadcrumb":{"@id":"https:\/\/www.exoclick.com\/es\/opciones-de-targeting\/#breadcrumb"},"inLanguage":"es-ES","potentialAction":[{"@type":"ReadAction","target":["https:\/\/www.exoclick.com\/es\/opciones-de-targeting\/"]}]},{"@type":"BreadcrumbList","@id":"https:\/\/www.exoclick.com\/es\/opciones-de-targeting\/#breadcrumb","itemListElement":[{"@type":"ListItem","position":1,"name":"Home","item":"https:\/\/www.exoclick.com\/es\/"},{"@type":"ListItem","position":2,"name":"Opciones de Targeting"}]},{"@type":"WebSite","@id":"https:\/\/www.exoclick.com\/#website","url":"https:\/\/www.exoclick.com\/","name":"ExoClick","description":"The innovative ad network","publisher":{"@id":"https:\/\/www.exoclick.com\/#organization"},"potentialAction":[{"@type":"SearchAction","target":{"@type":"EntryPoint","urlTemplate":"https:\/\/www.exoclick.com\/?s={search_term_string}"},"query-input":"required name=search_term_string"}],"inLanguage":"es-ES"},{"@type":"Organization","@id":"https:\/\/www.exoclick.com\/#organization","name":"ExoClick","url":"https:\/\/www.exoclick.com\/","logo":{"@type":"ImageObject","inLanguage":"es-ES","@id":"https:\/\/www.exoclick.com\/#\/schema\/logo\/image\/","url":"https:\/\/www.exoclick.com\/wp-content\/uploads\/2015\/04\/exoclick_new_baseline.png","contentUrl":"https:\/\/www.exoclick.com\/wp-content\/uploads\/2015\/04\/exoclick_new_baseline.png","width":1500,"height":613,"caption":"ExoClick"},"image":{"@id":"https:\/\/www.exoclick.com\/#\/schema\/logo\/image\/"}}]}},"_links":{"self":[{"href":"https:\/\/www.exoclick.com\/es\/wp-json\/wp\/v2\/pages\/37407"}],"collection":[{"href":"https:\/\/www.exoclick.com\/es\/wp-json\/wp\/v2\/pages"}],"about":[{"href":"https:\/\/www.exoclick.com\/es\/wp-json\/wp\/v2\/types\/page"}],"author":[{"embeddable":true,"href":"https:\/\/www.exoclick.com\/es\/wp-json\/wp\/v2\/users\/5"}],"replies":[{"embeddable":true,"href":"https:\/\/www.exoclick.com\/es\/wp-json\/wp\/v2\/comments?post=37407"}],"version-history":[{"count":3,"href":"https:\/\/www.exoclick.com\/es\/wp-json\/wp\/v2\/pages\/37407\/revisions"}],"predecessor-version":[{"id":37433,"href":"https:\/\/www.exoclick.com\/es\/wp-json\/wp\/v2\/pages\/37407\/revisions\/37433"}],"wp:attachment":[{"href":"https:\/\/www.exoclick.com\/es\/wp-json\/wp\/v2\/media?parent=37407"}],"curies":[{"name":"wp","href":"https:\/\/api.w.org\/{rel}","templated":true}]}}