{"id":19337,"date":"2017-07-20T11:16:18","date_gmt":"2017-07-20T09:16:18","guid":{"rendered":"https:\/\/www.exoclick.com\/ad-network\/members-area\/"},"modified":"2018-10-15T16:40:37","modified_gmt":"2018-10-15T14:40:37","slug":"members-area","status":"publish","type":"page","link":"https:\/\/www.exoclick.com\/es\/editores-2\/members-area\/","title":{"rendered":"Members area"},"content":{"rendered":"","protected":false},"excerpt":{"rendered":"","protected":false},"author":14,"featured_media":0,"parent":1536,"menu_order":0,"comment_status":"closed","ping_status":"closed","template":"page-members-area.php","meta":[],"yoast_head":"<!-- This site is optimized with the Yoast SEO Premium plugin v19.4 (Yoast SEO v19.9) - https:\/\/yoast.com\/wordpress\/plugins\/seo\/ -->\n<title>Members area - ExoClick<\/title>\n<meta name=\"description\" content=\"Ahora ExoClick ofrece tr\u00e1fico de zona de miembros de p\u00e1ginas web y email marketing dirigido a tr\u00e1fico de alta calidad\" \/>\n<meta name=\"robots\" content=\"index, follow, max-snippet:-1, max-image-preview:large, max-video-preview:-1\" \/>\n<link rel=\"canonical\" href=\"https:\/\/www.exoclick.com\/es\/editores-2\/members-area\/\" \/>\n<meta property=\"og:locale\" content=\"es_ES\" \/>\n<meta property=\"og:type\" content=\"article\" \/>\n<meta property=\"og:title\" content=\"Members area\" \/>\n<meta property=\"og:description\" content=\"Ahora ExoClick ofrece tr\u00e1fico de zona de miembros de p\u00e1ginas web y email marketing dirigido a tr\u00e1fico de alta calidad\" \/>\n<meta property=\"og:url\" content=\"https:\/\/www.exoclick.com\/es\/editores-2\/members-area\/\" \/>\n<meta property=\"og:site_name\" content=\"ExoClick\" \/>\n<meta property=\"article:modified_time\" content=\"2018-10-15T14:40:37+00:00\" \/>\n<meta property=\"og:image\" content=\"https:\/\/www.exoclick.com\/wp-content\/uploads\/2018\/09\/ExoClick-1200x600.png\" \/>\n<script type=\"application\/ld+json\" class=\"yoast-schema-graph\">{\"@context\":\"https:\/\/schema.org\",\"@graph\":[{\"@type\":\"WebPage\",\"@id\":\"https:\/\/www.exoclick.com\/es\/editores-2\/members-area\/\",\"url\":\"https:\/\/www.exoclick.com\/es\/editores-2\/members-area\/\",\"name\":\"Members area - ExoClick\",\"isPartOf\":{\"@id\":\"https:\/\/www.exoclick.com\/#website\"},\"datePublished\":\"2017-07-20T09:16:18+00:00\",\"dateModified\":\"2018-10-15T14:40:37+00:00\",\"description\":\"Ahora ExoClick ofrece tr\u00e1fico de zona de miembros de p\u00e1ginas web y email marketing dirigido a tr\u00e1fico de alta calidad\",\"breadcrumb\":{\"@id\":\"https:\/\/www.exoclick.com\/es\/editores-2\/members-area\/#breadcrumb\"},\"inLanguage\":\"es-ES\",\"potentialAction\":[{\"@type\":\"ReadAction\",\"target\":[\"https:\/\/www.exoclick.com\/es\/editores-2\/members-area\/\"]}]},{\"@type\":\"BreadcrumbList\",\"@id\":\"https:\/\/www.exoclick.com\/es\/editores-2\/members-area\/#breadcrumb\",\"itemListElement\":[{\"@type\":\"ListItem\",\"position\":1,\"name\":\"Home\",\"item\":\"https:\/\/www.exoclick.com\/es\/\"},{\"@type\":\"ListItem\",\"position\":2,\"name\":\"Editores\",\"item\":\"https:\/\/www.exoclick.com\/es\/editores-2\/\"},{\"@type\":\"ListItem\",\"position\":3,\"name\":\"Members area\"}]},{\"@type\":\"WebSite\",\"@id\":\"https:\/\/www.exoclick.com\/#website\",\"url\":\"https:\/\/www.exoclick.com\/\",\"name\":\"ExoClick\",\"description\":\"The innovative ad network\",\"publisher\":{\"@id\":\"https:\/\/www.exoclick.com\/#organization\"},\"potentialAction\":[{\"@type\":\"SearchAction\",\"target\":{\"@type\":\"EntryPoint\",\"urlTemplate\":\"https:\/\/www.exoclick.com\/?s={search_term_string}\"},\"query-input\":\"required name=search_term_string\"}],\"inLanguage\":\"es-ES\"},{\"@type\":\"Organization\",\"@id\":\"https:\/\/www.exoclick.com\/#organization\",\"name\":\"ExoClick\",\"url\":\"https:\/\/www.exoclick.com\/\",\"logo\":{\"@type\":\"ImageObject\",\"inLanguage\":\"es-ES\",\"@id\":\"https:\/\/www.exoclick.com\/#\/schema\/logo\/image\/\",\"url\":\"https:\/\/www.exoclick.com\/wp-content\/uploads\/2015\/04\/exoclick_new_baseline.png\",\"contentUrl\":\"https:\/\/www.exoclick.com\/wp-content\/uploads\/2015\/04\/exoclick_new_baseline.png\",\"width\":1500,\"height\":613,\"caption\":\"ExoClick\"},\"image\":{\"@id\":\"https:\/\/www.exoclick.com\/#\/schema\/logo\/image\/\"}}]}<\/script>\n<!-- \/ Yoast SEO Premium plugin. -->","yoast_head_json":{"title":"Members area - ExoClick","description":"Ahora ExoClick ofrece tr\u00e1fico de zona de miembros de p\u00e1ginas web y email marketing dirigido a tr\u00e1fico de alta calidad","robots":{"index":"index","follow":"follow","max-snippet":"max-snippet:-1","max-image-preview":"max-image-preview:large","max-video-preview":"max-video-preview:-1"},"canonical":"https:\/\/www.exoclick.com\/es\/editores-2\/members-area\/","og_locale":"es_ES","og_type":"article","og_title":"Members area","og_description":"Ahora ExoClick ofrece tr\u00e1fico de zona de miembros de p\u00e1ginas web y email marketing dirigido a tr\u00e1fico de alta calidad","og_url":"https:\/\/www.exoclick.com\/es\/editores-2\/members-area\/","og_site_name":"ExoClick","article_modified_time":"2018-10-15T14:40:37+00:00","og_image":[{"url":"https:\/\/www.exoclick.com\/wp-content\/uploads\/2018\/09\/ExoClick-1200x600.png"}],"schema":{"@context":"https:\/\/schema.org","@graph":[{"@type":"WebPage","@id":"https:\/\/www.exoclick.com\/es\/editores-2\/members-area\/","url":"https:\/\/www.exoclick.com\/es\/editores-2\/members-area\/","name":"Members area - ExoClick","isPartOf":{"@id":"https:\/\/www.exoclick.com\/#website"},"datePublished":"2017-07-20T09:16:18+00:00","dateModified":"2018-10-15T14:40:37+00:00","description":"Ahora ExoClick ofrece tr\u00e1fico de zona de miembros de p\u00e1ginas web y email marketing dirigido a tr\u00e1fico de alta calidad","breadcrumb":{"@id":"https:\/\/www.exoclick.com\/es\/editores-2\/members-area\/#breadcrumb"},"inLanguage":"es-ES","potentialAction":[{"@type":"ReadAction","target":["https:\/\/www.exoclick.com\/es\/editores-2\/members-area\/"]}]},{"@type":"BreadcrumbList","@id":"https:\/\/www.exoclick.com\/es\/editores-2\/members-area\/#breadcrumb","itemListElement":[{"@type":"ListItem","position":1,"name":"Home","item":"https:\/\/www.exoclick.com\/es\/"},{"@type":"ListItem","position":2,"name":"Editores","item":"https:\/\/www.exoclick.com\/es\/editores-2\/"},{"@type":"ListItem","position":3,"name":"Members area"}]},{"@type":"WebSite","@id":"https:\/\/www.exoclick.com\/#website","url":"https:\/\/www.exoclick.com\/","name":"ExoClick","description":"The innovative ad network","publisher":{"@id":"https:\/\/www.exoclick.com\/#organization"},"potentialAction":[{"@type":"SearchAction","target":{"@type":"EntryPoint","urlTemplate":"https:\/\/www.exoclick.com\/?s={search_term_string}"},"query-input":"required name=search_term_string"}],"inLanguage":"es-ES"},{"@type":"Organization","@id":"https:\/\/www.exoclick.com\/#organization","name":"ExoClick","url":"https:\/\/www.exoclick.com\/","logo":{"@type":"ImageObject","inLanguage":"es-ES","@id":"https:\/\/www.exoclick.com\/#\/schema\/logo\/image\/","url":"https:\/\/www.exoclick.com\/wp-content\/uploads\/2015\/04\/exoclick_new_baseline.png","contentUrl":"https:\/\/www.exoclick.com\/wp-content\/uploads\/2015\/04\/exoclick_new_baseline.png","width":1500,"height":613,"caption":"ExoClick"},"image":{"@id":"https:\/\/www.exoclick.com\/#\/schema\/logo\/image\/"}}]}},"_links":{"self":[{"href":"https:\/\/www.exoclick.com\/es\/wp-json\/wp\/v2\/pages\/19337"}],"collection":[{"href":"https:\/\/www.exoclick.com\/es\/wp-json\/wp\/v2\/pages"}],"about":[{"href":"https:\/\/www.exoclick.com\/es\/wp-json\/wp\/v2\/types\/page"}],"author":[{"embeddable":true,"href":"https:\/\/www.exoclick.com\/es\/wp-json\/wp\/v2\/users\/14"}],"replies":[{"embeddable":true,"href":"https:\/\/www.exoclick.com\/es\/wp-json\/wp\/v2\/comments?post=19337"}],"version-history":[{"count":16,"href":"https:\/\/www.exoclick.com\/es\/wp-json\/wp\/v2\/pages\/19337\/revisions"}],"predecessor-version":[{"id":27825,"href":"https:\/\/www.exoclick.com\/es\/wp-json\/wp\/v2\/pages\/19337\/revisions\/27825"}],"up":[{"embeddable":true,"href":"https:\/\/www.exoclick.com\/es\/wp-json\/wp\/v2\/pages\/1536"}],"wp:attachment":[{"href":"https:\/\/www.exoclick.com\/es\/wp-json\/wp\/v2\/media?parent=19337"}],"curies":[{"name":"wp","href":"https:\/\/api.w.org\/{rel}","templated":true}]}}