{"id":1785,"date":"2014-02-04T14:09:38","date_gmt":"2014-02-04T13:09:38","guid":{"rendered":"https:\/\/www.exoclick.com\/?page_id=1785"},"modified":"2024-01-09T11:50:41","modified_gmt":"2024-01-09T10:50:41","slug":"formulario-de-infraccion-de-derechos-de-autor","status":"publish","type":"page","link":"https:\/\/www.exoclick.com\/es\/formulario-de-infraccion-de-derechos-de-autor\/","title":{"rendered":"Formulario de Infracci\u00f3n de Derechos de Autor"},"content":{"rendered":"<h3><b>Nos tomamos en serio las infracciones de los derechos de autor<\/b><\/h3>\n<p><span style=\"font-weight: 400;\">ExoClick respeta los derechos de propiedad intelectual de terceros y esperamos que todos nuestros clientes hagan lo mismo. Tenga en cuenta que las leyes de los distintos pa\u00edses pueden variar. Para obtener m\u00e1s informaci\u00f3n sobre la ley de derechos de autor, puede visitar el sitio web de la <\/span><a href=\"https:\/\/www.wipo.int\/\" target=\"_blank\" rel=\"noopener\"><span style=\"font-weight: 400;\">Organizaci\u00f3n Mundial de la Propiedad Intelectual<\/span><\/a><span style=\"font-weight: 400;\"> (OMPI). Independientemente de ello, ExoClick se califica como <\/span><b>&#8220;Prestador de Servicios Intermediario&#8221; <\/b><span style=\"font-weight: 400;\">en el<\/span> <span style=\"font-weight: 400;\">sentido de la ley estadounidense Digital Millennium Copyright Act (<\/span><b>&#8220;DMCA&#8221;<\/b><span style=\"font-weight: 400;\">), as\u00ed como en otras normativas como la Ley espa\u00f1ola de Servicios de la Sociedad de la Informaci\u00f3n (<\/span><b>&#8220;LSSI&#8221;<\/b><span style=\"font-weight: 400;\">), y la Ley de mercado \u00fanico de Servicios Digitales de la UE (<\/span><b>&#8220;DSA&#8221;<\/b><span style=\"font-weight: 400;\">). En consecuencia, hemos adoptado la siguiente Pol\u00edtica y el Formulario de Notificaci\u00f3n de Derechos de Autor en relaci\u00f3n con las reclamaciones de infracci\u00f3n de derechos de autor. Tras la recepci\u00f3n de una notificaci\u00f3n de presunta infracci\u00f3n de derechos de autor, ExoClick tomar\u00e1 las medidas que considere oportunas a su entera discreci\u00f3n, incluida la eliminaci\u00f3n de los materiales presuntamente infractores y la cancelaci\u00f3n del acceso a los infractores reincidentes de contenidos protegidos por derechos de autor.<\/span><\/p>\n<h4><b>Informaci\u00f3n pertinente sobre la DMCA:<\/b><\/h4>\n<p><span style=\"font-weight: 400;\">De acuerdo con la DMCA, ExoClick ha nombrado un <\/span><b>Agente Designado DMCA<\/b><span style=\"font-weight: 400;\">, en este caso el Equipo de Cumplimiento de ExoClick, que debe ser contactado a trav\u00e9s del Formulario de Infracci\u00f3n de Derechos de Autor a continuaci\u00f3n. Cabe se\u00f1alar que ExoClick pide a todos sus editores que tengan una pol\u00edtica clara de DMCA\/Copyright en su sitio web con un formulario de contacto operativo o una direcci\u00f3n de correo electr\u00f3nico de contacto donde se les puedan enviar las impugnaciones de DMCA\/Copyright, negando la necesidad de que ExoClick intervenga como mediador.<\/span><\/p>\n<h4><b>\u00bfC\u00f3mo denunciar una infracci\u00f3n de derechos de autor?<\/b><\/h4>\n<p><span style=\"font-weight: 400;\">Si usted cree que sus derechos de propiedad intelectual han sido violados por un tercero que ha cargado materiales como material de publicidad en un sitio web de un editor, por favor proporcione la informaci\u00f3n pertinente solicitada en nuestro <\/span><a href=\"https:\/\/www.exoclick.com\/copyrightform\/\" target=\"_blank\" rel=\"noopener\"><b>Formulario de Infracci\u00f3n de Derechos de Autor<\/b><\/a><span style=\"font-weight: 400;\">, incluyendo pero no limitado a una descripci\u00f3n de la obra con derechos de autor u otra propiedad intelectual que ha sido infringida. ExoClick puede solicitar informaci\u00f3n adicional antes de eliminar cualquier material presuntamente infractor. En el caso de que ExoClick elimine los materiales presuntamente infractores, ExoClick notificar\u00e1 inmediatamente a la persona responsable de la publicaci\u00f3n de dichos materiales que ExoClick ha eliminado o inhabilitado el acceso a los materiales. ExoClick tambi\u00e9n podr\u00e1 facilitar a la persona responsable su direcci\u00f3n de correo electr\u00f3nico para que \u00e9sta pueda responder a sus alegaciones<\/span><\/p>\n","protected":false},"excerpt":{"rendered":"<p>Nos tomamos en serio las infracciones de los derechos de autor ExoClick respeta los derechos de propiedad intelectual de terceros y esperamos que todos nuestros clientes hagan lo mismo. Tenga en cuenta que las leyes de los distintos pa\u00edses pueden variar. Para obtener m\u00e1s informaci\u00f3n sobre la ley de derechos de autor, puede visitar el [&hellip;]<\/p>\n","protected":false},"author":5,"featured_media":0,"parent":0,"menu_order":0,"comment_status":"open","ping_status":"closed","template":"","meta":[],"yoast_head":"<!-- This site is optimized with the Yoast SEO Premium plugin v19.4 (Yoast SEO v18.0) - https:\/\/yoast.com\/wordpress\/plugins\/seo\/ -->\n<meta name=\"robots\" content=\"index, follow, max-snippet:-1, max-image-preview:large, max-video-preview:-1\" \/>\n<link rel=\"canonical\" href=\"https:\/\/www.exoclick.com\/es\/formulario-de-infraccion-de-derechos-de-autor\/\" \/>\n<meta property=\"og:locale\" content=\"es_ES\" \/>\n<meta property=\"og:type\" content=\"article\" \/>\n<meta property=\"og:title\" content=\"Formulario de Infracci\u00f3n de Derechos de Autor - ExoClick\" \/>\n<meta property=\"og:description\" content=\"Nos tomamos en serio las infracciones de los derechos de autor ExoClick respeta los derechos de propiedad intelectual de terceros y esperamos que todos nuestros clientes hagan lo mismo. Tenga en cuenta que las leyes de los distintos pa\u00edses pueden variar. Para obtener m\u00e1s informaci\u00f3n sobre la ley de derechos de autor, puede visitar el [&hellip;]\" \/>\n<meta property=\"og:url\" content=\"https:\/\/www.exoclick.com\/es\/formulario-de-infraccion-de-derechos-de-autor\/\" \/>\n<meta property=\"og:site_name\" content=\"ExoClick\" \/>\n<meta property=\"article:modified_time\" content=\"2024-01-09T10:50:41+00:00\" \/>\n<meta property=\"og:image\" content=\"https:\/\/www.exoclick.com\/wp-content\/uploads\/2018\/09\/ExoClick-1200x600.png\" \/>\n<meta name=\"twitter:label1\" content=\"Est. reading time\" \/>\n\t<meta name=\"twitter:data1\" content=\"2 minutes\" \/>\n<script type=\"application\/ld+json\" class=\"yoast-schema-graph\">{\"@context\":\"https:\/\/schema.org\",\"@graph\":[{\"@type\":\"Organization\",\"@id\":\"https:\/\/www.exoclick.com\/#organization\",\"name\":\"ExoClick\",\"url\":\"https:\/\/www.exoclick.com\/\",\"sameAs\":[],\"logo\":{\"@type\":\"ImageObject\",\"@id\":\"https:\/\/www.exoclick.com\/#logo\",\"inLanguage\":\"es-ES\",\"url\":\"https:\/\/www.exoclick.com\/wp-content\/uploads\/2015\/04\/exoclick_new_baseline.png\",\"contentUrl\":\"https:\/\/www.exoclick.com\/wp-content\/uploads\/2015\/04\/exoclick_new_baseline.png\",\"width\":1500,\"height\":613,\"caption\":\"ExoClick\"},\"image\":{\"@id\":\"https:\/\/www.exoclick.com\/#logo\"}},{\"@type\":\"WebSite\",\"@id\":\"https:\/\/www.exoclick.com\/#website\",\"url\":\"https:\/\/www.exoclick.com\/\",\"name\":\"ExoClick\",\"description\":\"The innovative ad network\",\"publisher\":{\"@id\":\"https:\/\/www.exoclick.com\/#organization\"},\"potentialAction\":[{\"@type\":\"SearchAction\",\"target\":{\"@type\":\"EntryPoint\",\"urlTemplate\":\"https:\/\/www.exoclick.com\/?s={search_term_string}\"},\"query-input\":\"required name=search_term_string\"}],\"inLanguage\":\"es-ES\"},{\"@type\":\"WebPage\",\"@id\":\"https:\/\/www.exoclick.com\/es\/formulario-de-infraccion-de-derechos-de-autor\/#webpage\",\"url\":\"https:\/\/www.exoclick.com\/es\/formulario-de-infraccion-de-derechos-de-autor\/\",\"name\":\"Formulario de Infracci\u00f3n de Derechos de Autor - ExoClick\",\"isPartOf\":{\"@id\":\"https:\/\/www.exoclick.com\/#website\"},\"datePublished\":\"2014-02-04T13:09:38+00:00\",\"dateModified\":\"2024-01-09T10:50:41+00:00\",\"breadcrumb\":{\"@id\":\"https:\/\/www.exoclick.com\/es\/formulario-de-infraccion-de-derechos-de-autor\/#breadcrumb\"},\"inLanguage\":\"es-ES\",\"potentialAction\":[{\"@type\":\"ReadAction\",\"target\":[\"https:\/\/www.exoclick.com\/es\/formulario-de-infraccion-de-derechos-de-autor\/\"]}]},{\"@type\":\"BreadcrumbList\",\"@id\":\"https:\/\/www.exoclick.com\/es\/formulario-de-infraccion-de-derechos-de-autor\/#breadcrumb\",\"itemListElement\":[{\"@type\":\"ListItem\",\"position\":1,\"name\":\"Home\",\"item\":\"https:\/\/www.exoclick.com\/es\/\"},{\"@type\":\"ListItem\",\"position\":2,\"name\":\"Formulario de Infracci\u00f3n de Derechos de Autor\"}]}]}<\/script>\n<!-- \/ Yoast SEO Premium plugin. -->","yoast_head_json":{"robots":{"index":"index","follow":"follow","max-snippet":"max-snippet:-1","max-image-preview":"max-image-preview:large","max-video-preview":"max-video-preview:-1"},"canonical":"https:\/\/www.exoclick.com\/es\/formulario-de-infraccion-de-derechos-de-autor\/","og_locale":"es_ES","og_type":"article","og_title":"Formulario de Infracci\u00f3n de Derechos de Autor - ExoClick","og_description":"Nos tomamos en serio las infracciones de los derechos de autor ExoClick respeta los derechos de propiedad intelectual de terceros y esperamos que todos nuestros clientes hagan lo mismo. Tenga en cuenta que las leyes de los distintos pa\u00edses pueden variar. Para obtener m\u00e1s informaci\u00f3n sobre la ley de derechos de autor, puede visitar el [&hellip;]","og_url":"https:\/\/www.exoclick.com\/es\/formulario-de-infraccion-de-derechos-de-autor\/","og_site_name":"ExoClick","article_modified_time":"2024-01-09T10:50:41+00:00","og_image":[{"url":"https:\/\/www.exoclick.com\/wp-content\/uploads\/2018\/09\/ExoClick-1200x600.png"}],"twitter_misc":{"Est. reading time":"2 minutes"},"schema":{"@context":"https:\/\/schema.org","@graph":[{"@type":"Organization","@id":"https:\/\/www.exoclick.com\/#organization","name":"ExoClick","url":"https:\/\/www.exoclick.com\/","sameAs":[],"logo":{"@type":"ImageObject","@id":"https:\/\/www.exoclick.com\/#logo","inLanguage":"es-ES","url":"https:\/\/www.exoclick.com\/wp-content\/uploads\/2015\/04\/exoclick_new_baseline.png","contentUrl":"https:\/\/www.exoclick.com\/wp-content\/uploads\/2015\/04\/exoclick_new_baseline.png","width":1500,"height":613,"caption":"ExoClick"},"image":{"@id":"https:\/\/www.exoclick.com\/#logo"}},{"@type":"WebSite","@id":"https:\/\/www.exoclick.com\/#website","url":"https:\/\/www.exoclick.com\/","name":"ExoClick","description":"The innovative ad network","publisher":{"@id":"https:\/\/www.exoclick.com\/#organization"},"potentialAction":[{"@type":"SearchAction","target":{"@type":"EntryPoint","urlTemplate":"https:\/\/www.exoclick.com\/?s={search_term_string}"},"query-input":"required name=search_term_string"}],"inLanguage":"es-ES"},{"@type":"WebPage","@id":"https:\/\/www.exoclick.com\/es\/formulario-de-infraccion-de-derechos-de-autor\/#webpage","url":"https:\/\/www.exoclick.com\/es\/formulario-de-infraccion-de-derechos-de-autor\/","name":"Formulario de Infracci\u00f3n de Derechos de Autor - ExoClick","isPartOf":{"@id":"https:\/\/www.exoclick.com\/#website"},"datePublished":"2014-02-04T13:09:38+00:00","dateModified":"2024-01-09T10:50:41+00:00","breadcrumb":{"@id":"https:\/\/www.exoclick.com\/es\/formulario-de-infraccion-de-derechos-de-autor\/#breadcrumb"},"inLanguage":"es-ES","potentialAction":[{"@type":"ReadAction","target":["https:\/\/www.exoclick.com\/es\/formulario-de-infraccion-de-derechos-de-autor\/"]}]},{"@type":"BreadcrumbList","@id":"https:\/\/www.exoclick.com\/es\/formulario-de-infraccion-de-derechos-de-autor\/#breadcrumb","itemListElement":[{"@type":"ListItem","position":1,"name":"Home","item":"https:\/\/www.exoclick.com\/es\/"},{"@type":"ListItem","position":2,"name":"Formulario de Infracci\u00f3n de Derechos de Autor"}]}]}},"_links":{"self":[{"href":"https:\/\/www.exoclick.com\/es\/wp-json\/wp\/v2\/pages\/1785"}],"collection":[{"href":"https:\/\/www.exoclick.com\/es\/wp-json\/wp\/v2\/pages"}],"about":[{"href":"https:\/\/www.exoclick.com\/es\/wp-json\/wp\/v2\/types\/page"}],"author":[{"embeddable":true,"href":"https:\/\/www.exoclick.com\/es\/wp-json\/wp\/v2\/users\/5"}],"replies":[{"embeddable":true,"href":"https:\/\/www.exoclick.com\/es\/wp-json\/wp\/v2\/comments?post=1785"}],"version-history":[{"count":24,"href":"https:\/\/www.exoclick.com\/es\/wp-json\/wp\/v2\/pages\/1785\/revisions"}],"predecessor-version":[{"id":98929,"href":"https:\/\/www.exoclick.com\/es\/wp-json\/wp\/v2\/pages\/1785\/revisions\/98929"}],"wp:attachment":[{"href":"https:\/\/www.exoclick.com\/es\/wp-json\/wp\/v2\/media?parent=1785"}],"curies":[{"name":"wp","href":"https:\/\/api.w.org\/{rel}","templated":true}]}}