{"id":104482,"date":"2024-11-26T15:13:20","date_gmt":"2024-11-26T14:13:20","guid":{"rendered":"https:\/\/www.exoclick.com\/?page_id=104482"},"modified":"2024-11-27T15:40:32","modified_gmt":"2024-11-27T14:40:32","slug":"canal-etico-de-exoclick","status":"publish","type":"page","link":"https:\/\/www.exoclick.com\/es\/canal-etico-de-exoclick\/","title":{"rendered":"Canal \u00c9tico de ExoClick"},"content":{"rendered":"<p><span style=\"font-weight: 400;\">En ExoClick, contamos con un <\/span><b>Canal \u00c9tico<\/b><span style=\"font-weight: 400;\"> como herramienta para comunicar irregularidades o conductas contrarias a la ley y a nuestros valores. Este canal es clave para fomentar un entorno de transparencia e integridad.<\/span><\/p>\n<h3><b>\u00bfC\u00f3mo funciona?<\/b><\/h3>\n<p><span style=\"font-weight: 400;\">Nuestro Canal \u00c9tico est\u00e1 gestionado mediante un software externo (Whistleblower) que garantiza la confidencialidad y, en su caso, el anonimato del informante. Puedes presentar tu denuncia de forma an\u00f3nima o con tus datos personales, seg\u00fan prefieras.<\/span><\/p>\n<p><b>M\u00e9todo de acceso: <\/b><a href=\"https:\/\/whistleblowersoftware.com\/secure\/9923d8ed-b258-4467-a8ed-a64d53eeb684\" target=\"_blank\" rel=\"noopener\"><span style=\"font-weight: 400;\">https:\/\/whistleblowersoftware.com\/secure\/9923d8ed-b258-4467-a8ed-a64d53eeb684<\/span><\/a><span style=\"font-weight: 400;\">\u00a0\u00a0\u00a0<\/span><\/p>\n<p><span style=\"font-weight: 400;\">Adem\u00e1s, de acuerdo con la Ley 2\/2023, tambi\u00e9n puedes notificar cualquier irregularidad directamente a la Autoridad Independiente de Protecci\u00f3n del Informante (A.A.I.) o previa comunicaci\u00f3n a trav\u00e9s del canal interno de ExoClick.<\/span><\/p>\n<p><span style=\"font-weight: 400;\">Para m\u00e1s informaci\u00f3n sobre la pol\u00edtica de uso del canal y la pol\u00edtica de procedimiento, consulte los enlaces m\u00e1s abajo.<\/span><\/p>\n<p><a href=\"https:\/\/whistleblowersoftware.com\/secure\/9923d8ed-b258-4467-a8ed-a64d53eeb684\/994c98ab-d5c6-4fea-8dd9-db2e2f79ccde\" target=\"_blank\" rel=\"noopener\"><b>Pol\u00edtica del Canal \u00c9tico<\/b><\/a><\/p>\n<p><a href=\"https:\/\/www.exoclick.com\/wp-content\/uploads\/2024\/11\/ExoClick_Poli%CC%81tica-de-ProcedimientoES.pdf\" target=\"_blank\" rel=\"noopener\"><b>Pol\u00edtica de Procedimiento del Canal \u00c9tico\u00a0<\/b><\/a><\/p>\n","protected":false},"excerpt":{"rendered":"<p>En ExoClick, contamos con un Canal \u00c9tico como herramienta para comunicar irregularidades o conductas contrarias a la ley y a nuestros valores. Este canal es clave para fomentar un entorno de transparencia e integridad. \u00bfC\u00f3mo funciona? Nuestro Canal \u00c9tico est\u00e1 gestionado mediante un software externo (Whistleblower) que garantiza la confidencialidad y, en su caso, el [&hellip;]<\/p>\n","protected":false},"author":5,"featured_media":0,"parent":0,"menu_order":0,"comment_status":"closed","ping_status":"closed","template":"","meta":[],"yoast_head":"<!-- This site is optimized with the Yoast SEO Premium plugin v19.4 (Yoast SEO v19.9) - https:\/\/yoast.com\/wordpress\/plugins\/seo\/ -->\n<title>Canal \u00c9tico de ExoClick - ExoClick<\/title>\n<meta name=\"description\" content=\"En ExoClick, contamos con un Canal \u00c9tico como herramienta para comunicar irregularidades o conductas contrarias a la ley y a nuestros valores.\" \/>\n<meta name=\"robots\" content=\"index, follow, max-snippet:-1, max-image-preview:large, max-video-preview:-1\" \/>\n<link rel=\"canonical\" href=\"https:\/\/www.exoclick.com\/es\/canal-etico-de-exoclick\/\" \/>\n<meta property=\"og:locale\" content=\"es_ES\" \/>\n<meta property=\"og:type\" content=\"article\" \/>\n<meta property=\"og:title\" content=\"Canal \u00c9tico de ExoClick\" \/>\n<meta property=\"og:description\" content=\"En ExoClick, contamos con un Canal \u00c9tico como herramienta para comunicar irregularidades o conductas contrarias a la ley y a nuestros valores.\" \/>\n<meta property=\"og:url\" content=\"https:\/\/www.exoclick.com\/es\/canal-etico-de-exoclick\/\" \/>\n<meta property=\"og:site_name\" content=\"ExoClick\" \/>\n<meta property=\"article:modified_time\" content=\"2024-11-27T14:40:32+00:00\" \/>\n<meta property=\"og:image\" content=\"https:\/\/www.exoclick.com\/wp-content\/uploads\/2018\/09\/ExoClick-1200x600.png\" \/>\n<meta name=\"twitter:label1\" content=\"Est. reading time\" \/>\n\t<meta name=\"twitter:data1\" content=\"1 minute\" \/>\n<script type=\"application\/ld+json\" class=\"yoast-schema-graph\">{\"@context\":\"https:\/\/schema.org\",\"@graph\":[{\"@type\":\"WebPage\",\"@id\":\"https:\/\/www.exoclick.com\/es\/canal-etico-de-exoclick\/\",\"url\":\"https:\/\/www.exoclick.com\/es\/canal-etico-de-exoclick\/\",\"name\":\"Canal \u00c9tico de ExoClick - ExoClick\",\"isPartOf\":{\"@id\":\"https:\/\/www.exoclick.com\/#website\"},\"datePublished\":\"2024-11-26T14:13:20+00:00\",\"dateModified\":\"2024-11-27T14:40:32+00:00\",\"description\":\"En ExoClick, contamos con un Canal \u00c9tico como herramienta para comunicar irregularidades o conductas contrarias a la ley y a nuestros valores.\",\"breadcrumb\":{\"@id\":\"https:\/\/www.exoclick.com\/es\/canal-etico-de-exoclick\/#breadcrumb\"},\"inLanguage\":\"es-ES\",\"potentialAction\":[{\"@type\":\"ReadAction\",\"target\":[\"https:\/\/www.exoclick.com\/es\/canal-etico-de-exoclick\/\"]}]},{\"@type\":\"BreadcrumbList\",\"@id\":\"https:\/\/www.exoclick.com\/es\/canal-etico-de-exoclick\/#breadcrumb\",\"itemListElement\":[{\"@type\":\"ListItem\",\"position\":1,\"name\":\"Home\",\"item\":\"https:\/\/www.exoclick.com\/es\/\"},{\"@type\":\"ListItem\",\"position\":2,\"name\":\"Canal \u00c9tico de ExoClick\"}]},{\"@type\":\"WebSite\",\"@id\":\"https:\/\/www.exoclick.com\/#website\",\"url\":\"https:\/\/www.exoclick.com\/\",\"name\":\"ExoClick\",\"description\":\"The innovative ad network\",\"publisher\":{\"@id\":\"https:\/\/www.exoclick.com\/#organization\"},\"potentialAction\":[{\"@type\":\"SearchAction\",\"target\":{\"@type\":\"EntryPoint\",\"urlTemplate\":\"https:\/\/www.exoclick.com\/?s={search_term_string}\"},\"query-input\":\"required name=search_term_string\"}],\"inLanguage\":\"es-ES\"},{\"@type\":\"Organization\",\"@id\":\"https:\/\/www.exoclick.com\/#organization\",\"name\":\"ExoClick\",\"url\":\"https:\/\/www.exoclick.com\/\",\"logo\":{\"@type\":\"ImageObject\",\"inLanguage\":\"es-ES\",\"@id\":\"https:\/\/www.exoclick.com\/#\/schema\/logo\/image\/\",\"url\":\"https:\/\/www.exoclick.com\/wp-content\/uploads\/2015\/04\/exoclick_new_baseline.png\",\"contentUrl\":\"https:\/\/www.exoclick.com\/wp-content\/uploads\/2015\/04\/exoclick_new_baseline.png\",\"width\":1500,\"height\":613,\"caption\":\"ExoClick\"},\"image\":{\"@id\":\"https:\/\/www.exoclick.com\/#\/schema\/logo\/image\/\"}}]}<\/script>\n<!-- \/ Yoast SEO Premium plugin. -->","yoast_head_json":{"title":"Canal \u00c9tico de ExoClick - ExoClick","description":"En ExoClick, contamos con un Canal \u00c9tico como herramienta para comunicar irregularidades o conductas contrarias a la ley y a nuestros valores.","robots":{"index":"index","follow":"follow","max-snippet":"max-snippet:-1","max-image-preview":"max-image-preview:large","max-video-preview":"max-video-preview:-1"},"canonical":"https:\/\/www.exoclick.com\/es\/canal-etico-de-exoclick\/","og_locale":"es_ES","og_type":"article","og_title":"Canal \u00c9tico de ExoClick","og_description":"En ExoClick, contamos con un Canal \u00c9tico como herramienta para comunicar irregularidades o conductas contrarias a la ley y a nuestros valores.","og_url":"https:\/\/www.exoclick.com\/es\/canal-etico-de-exoclick\/","og_site_name":"ExoClick","article_modified_time":"2024-11-27T14:40:32+00:00","og_image":[{"url":"https:\/\/www.exoclick.com\/wp-content\/uploads\/2018\/09\/ExoClick-1200x600.png"}],"twitter_misc":{"Est. reading time":"1 minute"},"schema":{"@context":"https:\/\/schema.org","@graph":[{"@type":"WebPage","@id":"https:\/\/www.exoclick.com\/es\/canal-etico-de-exoclick\/","url":"https:\/\/www.exoclick.com\/es\/canal-etico-de-exoclick\/","name":"Canal \u00c9tico de ExoClick - ExoClick","isPartOf":{"@id":"https:\/\/www.exoclick.com\/#website"},"datePublished":"2024-11-26T14:13:20+00:00","dateModified":"2024-11-27T14:40:32+00:00","description":"En ExoClick, contamos con un Canal \u00c9tico como herramienta para comunicar irregularidades o conductas contrarias a la ley y a nuestros valores.","breadcrumb":{"@id":"https:\/\/www.exoclick.com\/es\/canal-etico-de-exoclick\/#breadcrumb"},"inLanguage":"es-ES","potentialAction":[{"@type":"ReadAction","target":["https:\/\/www.exoclick.com\/es\/canal-etico-de-exoclick\/"]}]},{"@type":"BreadcrumbList","@id":"https:\/\/www.exoclick.com\/es\/canal-etico-de-exoclick\/#breadcrumb","itemListElement":[{"@type":"ListItem","position":1,"name":"Home","item":"https:\/\/www.exoclick.com\/es\/"},{"@type":"ListItem","position":2,"name":"Canal \u00c9tico de ExoClick"}]},{"@type":"WebSite","@id":"https:\/\/www.exoclick.com\/#website","url":"https:\/\/www.exoclick.com\/","name":"ExoClick","description":"The innovative ad network","publisher":{"@id":"https:\/\/www.exoclick.com\/#organization"},"potentialAction":[{"@type":"SearchAction","target":{"@type":"EntryPoint","urlTemplate":"https:\/\/www.exoclick.com\/?s={search_term_string}"},"query-input":"required name=search_term_string"}],"inLanguage":"es-ES"},{"@type":"Organization","@id":"https:\/\/www.exoclick.com\/#organization","name":"ExoClick","url":"https:\/\/www.exoclick.com\/","logo":{"@type":"ImageObject","inLanguage":"es-ES","@id":"https:\/\/www.exoclick.com\/#\/schema\/logo\/image\/","url":"https:\/\/www.exoclick.com\/wp-content\/uploads\/2015\/04\/exoclick_new_baseline.png","contentUrl":"https:\/\/www.exoclick.com\/wp-content\/uploads\/2015\/04\/exoclick_new_baseline.png","width":1500,"height":613,"caption":"ExoClick"},"image":{"@id":"https:\/\/www.exoclick.com\/#\/schema\/logo\/image\/"}}]}},"_links":{"self":[{"href":"https:\/\/www.exoclick.com\/es\/wp-json\/wp\/v2\/pages\/104482"}],"collection":[{"href":"https:\/\/www.exoclick.com\/es\/wp-json\/wp\/v2\/pages"}],"about":[{"href":"https:\/\/www.exoclick.com\/es\/wp-json\/wp\/v2\/types\/page"}],"author":[{"embeddable":true,"href":"https:\/\/www.exoclick.com\/es\/wp-json\/wp\/v2\/users\/5"}],"replies":[{"embeddable":true,"href":"https:\/\/www.exoclick.com\/es\/wp-json\/wp\/v2\/comments?post=104482"}],"version-history":[{"count":2,"href":"https:\/\/www.exoclick.com\/es\/wp-json\/wp\/v2\/pages\/104482\/revisions"}],"predecessor-version":[{"id":104520,"href":"https:\/\/www.exoclick.com\/es\/wp-json\/wp\/v2\/pages\/104482\/revisions\/104520"}],"wp:attachment":[{"href":"https:\/\/www.exoclick.com\/es\/wp-json\/wp\/v2\/media?parent=104482"}],"curies":[{"name":"wp","href":"https:\/\/api.w.org\/{rel}","templated":true}]}}