{"id":77995,"date":"2020-05-11T12:40:21","date_gmt":"2020-05-11T10:40:21","guid":{"rendered":"https:\/\/www.exoclick.com\/?page_id=77995"},"modified":"2026-02-11T12:24:54","modified_gmt":"2026-02-11T11:24:54","slug":"uber-uns","status":"publish","type":"page","link":"https:\/\/www.exoclick.com\/de\/uber-uns\/","title":{"rendered":"\u00dcber uns"},"content":{"rendered":"<p>ExoClick, das innovative Ad-Unternehmen, bietet zwei Kan\u00e4le f\u00fcr Werbetreibende und Publisher: Eine Ad Exchange und ein Ad Network.<\/p>\n<p>Unser Ad Exchange erm\u00f6glicht es Publishern, ihren Traffic nicht nur mit dem Werbenetzwerk von ExoClick zu monetarisieren, sondern auch mit anderen Werbenetzwerken und DSPs. Aktuell ist ExoClicks Ad Exchange bereits mit \u00fcber 30 Partner verbunden und wir f\u00fcgen jeden Tag mehr Nachfrageplattformen hinzu.<\/p>\n<p lang=\"en-GB\">Wir bieten +20 verschiedene Ad \u2013 Formats an, optimiertes Targeting und Re-targeting, Zugang zu Big Data Statistiken und strategischen Analyse-Tools zur weiteren ROI -Optimierung, Datenaktualisierung alle 60 Sekunden, Tageseinteilung und 24\/7 Kundenservice. \u00a0Unsere Plattform-API erm\u00f6glicht es Entwicklern, ihre eigenen, ma\u00dfgeschneiderten Software-Add-ons f\u00fcr programmatische Prozesse auf unserer Plattform zu erstellen.<\/p>\n","protected":false},"excerpt":{"rendered":"<p>ExoClick, das innovative Ad-Unternehmen, bietet zwei Kan\u00e4le f\u00fcr Werbetreibende und Publisher: Eine Ad Exchange und ein Ad Network. Unser Ad Exchange erm\u00f6glicht es Publishern, ihren Traffic nicht nur mit dem Werbenetzwerk von ExoClick zu monetarisieren, sondern auch mit anderen Werbenetzwerken und DSPs. Aktuell ist ExoClicks Ad Exchange bereits mit \u00fcber 30 Partner verbunden und wir [&hellip;]<\/p>\n","protected":false},"author":1234,"featured_media":96950,"parent":0,"menu_order":0,"comment_status":"open","ping_status":"closed","template":"page-about-roadmap.php","meta":[],"yoast_head":"<!-- This site is optimized with the Yoast SEO Premium plugin v19.4 (Yoast SEO v18.0) - https:\/\/yoast.com\/wordpress\/plugins\/seo\/ -->\n<meta name=\"description\" content=\"Das f\u00fchrende Werbenetzwerk im Unterhaltungssektor, das t\u00e4glich \u00fcber 13 Milliarden geozielte Anzeigen an Web- und Mobile-Werbetreibende sowie Publisher weltweit ausspielt.\" \/>\n<meta name=\"robots\" content=\"index, follow, max-snippet:-1, max-image-preview:large, max-video-preview:-1\" \/>\n<link rel=\"canonical\" href=\"https:\/\/www.exoclick.com\/de\/uber-uns\/\" \/>\n<meta property=\"og:locale\" content=\"de_DE\" \/>\n<meta property=\"og:type\" content=\"article\" \/>\n<meta property=\"og:title\" content=\"\u00dcber uns - ExoClick\" \/>\n<meta property=\"og:description\" content=\"Das f\u00fchrende Werbenetzwerk im Unterhaltungssektor, das t\u00e4glich \u00fcber 13 Milliarden geozielte Anzeigen an Web- und Mobile-Werbetreibende sowie Publisher weltweit ausspielt.\" \/>\n<meta property=\"og:url\" content=\"https:\/\/www.exoclick.com\/de\/uber-uns\/\" \/>\n<meta property=\"og:site_name\" content=\"ExoClick\" \/>\n<meta property=\"article:modified_time\" content=\"2026-02-11T11:24:54+00:00\" \/>\n<meta property=\"og:image\" content=\"https:\/\/www.exoclick.com\/wp-content\/uploads\/2023\/10\/teambuilding-website.png\" \/>\n\t<meta property=\"og:image:width\" content=\"1000\" \/>\n\t<meta property=\"og:image:height\" content=\"1000\" \/>\n\t<meta property=\"og:image:type\" content=\"image\/png\" \/>\n<meta name=\"twitter:label1\" content=\"Est. reading time\" \/>\n\t<meta name=\"twitter:data1\" content=\"1 minute\" \/>\n<script type=\"application\/ld+json\" class=\"yoast-schema-graph\">{\"@context\":\"https:\/\/schema.org\",\"@graph\":[{\"@type\":\"Organization\",\"@id\":\"https:\/\/www.exoclick.com\/#organization\",\"name\":\"ExoClick\",\"url\":\"https:\/\/www.exoclick.com\/\",\"sameAs\":[],\"logo\":{\"@type\":\"ImageObject\",\"@id\":\"https:\/\/www.exoclick.com\/#logo\",\"inLanguage\":\"de-DE\",\"url\":\"https:\/\/www.exoclick.com\/wp-content\/uploads\/2015\/04\/exoclick_new_baseline.png\",\"contentUrl\":\"https:\/\/www.exoclick.com\/wp-content\/uploads\/2015\/04\/exoclick_new_baseline.png\",\"width\":1500,\"height\":613,\"caption\":\"ExoClick\"},\"image\":{\"@id\":\"https:\/\/www.exoclick.com\/#logo\"}},{\"@type\":\"WebSite\",\"@id\":\"https:\/\/www.exoclick.com\/#website\",\"url\":\"https:\/\/www.exoclick.com\/\",\"name\":\"ExoClick\",\"description\":\"The innovative ad network\",\"publisher\":{\"@id\":\"https:\/\/www.exoclick.com\/#organization\"},\"potentialAction\":[{\"@type\":\"SearchAction\",\"target\":{\"@type\":\"EntryPoint\",\"urlTemplate\":\"https:\/\/www.exoclick.com\/?s={search_term_string}\"},\"query-input\":\"required name=search_term_string\"}],\"inLanguage\":\"de-DE\"},{\"@type\":\"ImageObject\",\"@id\":\"https:\/\/www.exoclick.com\/de\/uber-uns\/#primaryimage\",\"inLanguage\":\"de-DE\",\"url\":\"https:\/\/www.exoclick.com\/wp-content\/uploads\/2023\/10\/teambuilding-website.png\",\"contentUrl\":\"https:\/\/www.exoclick.com\/wp-content\/uploads\/2023\/10\/teambuilding-website.png\",\"width\":1000,\"height\":1000},{\"@type\":\"WebPage\",\"@id\":\"https:\/\/www.exoclick.com\/de\/uber-uns\/#webpage\",\"url\":\"https:\/\/www.exoclick.com\/de\/uber-uns\/\",\"name\":\"\u00dcber uns - ExoClick\",\"isPartOf\":{\"@id\":\"https:\/\/www.exoclick.com\/#website\"},\"primaryImageOfPage\":{\"@id\":\"https:\/\/www.exoclick.com\/de\/uber-uns\/#primaryimage\"},\"datePublished\":\"2020-05-11T10:40:21+00:00\",\"dateModified\":\"2026-02-11T11:24:54+00:00\",\"description\":\"Das f\u00fchrende Werbenetzwerk im Unterhaltungssektor, das t\u00e4glich \u00fcber 13 Milliarden geozielte Anzeigen an Web- und Mobile-Werbetreibende sowie Publisher weltweit ausspielt.\",\"breadcrumb\":{\"@id\":\"https:\/\/www.exoclick.com\/de\/uber-uns\/#breadcrumb\"},\"inLanguage\":\"de-DE\",\"potentialAction\":[{\"@type\":\"ReadAction\",\"target\":[\"https:\/\/www.exoclick.com\/de\/uber-uns\/\"]}]},{\"@type\":\"BreadcrumbList\",\"@id\":\"https:\/\/www.exoclick.com\/de\/uber-uns\/#breadcrumb\",\"itemListElement\":[{\"@type\":\"ListItem\",\"position\":1,\"name\":\"Home\",\"item\":\"https:\/\/www.exoclick.com\/de\/\"},{\"@type\":\"ListItem\",\"position\":2,\"name\":\"\u00dcber uns\"}]}]}<\/script>\n<!-- \/ Yoast SEO Premium plugin. -->","yoast_head_json":{"description":"Das f\u00fchrende Werbenetzwerk im Unterhaltungssektor, das t\u00e4glich \u00fcber 13 Milliarden geozielte Anzeigen an Web- und Mobile-Werbetreibende sowie Publisher weltweit ausspielt.","robots":{"index":"index","follow":"follow","max-snippet":"max-snippet:-1","max-image-preview":"max-image-preview:large","max-video-preview":"max-video-preview:-1"},"canonical":"https:\/\/www.exoclick.com\/de\/uber-uns\/","og_locale":"de_DE","og_type":"article","og_title":"\u00dcber uns - ExoClick","og_description":"Das f\u00fchrende Werbenetzwerk im Unterhaltungssektor, das t\u00e4glich \u00fcber 13 Milliarden geozielte Anzeigen an Web- und Mobile-Werbetreibende sowie Publisher weltweit ausspielt.","og_url":"https:\/\/www.exoclick.com\/de\/uber-uns\/","og_site_name":"ExoClick","article_modified_time":"2026-02-11T11:24:54+00:00","og_image":[{"width":1000,"height":1000,"url":"https:\/\/www.exoclick.com\/wp-content\/uploads\/2023\/10\/teambuilding-website.png","type":"image\/png"}],"twitter_misc":{"Est. reading time":"1 minute"},"schema":{"@context":"https:\/\/schema.org","@graph":[{"@type":"Organization","@id":"https:\/\/www.exoclick.com\/#organization","name":"ExoClick","url":"https:\/\/www.exoclick.com\/","sameAs":[],"logo":{"@type":"ImageObject","@id":"https:\/\/www.exoclick.com\/#logo","inLanguage":"de-DE","url":"https:\/\/www.exoclick.com\/wp-content\/uploads\/2015\/04\/exoclick_new_baseline.png","contentUrl":"https:\/\/www.exoclick.com\/wp-content\/uploads\/2015\/04\/exoclick_new_baseline.png","width":1500,"height":613,"caption":"ExoClick"},"image":{"@id":"https:\/\/www.exoclick.com\/#logo"}},{"@type":"WebSite","@id":"https:\/\/www.exoclick.com\/#website","url":"https:\/\/www.exoclick.com\/","name":"ExoClick","description":"The innovative ad network","publisher":{"@id":"https:\/\/www.exoclick.com\/#organization"},"potentialAction":[{"@type":"SearchAction","target":{"@type":"EntryPoint","urlTemplate":"https:\/\/www.exoclick.com\/?s={search_term_string}"},"query-input":"required name=search_term_string"}],"inLanguage":"de-DE"},{"@type":"ImageObject","@id":"https:\/\/www.exoclick.com\/de\/uber-uns\/#primaryimage","inLanguage":"de-DE","url":"https:\/\/www.exoclick.com\/wp-content\/uploads\/2023\/10\/teambuilding-website.png","contentUrl":"https:\/\/www.exoclick.com\/wp-content\/uploads\/2023\/10\/teambuilding-website.png","width":1000,"height":1000},{"@type":"WebPage","@id":"https:\/\/www.exoclick.com\/de\/uber-uns\/#webpage","url":"https:\/\/www.exoclick.com\/de\/uber-uns\/","name":"\u00dcber uns - ExoClick","isPartOf":{"@id":"https:\/\/www.exoclick.com\/#website"},"primaryImageOfPage":{"@id":"https:\/\/www.exoclick.com\/de\/uber-uns\/#primaryimage"},"datePublished":"2020-05-11T10:40:21+00:00","dateModified":"2026-02-11T11:24:54+00:00","description":"Das f\u00fchrende Werbenetzwerk im Unterhaltungssektor, das t\u00e4glich \u00fcber 13 Milliarden geozielte Anzeigen an Web- und Mobile-Werbetreibende sowie Publisher weltweit ausspielt.","breadcrumb":{"@id":"https:\/\/www.exoclick.com\/de\/uber-uns\/#breadcrumb"},"inLanguage":"de-DE","potentialAction":[{"@type":"ReadAction","target":["https:\/\/www.exoclick.com\/de\/uber-uns\/"]}]},{"@type":"BreadcrumbList","@id":"https:\/\/www.exoclick.com\/de\/uber-uns\/#breadcrumb","itemListElement":[{"@type":"ListItem","position":1,"name":"Home","item":"https:\/\/www.exoclick.com\/de\/"},{"@type":"ListItem","position":2,"name":"\u00dcber uns"}]}]}},"_links":{"self":[{"href":"https:\/\/www.exoclick.com\/de\/wp-json\/wp\/v2\/pages\/77995"}],"collection":[{"href":"https:\/\/www.exoclick.com\/de\/wp-json\/wp\/v2\/pages"}],"about":[{"href":"https:\/\/www.exoclick.com\/de\/wp-json\/wp\/v2\/types\/page"}],"author":[{"embeddable":true,"href":"https:\/\/www.exoclick.com\/de\/wp-json\/wp\/v2\/users\/1234"}],"replies":[{"embeddable":true,"href":"https:\/\/www.exoclick.com\/de\/wp-json\/wp\/v2\/comments?post=77995"}],"version-history":[{"count":23,"href":"https:\/\/www.exoclick.com\/de\/wp-json\/wp\/v2\/pages\/77995\/revisions"}],"predecessor-version":[{"id":108816,"href":"https:\/\/www.exoclick.com\/de\/wp-json\/wp\/v2\/pages\/77995\/revisions\/108816"}],"wp:featuredmedia":[{"embeddable":true,"href":"https:\/\/www.exoclick.com\/de\/wp-json\/wp\/v2\/media\/96950"}],"wp:attachment":[{"href":"https:\/\/www.exoclick.com\/de\/wp-json\/wp\/v2\/media?parent=77995"}],"curies":[{"name":"wp","href":"https:\/\/api.w.org\/{rel}","templated":true}]}}