{"id":3646,"date":"2015-04-29T10:51:22","date_gmt":"2015-04-29T08:51:22","guid":{"rendered":"https:\/\/www.exoclick.com\/?page_id=3646"},"modified":"2015-05-13T11:53:29","modified_gmt":"2015-05-13T09:53:29","slug":"uber-uns-3","status":"publish","type":"page","link":"https:\/\/www.exoclick.com\/de\/uber-uns-3\/","title":{"rendered":"\u00dcber uns"},"content":{"rendered":"<p>ExoClick, ein in Barcelona angesiedeltes und 2006 gegr\u00fcndetes Unternehmen, hat sich zu einem der gr\u00f6\u00dften Ad Netzwerke weltweit entwickelt. Mit Hilfe von <a href=\"https:\/\/www.exads.com\/\" target=\"_blank\">EXADS\u2122<\/a> Technology k\u00f6nnen monatlich mehr als <strong>125 Billionen<\/strong> geo-targetierte Anzeigenaufrufe ausgestrahlt werden. ExoClick bietet seinen online Werbeanzeigen-Service sowohl f\u00fcr Advertiser als auch Publisher weltweit an; das gilt sowohl f\u00fcr mobile Ger\u00e4te als auch Desktop Computer.<\/p>\n<hr \/>\n<h2>Geschichte<\/h2>\n<h2><img loading=\"lazy\" class=\"alignnone wp-image-3361 size-full\" src=\"https:\/\/www.exoclick.com\/wp-content\/uploads\/2014\/02\/Milestones_24-Feb-2015_fix.jpg\" alt=\"Milestones_24 Feb 2015_fix\" width=\"960\" height=\"238\" srcset=\"https:\/\/www.exoclick.com\/wp-content\/uploads\/2014\/02\/Milestones_24-Feb-2015_fix.jpg 960w, https:\/\/www.exoclick.com\/wp-content\/uploads\/2014\/02\/Milestones_24-Feb-2015_fix-300x74.jpg 300w, https:\/\/www.exoclick.com\/wp-content\/uploads\/2014\/02\/Milestones_24-Feb-2015_fix-720x179.jpg 720w, https:\/\/www.exoclick.com\/wp-content\/uploads\/2014\/02\/Milestones_24-Feb-2015_fix-530x131.jpg 530w, https:\/\/www.exoclick.com\/wp-content\/uploads\/2014\/02\/Milestones_24-Feb-2015_fix-320x79.jpg 320w, https:\/\/www.exoclick.com\/wp-content\/uploads\/2014\/02\/Milestones_24-Feb-2015_fix-820x203.jpg 820w\" sizes=\"(max-width: 960px) 100vw, 960px\" \/><\/h2>\n<hr \/>\n<h2>Hauptsitzt<\/h2>\n<p>ExoClick SL,\u00a0Marina 16-18,\u00a008005 Barcelona,\u00a0Spain<\/p>\n<p>VAT ES B-64355506<\/p>\n<p><iframe loading=\"lazy\" src=\"https:\/\/maps.google.com\/maps?q=ExoClick+S.L.,+Barcelona,+Spain&amp;hl=en&amp;sll=41.39479,2.148768&amp;sspn=0.232053,0.528374&amp;oq=exoclick&amp;t=h&amp;hq=exoclick+sl&amp;hnear=Barcelona,+Catalonia,+Spain&amp;ie=UTF8&amp;ll=41.395033,2.202587&amp;spn=0.025755,0.055704&amp;z=14&amp;iwloc=A&amp;output=embed\" width=\"960\" height=\"400\" frameborder=\"0\" marginwidth=\"0\" marginheight=\"0\" scrolling=\"no\"><\/iframe> <small><a href=\"https:\/\/maps.google.com\/maps?q=ExoClick+S.L.,+Barcelona,+Spain&amp;hl=en&amp;sll=41.39479,2.148768&amp;sspn=0.232053,0.528374&amp;oq=exoclick&amp;t=h&amp;hq=exoclick+sl&amp;hnear=Barcelona,+Catalonia,+Spain&amp;ie=UTF8&amp;ll=41.395033,2.202587&amp;spn=0.025755,0.055704&amp;z=14&amp;iwloc=A&amp;source=embed\">View Larger Map<\/a><\/small> \u00a0 <a href=\"https:\/\/www.exoclick.com\/wp-content\/uploads\/2014\/02\/exoclick-mediakit_updated-1-July-2014.pdf\">\u00a0<\/a><\/p>\n","protected":false},"excerpt":{"rendered":"<p>ExoClick, ein in Barcelona angesiedeltes und 2006 gegr\u00fcndetes Unternehmen, hat sich zu einem der gr\u00f6\u00dften Ad Netzwerke weltweit entwickelt. Mit Hilfe von EXADS\u2122 Technology k\u00f6nnen monatlich mehr als 125 Billionen geo-targetierte Anzeigenaufrufe ausgestrahlt werden. ExoClick bietet seinen online Werbeanzeigen-Service sowohl f\u00fcr Advertiser als auch Publisher weltweit an; das gilt sowohl f\u00fcr mobile Ger\u00e4te als auch [&hellip;]<\/p>\n","protected":false},"author":5,"featured_media":3361,"parent":0,"menu_order":0,"comment_status":"open","ping_status":"open","template":"page-advertisers.php","meta":[],"yoast_head":"<!-- This site is optimized with the Yoast SEO Premium plugin v19.4 (Yoast SEO v19.9) - https:\/\/yoast.com\/wordpress\/plugins\/seo\/ -->\n<title>\u00dcber uns - ExoClick<\/title>\n<meta name=\"robots\" content=\"index, follow, max-snippet:-1, max-image-preview:large, max-video-preview:-1\" \/>\n<link rel=\"canonical\" href=\"https:\/\/www.exoclick.com\/de\/uber-uns-3\/\" \/>\n<meta property=\"og:locale\" content=\"de_DE\" \/>\n<meta property=\"og:type\" content=\"article\" \/>\n<meta property=\"og:title\" content=\"\u00dcber uns\" \/>\n<meta property=\"og:description\" content=\"ExoClick, ein in Barcelona angesiedeltes und 2006 gegr\u00fcndetes Unternehmen, hat sich zu einem der gr\u00f6\u00dften Ad Netzwerke weltweit entwickelt. Mit Hilfe von EXADS\u2122 Technology k\u00f6nnen monatlich mehr als 125 Billionen geo-targetierte Anzeigenaufrufe ausgestrahlt werden. ExoClick bietet seinen online Werbeanzeigen-Service sowohl f\u00fcr Advertiser als auch Publisher weltweit an; das gilt sowohl f\u00fcr mobile Ger\u00e4te als auch [&hellip;]\" \/>\n<meta property=\"og:url\" content=\"https:\/\/www.exoclick.com\/de\/uber-uns-3\/\" \/>\n<meta property=\"og:site_name\" content=\"ExoClick\" \/>\n<meta property=\"article:modified_time\" content=\"2015-05-13T09:53:29+00:00\" \/>\n<meta property=\"og:image\" content=\"https:\/\/www.exoclick.com\/wp-content\/uploads\/2014\/02\/Milestones_24-Feb-2015_fix.jpg\" \/>\n\t<meta property=\"og:image:width\" content=\"960\" \/>\n\t<meta property=\"og:image:height\" content=\"238\" \/>\n\t<meta property=\"og:image:type\" content=\"image\/jpeg\" \/>\n<script type=\"application\/ld+json\" class=\"yoast-schema-graph\">{\"@context\":\"https:\/\/schema.org\",\"@graph\":[{\"@type\":\"WebPage\",\"@id\":\"https:\/\/www.exoclick.com\/de\/uber-uns-3\/\",\"url\":\"https:\/\/www.exoclick.com\/de\/uber-uns-3\/\",\"name\":\"\u00dcber uns - ExoClick\",\"isPartOf\":{\"@id\":\"https:\/\/www.exoclick.com\/#website\"},\"datePublished\":\"2015-04-29T08:51:22+00:00\",\"dateModified\":\"2015-05-13T09:53:29+00:00\",\"breadcrumb\":{\"@id\":\"https:\/\/www.exoclick.com\/de\/uber-uns-3\/#breadcrumb\"},\"inLanguage\":\"de-DE\",\"potentialAction\":[{\"@type\":\"ReadAction\",\"target\":[\"https:\/\/www.exoclick.com\/de\/uber-uns-3\/\"]}]},{\"@type\":\"BreadcrumbList\",\"@id\":\"https:\/\/www.exoclick.com\/de\/uber-uns-3\/#breadcrumb\",\"itemListElement\":[{\"@type\":\"ListItem\",\"position\":1,\"name\":\"Home\",\"item\":\"https:\/\/www.exoclick.com\/de\/\"},{\"@type\":\"ListItem\",\"position\":2,\"name\":\"\u00dcber uns\"}]},{\"@type\":\"WebSite\",\"@id\":\"https:\/\/www.exoclick.com\/#website\",\"url\":\"https:\/\/www.exoclick.com\/\",\"name\":\"ExoClick\",\"description\":\"The innovative ad network\",\"publisher\":{\"@id\":\"https:\/\/www.exoclick.com\/#organization\"},\"potentialAction\":[{\"@type\":\"SearchAction\",\"target\":{\"@type\":\"EntryPoint\",\"urlTemplate\":\"https:\/\/www.exoclick.com\/?s={search_term_string}\"},\"query-input\":\"required name=search_term_string\"}],\"inLanguage\":\"de-DE\"},{\"@type\":\"Organization\",\"@id\":\"https:\/\/www.exoclick.com\/#organization\",\"name\":\"ExoClick\",\"url\":\"https:\/\/www.exoclick.com\/\",\"logo\":{\"@type\":\"ImageObject\",\"inLanguage\":\"de-DE\",\"@id\":\"https:\/\/www.exoclick.com\/#\/schema\/logo\/image\/\",\"url\":\"https:\/\/www.exoclick.com\/wp-content\/uploads\/2015\/04\/exoclick_new_baseline.png\",\"contentUrl\":\"https:\/\/www.exoclick.com\/wp-content\/uploads\/2015\/04\/exoclick_new_baseline.png\",\"width\":1500,\"height\":613,\"caption\":\"ExoClick\"},\"image\":{\"@id\":\"https:\/\/www.exoclick.com\/#\/schema\/logo\/image\/\"}}]}<\/script>\n<!-- \/ Yoast SEO Premium plugin. -->","yoast_head_json":{"title":"\u00dcber uns - ExoClick","robots":{"index":"index","follow":"follow","max-snippet":"max-snippet:-1","max-image-preview":"max-image-preview:large","max-video-preview":"max-video-preview:-1"},"canonical":"https:\/\/www.exoclick.com\/de\/uber-uns-3\/","og_locale":"de_DE","og_type":"article","og_title":"\u00dcber uns","og_description":"ExoClick, ein in Barcelona angesiedeltes und 2006 gegr\u00fcndetes Unternehmen, hat sich zu einem der gr\u00f6\u00dften Ad Netzwerke weltweit entwickelt. Mit Hilfe von EXADS\u2122 Technology k\u00f6nnen monatlich mehr als 125 Billionen geo-targetierte Anzeigenaufrufe ausgestrahlt werden. ExoClick bietet seinen online Werbeanzeigen-Service sowohl f\u00fcr Advertiser als auch Publisher weltweit an; das gilt sowohl f\u00fcr mobile Ger\u00e4te als auch [&hellip;]","og_url":"https:\/\/www.exoclick.com\/de\/uber-uns-3\/","og_site_name":"ExoClick","article_modified_time":"2015-05-13T09:53:29+00:00","og_image":[{"width":960,"height":238,"url":"https:\/\/www.exoclick.com\/wp-content\/uploads\/2014\/02\/Milestones_24-Feb-2015_fix.jpg","type":"image\/jpeg"}],"schema":{"@context":"https:\/\/schema.org","@graph":[{"@type":"WebPage","@id":"https:\/\/www.exoclick.com\/de\/uber-uns-3\/","url":"https:\/\/www.exoclick.com\/de\/uber-uns-3\/","name":"\u00dcber uns - ExoClick","isPartOf":{"@id":"https:\/\/www.exoclick.com\/#website"},"datePublished":"2015-04-29T08:51:22+00:00","dateModified":"2015-05-13T09:53:29+00:00","breadcrumb":{"@id":"https:\/\/www.exoclick.com\/de\/uber-uns-3\/#breadcrumb"},"inLanguage":"de-DE","potentialAction":[{"@type":"ReadAction","target":["https:\/\/www.exoclick.com\/de\/uber-uns-3\/"]}]},{"@type":"BreadcrumbList","@id":"https:\/\/www.exoclick.com\/de\/uber-uns-3\/#breadcrumb","itemListElement":[{"@type":"ListItem","position":1,"name":"Home","item":"https:\/\/www.exoclick.com\/de\/"},{"@type":"ListItem","position":2,"name":"\u00dcber uns"}]},{"@type":"WebSite","@id":"https:\/\/www.exoclick.com\/#website","url":"https:\/\/www.exoclick.com\/","name":"ExoClick","description":"The innovative ad network","publisher":{"@id":"https:\/\/www.exoclick.com\/#organization"},"potentialAction":[{"@type":"SearchAction","target":{"@type":"EntryPoint","urlTemplate":"https:\/\/www.exoclick.com\/?s={search_term_string}"},"query-input":"required name=search_term_string"}],"inLanguage":"de-DE"},{"@type":"Organization","@id":"https:\/\/www.exoclick.com\/#organization","name":"ExoClick","url":"https:\/\/www.exoclick.com\/","logo":{"@type":"ImageObject","inLanguage":"de-DE","@id":"https:\/\/www.exoclick.com\/#\/schema\/logo\/image\/","url":"https:\/\/www.exoclick.com\/wp-content\/uploads\/2015\/04\/exoclick_new_baseline.png","contentUrl":"https:\/\/www.exoclick.com\/wp-content\/uploads\/2015\/04\/exoclick_new_baseline.png","width":1500,"height":613,"caption":"ExoClick"},"image":{"@id":"https:\/\/www.exoclick.com\/#\/schema\/logo\/image\/"}}]}},"_links":{"self":[{"href":"https:\/\/www.exoclick.com\/de\/wp-json\/wp\/v2\/pages\/3646"}],"collection":[{"href":"https:\/\/www.exoclick.com\/de\/wp-json\/wp\/v2\/pages"}],"about":[{"href":"https:\/\/www.exoclick.com\/de\/wp-json\/wp\/v2\/types\/page"}],"author":[{"embeddable":true,"href":"https:\/\/www.exoclick.com\/de\/wp-json\/wp\/v2\/users\/5"}],"replies":[{"embeddable":true,"href":"https:\/\/www.exoclick.com\/de\/wp-json\/wp\/v2\/comments?post=3646"}],"version-history":[{"count":8,"href":"https:\/\/www.exoclick.com\/de\/wp-json\/wp\/v2\/pages\/3646\/revisions"}],"predecessor-version":[{"id":5088,"href":"https:\/\/www.exoclick.com\/de\/wp-json\/wp\/v2\/pages\/3646\/revisions\/5088"}],"wp:featuredmedia":[{"embeddable":true,"href":"https:\/\/www.exoclick.com\/de\/wp-json\/wp\/v2\/media\/3361"}],"wp:attachment":[{"href":"https:\/\/www.exoclick.com\/de\/wp-json\/wp\/v2\/media?parent=3646"}],"curies":[{"name":"wp","href":"https:\/\/api.w.org\/{rel}","templated":true}]}}