{"id":35480,"date":"2019-09-02T17:14:13","date_gmt":"2019-09-02T15:14:13","guid":{"rendered":"https:\/\/www.exoclick.com\/?page_id=35480"},"modified":"2024-02-05T16:02:47","modified_gmt":"2024-02-05T15:02:47","slug":"automation-tools","status":"publish","type":"page","link":"https:\/\/www.exoclick.com\/de\/werbetreibende\/automation-tools\/","title":{"rendered":"Automation Tools"},"content":{"rendered":"","protected":false},"excerpt":{"rendered":"","protected":false},"author":1234,"featured_media":0,"parent":3000,"menu_order":0,"comment_status":"open","ping_status":"open","template":"page-tools.php","meta":[],"yoast_head":"<!-- This site is optimized with the Yoast SEO Premium plugin v19.4 (Yoast SEO v18.0) - https:\/\/yoast.com\/wordpress\/plugins\/seo\/ -->\n<meta name=\"description\" content=\"ExoClick verf\u00fcgt \u00fcber eine breite Palette von Automatisierungstools f\u00fcr automatische Gebote und Algorithmen zur Verwaltung des Datenverkehrs f\u00fcr Ihre Werbekreativit\u00e4ten und Landing Pages.\" \/>\n<meta name=\"robots\" content=\"index, follow, max-snippet:-1, max-image-preview:large, max-video-preview:-1\" \/>\n<link rel=\"canonical\" href=\"https:\/\/www.exoclick.com\/de\/werbetreibende\/automation-tools\/\" \/>\n<meta property=\"og:locale\" content=\"de_DE\" \/>\n<meta property=\"og:type\" content=\"article\" \/>\n<meta property=\"og:title\" content=\"Automation Tools - ExoClick\" \/>\n<meta property=\"og:description\" content=\"ExoClick verf\u00fcgt \u00fcber eine breite Palette von Automatisierungstools f\u00fcr automatische Gebote und Algorithmen zur Verwaltung des Datenverkehrs f\u00fcr Ihre Werbekreativit\u00e4ten und Landing Pages.\" \/>\n<meta property=\"og:url\" content=\"https:\/\/www.exoclick.com\/de\/werbetreibende\/automation-tools\/\" \/>\n<meta property=\"og:site_name\" content=\"ExoClick\" \/>\n<meta property=\"article:modified_time\" content=\"2024-02-05T15:02:47+00:00\" \/>\n<meta property=\"og:image\" content=\"https:\/\/www.exoclick.com\/wp-content\/uploads\/2018\/09\/ExoClick-1200x600.png\" \/>\n<script type=\"application\/ld+json\" class=\"yoast-schema-graph\">{\"@context\":\"https:\/\/schema.org\",\"@graph\":[{\"@type\":\"Organization\",\"@id\":\"https:\/\/www.exoclick.com\/#organization\",\"name\":\"ExoClick\",\"url\":\"https:\/\/www.exoclick.com\/\",\"sameAs\":[],\"logo\":{\"@type\":\"ImageObject\",\"@id\":\"https:\/\/www.exoclick.com\/#logo\",\"inLanguage\":\"de-DE\",\"url\":\"https:\/\/www.exoclick.com\/wp-content\/uploads\/2015\/04\/exoclick_new_baseline.png\",\"contentUrl\":\"https:\/\/www.exoclick.com\/wp-content\/uploads\/2015\/04\/exoclick_new_baseline.png\",\"width\":1500,\"height\":613,\"caption\":\"ExoClick\"},\"image\":{\"@id\":\"https:\/\/www.exoclick.com\/#logo\"}},{\"@type\":\"WebSite\",\"@id\":\"https:\/\/www.exoclick.com\/#website\",\"url\":\"https:\/\/www.exoclick.com\/\",\"name\":\"ExoClick\",\"description\":\"The innovative ad network\",\"publisher\":{\"@id\":\"https:\/\/www.exoclick.com\/#organization\"},\"potentialAction\":[{\"@type\":\"SearchAction\",\"target\":{\"@type\":\"EntryPoint\",\"urlTemplate\":\"https:\/\/www.exoclick.com\/?s={search_term_string}\"},\"query-input\":\"required name=search_term_string\"}],\"inLanguage\":\"de-DE\"},{\"@type\":\"WebPage\",\"@id\":\"https:\/\/www.exoclick.com\/de\/werbetreibende\/automation-tools\/#webpage\",\"url\":\"https:\/\/www.exoclick.com\/de\/werbetreibende\/automation-tools\/\",\"name\":\"Automation Tools - ExoClick\",\"isPartOf\":{\"@id\":\"https:\/\/www.exoclick.com\/#website\"},\"datePublished\":\"2019-09-02T15:14:13+00:00\",\"dateModified\":\"2024-02-05T15:02:47+00:00\",\"description\":\"ExoClick verf\u00fcgt \u00fcber eine breite Palette von Automatisierungstools f\u00fcr automatische Gebote und Algorithmen zur Verwaltung des Datenverkehrs f\u00fcr Ihre Werbekreativit\u00e4ten und Landing Pages.\",\"breadcrumb\":{\"@id\":\"https:\/\/www.exoclick.com\/de\/werbetreibende\/automation-tools\/#breadcrumb\"},\"inLanguage\":\"de-DE\",\"potentialAction\":[{\"@type\":\"ReadAction\",\"target\":[\"https:\/\/www.exoclick.com\/de\/werbetreibende\/automation-tools\/\"]}]},{\"@type\":\"BreadcrumbList\",\"@id\":\"https:\/\/www.exoclick.com\/de\/werbetreibende\/automation-tools\/#breadcrumb\",\"itemListElement\":[{\"@type\":\"ListItem\",\"position\":1,\"name\":\"Home\",\"item\":\"https:\/\/www.exoclick.com\/de\/\"},{\"@type\":\"ListItem\",\"position\":2,\"name\":\"Werbetreibende\",\"item\":\"https:\/\/www.exoclick.com\/de\/werbetreibende\/\"},{\"@type\":\"ListItem\",\"position\":3,\"name\":\"Automation Tools\"}]}]}<\/script>\n<!-- \/ Yoast SEO Premium plugin. -->","yoast_head_json":{"description":"ExoClick verf\u00fcgt \u00fcber eine breite Palette von Automatisierungstools f\u00fcr automatische Gebote und Algorithmen zur Verwaltung des Datenverkehrs f\u00fcr Ihre Werbekreativit\u00e4ten und Landing Pages.","robots":{"index":"index","follow":"follow","max-snippet":"max-snippet:-1","max-image-preview":"max-image-preview:large","max-video-preview":"max-video-preview:-1"},"canonical":"https:\/\/www.exoclick.com\/de\/werbetreibende\/automation-tools\/","og_locale":"de_DE","og_type":"article","og_title":"Automation Tools - ExoClick","og_description":"ExoClick verf\u00fcgt \u00fcber eine breite Palette von Automatisierungstools f\u00fcr automatische Gebote und Algorithmen zur Verwaltung des Datenverkehrs f\u00fcr Ihre Werbekreativit\u00e4ten und Landing Pages.","og_url":"https:\/\/www.exoclick.com\/de\/werbetreibende\/automation-tools\/","og_site_name":"ExoClick","article_modified_time":"2024-02-05T15:02:47+00:00","og_image":[{"url":"https:\/\/www.exoclick.com\/wp-content\/uploads\/2018\/09\/ExoClick-1200x600.png"}],"schema":{"@context":"https:\/\/schema.org","@graph":[{"@type":"Organization","@id":"https:\/\/www.exoclick.com\/#organization","name":"ExoClick","url":"https:\/\/www.exoclick.com\/","sameAs":[],"logo":{"@type":"ImageObject","@id":"https:\/\/www.exoclick.com\/#logo","inLanguage":"de-DE","url":"https:\/\/www.exoclick.com\/wp-content\/uploads\/2015\/04\/exoclick_new_baseline.png","contentUrl":"https:\/\/www.exoclick.com\/wp-content\/uploads\/2015\/04\/exoclick_new_baseline.png","width":1500,"height":613,"caption":"ExoClick"},"image":{"@id":"https:\/\/www.exoclick.com\/#logo"}},{"@type":"WebSite","@id":"https:\/\/www.exoclick.com\/#website","url":"https:\/\/www.exoclick.com\/","name":"ExoClick","description":"The innovative ad network","publisher":{"@id":"https:\/\/www.exoclick.com\/#organization"},"potentialAction":[{"@type":"SearchAction","target":{"@type":"EntryPoint","urlTemplate":"https:\/\/www.exoclick.com\/?s={search_term_string}"},"query-input":"required name=search_term_string"}],"inLanguage":"de-DE"},{"@type":"WebPage","@id":"https:\/\/www.exoclick.com\/de\/werbetreibende\/automation-tools\/#webpage","url":"https:\/\/www.exoclick.com\/de\/werbetreibende\/automation-tools\/","name":"Automation Tools - ExoClick","isPartOf":{"@id":"https:\/\/www.exoclick.com\/#website"},"datePublished":"2019-09-02T15:14:13+00:00","dateModified":"2024-02-05T15:02:47+00:00","description":"ExoClick verf\u00fcgt \u00fcber eine breite Palette von Automatisierungstools f\u00fcr automatische Gebote und Algorithmen zur Verwaltung des Datenverkehrs f\u00fcr Ihre Werbekreativit\u00e4ten und Landing Pages.","breadcrumb":{"@id":"https:\/\/www.exoclick.com\/de\/werbetreibende\/automation-tools\/#breadcrumb"},"inLanguage":"de-DE","potentialAction":[{"@type":"ReadAction","target":["https:\/\/www.exoclick.com\/de\/werbetreibende\/automation-tools\/"]}]},{"@type":"BreadcrumbList","@id":"https:\/\/www.exoclick.com\/de\/werbetreibende\/automation-tools\/#breadcrumb","itemListElement":[{"@type":"ListItem","position":1,"name":"Home","item":"https:\/\/www.exoclick.com\/de\/"},{"@type":"ListItem","position":2,"name":"Werbetreibende","item":"https:\/\/www.exoclick.com\/de\/werbetreibende\/"},{"@type":"ListItem","position":3,"name":"Automation Tools"}]}]}},"_links":{"self":[{"href":"https:\/\/www.exoclick.com\/de\/wp-json\/wp\/v2\/pages\/35480"}],"collection":[{"href":"https:\/\/www.exoclick.com\/de\/wp-json\/wp\/v2\/pages"}],"about":[{"href":"https:\/\/www.exoclick.com\/de\/wp-json\/wp\/v2\/types\/page"}],"author":[{"embeddable":true,"href":"https:\/\/www.exoclick.com\/de\/wp-json\/wp\/v2\/users\/1234"}],"replies":[{"embeddable":true,"href":"https:\/\/www.exoclick.com\/de\/wp-json\/wp\/v2\/comments?post=35480"}],"version-history":[{"count":10,"href":"https:\/\/www.exoclick.com\/de\/wp-json\/wp\/v2\/pages\/35480\/revisions"}],"predecessor-version":[{"id":85489,"href":"https:\/\/www.exoclick.com\/de\/wp-json\/wp\/v2\/pages\/35480\/revisions\/85489"}],"up":[{"embeddable":true,"href":"https:\/\/www.exoclick.com\/de\/wp-json\/wp\/v2\/pages\/3000"}],"wp:attachment":[{"href":"https:\/\/www.exoclick.com\/de\/wp-json\/wp\/v2\/media?parent=35480"}],"curies":[{"name":"wp","href":"https:\/\/api.w.org\/{rel}","templated":true}]}}